{"id":17,"date":"2015-12-07T15:39:28","date_gmt":"2015-12-07T14:39:28","guid":{"rendered":"http:\/\/stagehands.biz\/?page_id=17"},"modified":"2021-11-18T16:44:02","modified_gmt":"2021-11-18T15:44:02","slug":"service","status":"publish","type":"page","link":"https:\/\/stagehands.net\/de\/service\/","title":{"rendered":"Service"},"content":{"rendered":"\n<style type=\"text\/css\" data-created_by=\"avia_inline_auto\" id=\"style-css-av-cfj4h-f1667cf40c374317ff373205b558ccc4\">\n.avia-section.av-cfj4h-f1667cf40c374317ff373205b558ccc4 .av-parallax .av-parallax-inner{\nbackground-repeat:no-repeat;\nbackground-image:url(https:\/\/stagehands.net\/wp-content\/uploads\/2015\/12\/bg-service-e1520418497195.jpg);\nbackground-position:50% 50%;\nbackground-attachment:scroll;\n}\n<\/style>\n<div id='service-main'  class='avia-section av-cfj4h-f1667cf40c374317ff373205b558ccc4 alternate_color avia-section-huge avia-no-border-styling  avia-builder-el-0  el_before_av_section  avia-builder-el-first  av-parallax-section avia-bg-style-parallax container_wrap fullsize'  data-section-bg-repeat='no-repeat'><div class='av-parallax' data-avia-parallax-ratio='0.3' ><div class='av-parallax-inner alternate_color avia-full-stretch'><\/div><\/div><div class='container av-section-cont-open' ><main  role=\"main\" itemprop=\"mainContentOfPage\"  class='template-page content  av-content-full alpha units'><div class='post-entry post-entry-type-page post-entry-17'><div class='entry-content-wrapper clearfix'>\n\n<style type=\"text\/css\" data-created_by=\"avia_inline_auto\" id=\"style-css-av-bucp9-6ca3ed202530618c5f915dc9ff7e7bf3\">\n.flex_column.av-bucp9-6ca3ed202530618c5f915dc9ff7e7bf3{\nborder-radius:0px 0px 0px 0px;\npadding:0px 0px 0px 0px;\n}\n<\/style>\n<div  class='flex_column av-bucp9-6ca3ed202530618c5f915dc9ff7e7bf3 av_one_full  avia-builder-el-1  avia-builder-el-no-sibling  first flex_column_div av-animated-generic bottom-to-top av-zero-column-padding  '     ><section  class='av_textblock_section av-b00vp-4f208e4efd74067b15bf3cace6cdda4d '   itemscope=\"itemscope\" itemtype=\"https:\/\/schema.org\/CreativeWork\" ><div class='avia_textblock'  itemprop=\"text\" ><h1 style=\"text-align: center;\">Stagehands <b>Service &#8211; Weltweit<\/b><\/h1>\n<p style=\"text-align: center;\"><b>Eventcrews<\/b> f\u00fcr jede Veranstaltungsart &#8211; <b>International!<\/b><\/p>\n<\/div><\/section><\/div>\n\n<\/div><\/div><\/main><!-- close content main element --><\/div><\/div><div id='av_section_2'  class='avia-section av-aad1d-0bfd0e3b142691469b1349434991712b alternate_color avia-section-large avia-no-border-styling  avia-builder-el-3  el_after_av_section  el_before_av_section  avia-bg-style-scroll container_wrap fullsize'  ><div class='container av-section-cont-open' ><div class='template-page content  av-content-full alpha units'><div class='post-entry post-entry-type-page post-entry-17'><div class='entry-content-wrapper clearfix'>\n<section  class='av_textblock_section av-9ss61-b8e63c8f8dfc0e589cd2352351cd6684 '   itemscope=\"itemscope\" itemtype=\"https:\/\/schema.org\/CreativeWork\" ><div class='avia_textblock'  itemprop=\"text\" ><h2 style=\"text-align: center;\">Ihre lokale Crew &#8211; <b>qualifiziert &amp; professionell<\/b><\/h2>\n<\/div><\/section>\n\n<\/div><\/div><\/div><!-- close content main div --><\/div><\/div><div id='service-content'  class='avia-section av-967wd-74c8240685def52d05046bdbc005057e main_color avia-section-large avia-no-border-styling  avia-builder-el-5  el_after_av_section  el_before_av_section  avia-bg-style-scroll container_wrap fullsize'  ><div class='container av-section-cont-open' ><div class='template-page content  av-content-full alpha units'><div class='post-entry post-entry-type-page post-entry-17'><div class='entry-content-wrapper clearfix'>\n\n<style type=\"text\/css\" data-created_by=\"avia_inline_auto\" id=\"style-css-av-8w1xd-e685173298094d2686ceae1ec6ff7ebb\">\n.flex_column.av-8w1xd-e685173298094d2686ceae1ec6ff7ebb{\nborder-radius:0px 0px 0px 0px;\npadding:35px 35px 35px 35px;\nbackground-color:#000000;\n}\n<\/style>\n<div  class='flex_column av-8w1xd-e685173298094d2686ceae1ec6ff7ebb av_one_half  avia-builder-el-6  el_before_av_one_half  avia-builder-el-first  first flex_column_div  '     ><p>\n<style type=\"text\/css\" data-created_by=\"avia_inline_auto\" id=\"style-css-av-8025h-ffec6f97f88e870fc35982d935c58089\">\n.avia-image-container.av-8025h-ffec6f97f88e870fc35982d935c58089 img.avia_image{\nbox-shadow:none;\n}\n.avia-image-container.av-8025h-ffec6f97f88e870fc35982d935c58089 .av-image-caption-overlay-center{\ncolor:#ffffff;\n}\n<\/style>\n<div  class='avia-image-container av-8025h-ffec6f97f88e870fc35982d935c58089 av-styling-no-styling avia-align-center  avia-builder-el-7  el_before_av_hr  avia-builder-el-first '   itemprop=\"image\" itemscope=\"itemscope\" itemtype=\"https:\/\/schema.org\/ImageObject\" ><div class=\"avia-image-container-inner\"><div class=\"avia-image-overlay-wrap\"><img decoding=\"async\" fetchpriority=\"high\" class='wp-image-5185 avia-img-lazy-loading-not-5185 avia_image ' src=\"https:\/\/stagehands.net\/wp-content\/uploads\/2020\/09\/22-years-with-logo.png\" alt='Stagehands' title='Stagehands'  height=\"290\" width=\"510\"  itemprop=\"thumbnailUrl\" srcset=\"https:\/\/stagehands.net\/wp-content\/uploads\/2020\/09\/22-years-with-logo.png 510w, https:\/\/stagehands.net\/wp-content\/uploads\/2020\/09\/22-years-with-logo-300x171.png 300w\" sizes=\"(max-width: 510px) 100vw, 510px\" \/><\/div><\/div><\/div><br \/>\n\n<style type=\"text\/css\" data-created_by=\"avia_inline_auto\" id=\"style-css-av-7bkld-e816081f576f30b72ee7c64afa787b2c\">\n#top .hr.hr-invisible.av-7bkld-e816081f576f30b72ee7c64afa787b2c{\nheight:35px;\n}\n<\/style>\n<div  class='hr av-7bkld-e816081f576f30b72ee7c64afa787b2c hr-invisible  avia-builder-el-8  el_after_av_image  el_before_av_textblock '><span class='hr-inner '><span class=\"hr-inner-style\"><\/span><\/span><\/div><br \/>\n<section  class='av_textblock_section av-6mn51-aff4f46df64198515e7178b722c5e74b '   itemscope=\"itemscope\" itemtype=\"https:\/\/schema.org\/CreativeWork\" ><div class='avia_textblock'  itemprop=\"text\" ><div class=\"worker-list\">\n<ul>\n<li>STAGEHANDS<\/li>\n<li>MESSEASSISTENZ, MESSEBAU<\/li>\n<li>LICHTTECHNIK<\/li>\n<li>TONTECHNIK<\/li>\n<li>VERANSTALTUNGSTECHNIK<\/li>\n<li>VIDEOTECHNIK, KAMERAM\u00c4NNER &amp; -FRAUEN<\/li>\n<li>GABELSTAPLERFAHRER\/INNEN<\/li>\n<li>STEIGERFAHRER\/INNEN [IPAF PAL-CARD]<\/li>\n<li>DEKOASSISTENZ, DEKOBAU<\/li>\n<li>SCAFFER &amp; GER\u00dcSTBAUER\/INNEN<\/li>\n<li>RIGGER\/INNEN [NACH SQQ2 &#8211; LEVEL 1-3]<\/li>\n<li>HOSTS, HOSTESSEN, PROMOTION<\/li>\n<\/ul>\n<\/div>\n<\/div><\/section><br \/>\n<div  class='avia-button-wrap av-nb21-d483e13becf48694dfbf61c574985a25-wrap avia-button-center  avia-builder-el-10  el_after_av_textblock  avia-builder-el-last '>\n<style type=\"text\/css\" data-created_by=\"avia_inline_auto\" id=\"style-css-av-nb21-d483e13becf48694dfbf61c574985a25\">\n#top #wrap_all .avia-button.av-nb21-d483e13becf48694dfbf61c574985a25{\nbackground-color:#235fa8;\nborder-color:#235fa8;\ncolor:#ffffff;\ntransition:all 0.4s ease-in-out;\n}\n#top #wrap_all .avia-button.av-nb21-d483e13becf48694dfbf61c574985a25 .avia-svg-icon svg:first-child{\nfill:#ffffff;\nstroke:#ffffff;\n}\n<\/style>\n<a href='https:\/\/stagehands.net\/de\/kontakt\/'  class='avia-button av-nb21-d483e13becf48694dfbf61c574985a25 av-link-btn avia-icon_select-no avia-size-large avia-position-center'   aria-label=\"ANGEBOT ANFORDERN\"><span class='avia_iconbox_title' >ANGEBOT ANFORDERN<\/span><\/a><\/div><\/p><\/div>\n<style type=\"text\/css\" data-created_by=\"avia_inline_auto\" id=\"style-css-av-5yao9-e3f465e38e2fcfc887b33704168c4ce5\">\n.flex_column.av-5yao9-e3f465e38e2fcfc887b33704168c4ce5{\nborder-radius:0px 0px 0px 0px;\npadding:0px 0px 0px 0px;\n}\n<\/style>\n<div  class='flex_column av-5yao9-e3f465e38e2fcfc887b33704168c4ce5 av_one_half  avia-builder-el-11  el_after_av_one_half  avia-builder-el-last  flex_column_div av-zero-column-padding  '     ><section  class='av_textblock_section av-5c7zx-7319e5530653c9cb63d6de93c5a1ba19 '   itemscope=\"itemscope\" itemtype=\"https:\/\/schema.org\/CreativeWork\" ><div class='avia_textblock'  itemprop=\"text\" ><h3>INTERNATIONALES NETZWERK<\/h3>\n<p>Immer und \u00fcberall \u2013 von Berlin bis Tokyo \u2013 wir buchen Ihnen lokale Eventcrews auf der ganzen Welt!<\/p>\n<h3>PERSONALSTELLUNG AUS EINER HAND<\/h3>\n<p>Wir \u00fcbernehmen f\u00fcr Sie das gesamte Personal-Booking, zugeschnitten auf Ihre Bed\u00fcrfnisse. Bei uns bekommen\u00a0Sie einen festen pers\u00f6nlichen Ansprechpartner!<\/p>\n<h3>ERREICHBARKEIT<\/h3>\n<p>Wir sind 24\/7 f\u00fcr Sie erreichbar. Angebotserstellungen erfolgen bei uns noch am selben Tag!<\/p>\n<h3>5 VOR 12<\/h3>\n<p>Sie ben\u00f6tigen spontan Personal? Kein Problem &#8211; auch kurzfristige Anfragen k\u00f6nnen wir bedienen!<\/p>\n<h3>GESCHULTES PERSONAL<\/h3>\n<p>Unsere Eventcrews sind f\u00fcr jeden Job entsprechend qualifiziert und geschult \u2013 neueste Technik sowie Arbeitssicherheit stehen f\u00fcr uns dabei im Vordergrund.<\/p>\n<h3>P\u00dcNKTLICHKEIT<\/h3>\n<p>Wir legen gro\u00dfen Wert darauf, dass unsere Crews rechtzeitig vor der Einsatzzeit am Einsatzort eintreffen.<\/p>\n<h3>EINHEITLICHES AUFTRETEN<\/h3>\n<p>Unsere Crews erscheinen in einheitlicher sowie funktionaler Einsatzkleidung. Auf besondere Kundenw\u00fcnsche gehen wir dabei gerne ein.<\/p>\n<\/div><\/section><\/div><\/div><\/div><\/div><!-- close content main div --><\/div><\/div><div id='av_section_4'  class='avia-section av-4fjrh-e3d8599bce54241b3ca3a4d70f396491 alternate_color avia-section-large avia-no-border-styling  avia-builder-el-13  el_after_av_section  el_before_av_masonry_gallery  avia-bg-style-scroll container_wrap fullsize'  ><div class='container av-section-cont-open' ><div class='template-page content  av-content-full alpha units'><div class='post-entry post-entry-type-page post-entry-17'><div class='entry-content-wrapper clearfix'>\n<section  class='av_textblock_section av-3py05-b1be9011934ff153d803cf71eacf8160 '   itemscope=\"itemscope\" itemtype=\"https:\/\/schema.org\/CreativeWork\" ><div class='avia_textblock'  itemprop=\"text\" ><h2 style=\"text-align: center;\">Stagehands @ <b>Work!<\/b><\/h2>\n<\/div><\/section>\n<\/p>\n<div id='av-masonry-1' class='av-masonry av-31ij1-f59c7bc8da1d0fb32da2ebec01426815 noHover av-fixed-size av-large-gap av-hover-overlay- av-masonry-animation-active av-masonry-col-3 av-caption-always av-caption-style- av-masonry-gallery ' data-post_id=\"17\"><div class=\"av-masonry-container isotope av-js-disabled\"><div class='av-masonry-entry isotope-item av-masonry-item-no-image '><\/div><a href=\"https:\/\/stagehands.net\/wp-content\/uploads\/2015\/12\/work-09.jpg\" data-srcset=\"https:\/\/stagehands.net\/wp-content\/uploads\/2015\/12\/work-09.jpg 704w, https:\/\/stagehands.net\/wp-content\/uploads\/2015\/12\/work-09-300x128.jpg 300w, https:\/\/stagehands.net\/wp-content\/uploads\/2015\/12\/work-09-450x192.jpg 450w\" data-sizes=\"(max-width: 704px) 100vw, 704px\"  aria-label=\"Bild B\u00fchnenaufbau\"  id='av-masonry-1-item-256' data-av-masonry-item='256' class='av-masonry-entry isotope-item post-256 attachment type-attachment status-inherit hentry  av-masonry-item-with-image' title=\"B\u00fchnenaufbau\" alt=\"B\u00fchnenaufbau\"    itemprop=\"thumbnailUrl\" ><div class='av-inner-masonry-sizer'><\/div><figure class='av-inner-masonry main_color'><div class=\"av-masonry-outerimage-container\"><div class='av-masonry-image-container' style=\"background-image: url(https:\/\/stagehands.net\/wp-content\/uploads\/2015\/12\/work-09.jpg);\"  title=\"B\u00fchnenaufbau\" ><\/div><\/div><\/figure><\/a><!--end av-masonry entry--><a href=\"https:\/\/stagehands.net\/wp-content\/uploads\/2015\/12\/work-08.jpg\" data-srcset=\"https:\/\/stagehands.net\/wp-content\/uploads\/2015\/12\/work-08.jpg 844w, https:\/\/stagehands.net\/wp-content\/uploads\/2015\/12\/work-08-300x213.jpg 300w, https:\/\/stagehands.net\/wp-content\/uploads\/2015\/12\/work-08-260x185.jpg 260w, https:\/\/stagehands.net\/wp-content\/uploads\/2015\/12\/work-08-705x500.jpg 705w, https:\/\/stagehands.net\/wp-content\/uploads\/2015\/12\/work-08-450x319.jpg 450w\" data-sizes=\"(max-width: 844px) 100vw, 844px\"  aria-label=\"Bild work-08\"  id='av-masonry-1-item-255' data-av-masonry-item='255' class='av-masonry-entry isotope-item post-255 attachment type-attachment status-inherit hentry  av-masonry-item-with-image' title=\"work-08\" alt=\"\"    itemprop=\"thumbnailUrl\" ><div class='av-inner-masonry-sizer'><\/div><figure class='av-inner-masonry main_color'><div class=\"av-masonry-outerimage-container\"><div class='av-masonry-image-container' style=\"background-image: url(https:\/\/stagehands.net\/wp-content\/uploads\/2015\/12\/work-08-705x500.jpg);\"  title=\"work-08\" ><\/div><\/div><\/figure><\/a><!--end av-masonry entry--><a href=\"https:\/\/stagehands.net\/wp-content\/uploads\/2015\/12\/work-06.jpg\" data-srcset=\"https:\/\/stagehands.net\/wp-content\/uploads\/2015\/12\/work-06.jpg 756w, https:\/\/stagehands.net\/wp-content\/uploads\/2015\/12\/work-06-300x231.jpg 300w, https:\/\/stagehands.net\/wp-content\/uploads\/2015\/12\/work-06-705x543.jpg 705w, https:\/\/stagehands.net\/wp-content\/uploads\/2015\/12\/work-06-450x346.jpg 450w\" data-sizes=\"(max-width: 756px) 100vw, 756px\"  aria-label=\"Bild Stagehands vor Gabelstapler\"  id='av-masonry-1-item-253' data-av-masonry-item='253' class='av-masonry-entry isotope-item post-253 attachment type-attachment status-inherit hentry  av-masonry-item-with-image' title=\"Stagehands vor Gabelstapler\" alt=\"Stagehands vor Gabelstapler\"    itemprop=\"thumbnailUrl\" ><div class='av-inner-masonry-sizer'><\/div><figure class='av-inner-masonry main_color'><div class=\"av-masonry-outerimage-container\"><div class='av-masonry-image-container' style=\"background-image: url(https:\/\/stagehands.net\/wp-content\/uploads\/2015\/12\/work-06-705x543.jpg);\"  title=\"Stagehands vor Gabelstapler\" ><\/div><\/div><\/figure><\/a><!--end av-masonry entry--><a href=\"https:\/\/stagehands.net\/wp-content\/uploads\/2015\/12\/work-05.jpg\" data-srcset=\"https:\/\/stagehands.net\/wp-content\/uploads\/2015\/12\/work-05.jpg 564w, https:\/\/stagehands.net\/wp-content\/uploads\/2015\/12\/work-05-236x300.jpg 236w, https:\/\/stagehands.net\/wp-content\/uploads\/2015\/12\/work-05-554x705.jpg 554w, https:\/\/stagehands.net\/wp-content\/uploads\/2015\/12\/work-05-450x573.jpg 450w\" data-sizes=\"(max-width: 564px) 100vw, 564px\"  aria-label=\"Bild work-05\"  id='av-masonry-1-item-252' data-av-masonry-item='252' class='av-masonry-entry isotope-item post-252 attachment type-attachment status-inherit hentry  av-masonry-item-with-image' title=\"work-05\" alt=\"\"    itemprop=\"thumbnailUrl\" ><div class='av-inner-masonry-sizer'><\/div><figure class='av-inner-masonry main_color'><div class=\"av-masonry-outerimage-container\"><div class='av-masonry-image-container' style=\"background-image: url(https:\/\/stagehands.net\/wp-content\/uploads\/2015\/12\/work-05-554x705.jpg);\"  title=\"work-05\" ><\/div><\/div><\/figure><\/a><!--end av-masonry entry--><a href=\"https:\/\/stagehands.net\/wp-content\/uploads\/2015\/12\/work-02-e1520420955702.jpg\"  aria-label=\"Bild work-02\"  id='av-masonry-1-item-249' data-av-masonry-item='249' class='av-masonry-entry isotope-item post-249 attachment type-attachment status-inherit hentry  av-masonry-item-with-image' title=\"work-02\" alt=\"\"    itemprop=\"thumbnailUrl\" ><div class='av-inner-masonry-sizer'><\/div><figure class='av-inner-masonry main_color'><div class=\"av-masonry-outerimage-container\"><div class='av-masonry-image-container' style=\"background-image: url(https:\/\/stagehands.net\/wp-content\/uploads\/2015\/12\/work-02-705x509.jpg);\"  title=\"work-02\" ><\/div><\/div><\/figure><\/a><!--end av-masonry entry--><a href=\"https:\/\/stagehands.net\/wp-content\/uploads\/2015\/12\/work-01.jpg\" data-srcset=\"https:\/\/stagehands.net\/wp-content\/uploads\/2015\/12\/work-01.jpg 940w, https:\/\/stagehands.net\/wp-content\/uploads\/2015\/12\/work-01-300x220.jpg 300w, https:\/\/stagehands.net\/wp-content\/uploads\/2015\/12\/work-01-705x517.jpg 705w, https:\/\/stagehands.net\/wp-content\/uploads\/2015\/12\/work-01-450x330.jpg 450w\" data-sizes=\"(max-width: 940px) 100vw, 940px\"  aria-label=\"Bild Auf- und Abbau im Stadion\"  id='av-masonry-1-item-248' data-av-masonry-item='248' class='av-masonry-entry isotope-item post-248 attachment type-attachment status-inherit hentry  av-masonry-item-with-image' title=\"Auf- und Abbau im Stadion\" alt=\"Auf- und Abbau im Stadion\"    itemprop=\"thumbnailUrl\" ><div class='av-inner-masonry-sizer'><\/div><figure class='av-inner-masonry main_color'><div class=\"av-masonry-outerimage-container\"><div class='av-masonry-image-container' style=\"background-image: url(https:\/\/stagehands.net\/wp-content\/uploads\/2015\/12\/work-01-705x517.jpg);\"  title=\"Auf- und Abbau im Stadion\" ><\/div><\/div><\/figure><\/a><!--end av-masonry entry--><\/div><\/div>\n\n<style type=\"text\/css\" data-created_by=\"avia_inline_auto\" id=\"style-css-av-2nuv1-1017abb41f80cf0951680722b7d93bae\">\n.avia-section.av-2nuv1-1017abb41f80cf0951680722b7d93bae .av-parallax .av-parallax-inner{\nbackground-color:#235fa8;\nbackground-image:url(https:\/\/stagehands.net\/wp-content\/uploads\/2015\/12\/angebot-bg3.png);\nbackground-repeat:no-repeat;\nbackground-position:50% 50%;\nbackground-attachment:scroll;\n}\n<\/style>\n<div id='angebot-box'  class='avia-section av-2nuv1-1017abb41f80cf0951680722b7d93bae alternate_color avia-section-huge avia-no-border-styling  avia-builder-el-16  el_after_av_masonry_gallery  avia-builder-el-last  av-parallax-section avia-bg-style-parallax container_wrap fullsize'  data-section-bg-repeat='no-repeat'><div class='av-parallax' data-avia-parallax-ratio='0.3' ><div class='av-parallax-inner alternate_color avia-full-stretch'><\/div><\/div><div class='container av-section-cont-open' ><div class='template-page content  av-content-full alpha units'><div class='post-entry post-entry-type-page post-entry-17'><div class='entry-content-wrapper clearfix'>\n\n<style type=\"text\/css\" data-created_by=\"avia_inline_auto\" id=\"style-css-av-1x47h-b819a043db7c06fb3c69fc4415033297\">\n.flex_column.av-1x47h-b819a043db7c06fb3c69fc4415033297{\nborder-radius:0px 0px 0px 0px;\npadding:0px 0px 0px 0px;\n}\n<\/style>\n<div  class='flex_column av-1x47h-b819a043db7c06fb3c69fc4415033297 av_one_full  avia-builder-el-17  avia-builder-el-no-sibling  first no_margin flex_column_div av-animated-generic bottom-to-top av-zero-column-padding  '     ><section  class='av_textblock_section av-1gb9p-553a519edac87445574b1adf82da7129 '   itemscope=\"itemscope\" itemtype=\"https:\/\/schema.org\/CreativeWork\" ><div class='avia_textblock'  itemprop=\"text\" ><h4 style=\"text-align: center;\">Sie ben\u00f6tigen Unterst\u00fctzung?<br \/>\n<b>Sprechen Sie uns gerne an!<\/b><\/h4>\n<\/div><\/section><br \/>\n<div  class='avia-button-wrap av-3dul-d1c3c67fabbbf15b504574fff78f2119-wrap avia-button-center  avia-builder-el-19  el_after_av_textblock  avia-builder-el-last '><a href='https:\/\/stagehands.net\/de\/kontakt\/'  class='avia-button av-3dul-d1c3c67fabbbf15b504574fff78f2119 av-link-btn avia-icon_select-no avia-size-x-large avia-position-center avia-color-light'   aria-label=\"JETZT IN KONTAKT TRETEN\"><span class='avia_iconbox_title' >JETZT IN KONTAKT TRETEN<\/span><\/a><\/div><\/p><\/div>\n\n","protected":false},"excerpt":{"rendered":"","protected":false},"author":1,"featured_media":0,"parent":0,"menu_order":0,"comment_status":"closed","ping_status":"closed","template":"","meta":{"footnotes":""},"class_list":["post-17","page","type-page","status-publish","hentry"],"yoast_head":"<!-- This site is optimized with the Yoast SEO Premium plugin v22.1 (Yoast SEO v26.7) - https:\/\/yoast.com\/wordpress\/plugins\/seo\/ -->\n<title>Service - Stagehands.net<\/title>\n<meta name=\"robots\" content=\"index, follow, max-snippet:-1, max-image-preview:large, max-video-preview:-1\" \/>\n<link rel=\"canonical\" href=\"https:\/\/stagehands.net\/de\/service\/\" \/>\n<meta property=\"og:locale\" content=\"de_DE\" \/>\n<meta property=\"og:type\" content=\"article\" \/>\n<meta property=\"og:title\" content=\"Service\" \/>\n<meta property=\"og:url\" content=\"https:\/\/stagehands.net\/de\/service\/\" \/>\n<meta property=\"og:site_name\" content=\"Stagehands.net\" \/>\n<meta property=\"article:publisher\" content=\"https:\/\/www.facebook.com\/Stagehands.net\" \/>\n<meta property=\"article:modified_time\" content=\"2021-11-18T15:44:02+00:00\" \/>\n<meta name=\"twitter:card\" content=\"summary_large_image\" \/>\n<meta name=\"twitter:label1\" content=\"Gesch\u00e4tzte Lesezeit\" \/>\n\t<meta name=\"twitter:data1\" content=\"6\u00a0Minuten\" \/>\n<script type=\"application\/ld+json\" class=\"yoast-schema-graph\">{\"@context\":\"https:\/\/schema.org\",\"@graph\":[{\"@type\":\"WebPage\",\"@id\":\"https:\/\/stagehands.net\/de\/service\/\",\"url\":\"https:\/\/stagehands.net\/de\/service\/\",\"name\":\"Service - Stagehands.net\",\"isPartOf\":{\"@id\":\"https:\/\/stagehands.net\/en\/#website\"},\"datePublished\":\"2015-12-07T14:39:28+00:00\",\"dateModified\":\"2021-11-18T15:44:02+00:00\",\"breadcrumb\":{\"@id\":\"https:\/\/stagehands.net\/de\/service\/#breadcrumb\"},\"inLanguage\":\"de\",\"potentialAction\":[{\"@type\":\"ReadAction\",\"target\":[\"https:\/\/stagehands.net\/de\/service\/\"]}]},{\"@type\":\"BreadcrumbList\",\"@id\":\"https:\/\/stagehands.net\/de\/service\/#breadcrumb\",\"itemListElement\":[{\"@type\":\"ListItem\",\"position\":1,\"name\":\"Startseite\",\"item\":\"https:\/\/stagehands.net\/de\/\"},{\"@type\":\"ListItem\",\"position\":2,\"name\":\"Service\"}]},{\"@type\":\"WebSite\",\"@id\":\"https:\/\/stagehands.net\/en\/#website\",\"url\":\"https:\/\/stagehands.net\/en\/\",\"name\":\"Stagehands.net\",\"description\":\"LOKALE EVENT CREW - WELTWEIT\",\"publisher\":{\"@id\":\"https:\/\/stagehands.net\/en\/#organization\"},\"potentialAction\":[{\"@type\":\"SearchAction\",\"target\":{\"@type\":\"EntryPoint\",\"urlTemplate\":\"https:\/\/stagehands.net\/en\/?s={search_term_string}\"},\"query-input\":{\"@type\":\"PropertyValueSpecification\",\"valueRequired\":true,\"valueName\":\"search_term_string\"}}],\"inLanguage\":\"de\"},{\"@type\":\"Organization\",\"@id\":\"https:\/\/stagehands.net\/en\/#organization\",\"name\":\"Stagehands\",\"url\":\"https:\/\/stagehands.net\/en\/\",\"logo\":{\"@type\":\"ImageObject\",\"inLanguage\":\"de\",\"@id\":\"https:\/\/stagehands.net\/en\/#\/schema\/logo\/image\/\",\"url\":\"https:\/\/stagehands.net\/wp-content\/uploads\/2020\/09\/Stagehands_klein-e1598948736497.png\",\"contentUrl\":\"https:\/\/stagehands.net\/wp-content\/uploads\/2020\/09\/Stagehands_klein-e1598948736497.png\",\"width\":360,\"height\":86,\"caption\":\"Stagehands\"},\"image\":{\"@id\":\"https:\/\/stagehands.net\/en\/#\/schema\/logo\/image\/\"},\"sameAs\":[\"https:\/\/www.facebook.com\/Stagehands.net\",\"https:\/\/www.linkedin.com\/company\/stagehandsworldwide\"]}]}<\/script>\n<!-- \/ Yoast SEO Premium plugin. -->","yoast_head_json":{"title":"Service - Stagehands.net","robots":{"index":"index","follow":"follow","max-snippet":"max-snippet:-1","max-image-preview":"max-image-preview:large","max-video-preview":"max-video-preview:-1"},"canonical":"https:\/\/stagehands.net\/de\/service\/","og_locale":"de_DE","og_type":"article","og_title":"Service","og_url":"https:\/\/stagehands.net\/de\/service\/","og_site_name":"Stagehands.net","article_publisher":"https:\/\/www.facebook.com\/Stagehands.net","article_modified_time":"2021-11-18T15:44:02+00:00","twitter_card":"summary_large_image","twitter_misc":{"Gesch\u00e4tzte Lesezeit":"6\u00a0Minuten"},"schema":{"@context":"https:\/\/schema.org","@graph":[{"@type":"WebPage","@id":"https:\/\/stagehands.net\/de\/service\/","url":"https:\/\/stagehands.net\/de\/service\/","name":"Service - Stagehands.net","isPartOf":{"@id":"https:\/\/stagehands.net\/en\/#website"},"datePublished":"2015-12-07T14:39:28+00:00","dateModified":"2021-11-18T15:44:02+00:00","breadcrumb":{"@id":"https:\/\/stagehands.net\/de\/service\/#breadcrumb"},"inLanguage":"de","potentialAction":[{"@type":"ReadAction","target":["https:\/\/stagehands.net\/de\/service\/"]}]},{"@type":"BreadcrumbList","@id":"https:\/\/stagehands.net\/de\/service\/#breadcrumb","itemListElement":[{"@type":"ListItem","position":1,"name":"Startseite","item":"https:\/\/stagehands.net\/de\/"},{"@type":"ListItem","position":2,"name":"Service"}]},{"@type":"WebSite","@id":"https:\/\/stagehands.net\/en\/#website","url":"https:\/\/stagehands.net\/en\/","name":"Stagehands.net","description":"LOKALE EVENT CREW - WELTWEIT","publisher":{"@id":"https:\/\/stagehands.net\/en\/#organization"},"potentialAction":[{"@type":"SearchAction","target":{"@type":"EntryPoint","urlTemplate":"https:\/\/stagehands.net\/en\/?s={search_term_string}"},"query-input":{"@type":"PropertyValueSpecification","valueRequired":true,"valueName":"search_term_string"}}],"inLanguage":"de"},{"@type":"Organization","@id":"https:\/\/stagehands.net\/en\/#organization","name":"Stagehands","url":"https:\/\/stagehands.net\/en\/","logo":{"@type":"ImageObject","inLanguage":"de","@id":"https:\/\/stagehands.net\/en\/#\/schema\/logo\/image\/","url":"https:\/\/stagehands.net\/wp-content\/uploads\/2020\/09\/Stagehands_klein-e1598948736497.png","contentUrl":"https:\/\/stagehands.net\/wp-content\/uploads\/2020\/09\/Stagehands_klein-e1598948736497.png","width":360,"height":86,"caption":"Stagehands"},"image":{"@id":"https:\/\/stagehands.net\/en\/#\/schema\/logo\/image\/"},"sameAs":["https:\/\/www.facebook.com\/Stagehands.net","https:\/\/www.linkedin.com\/company\/stagehandsworldwide"]}]}},"_links":{"self":[{"href":"https:\/\/stagehands.net\/de\/wp-json\/wp\/v2\/pages\/17","targetHints":{"allow":["GET"]}}],"collection":[{"href":"https:\/\/stagehands.net\/de\/wp-json\/wp\/v2\/pages"}],"about":[{"href":"https:\/\/stagehands.net\/de\/wp-json\/wp\/v2\/types\/page"}],"author":[{"embeddable":true,"href":"https:\/\/stagehands.net\/de\/wp-json\/wp\/v2\/users\/1"}],"replies":[{"embeddable":true,"href":"https:\/\/stagehands.net\/de\/wp-json\/wp\/v2\/comments?post=17"}],"version-history":[{"count":48,"href":"https:\/\/stagehands.net\/de\/wp-json\/wp\/v2\/pages\/17\/revisions"}],"predecessor-version":[{"id":16256,"href":"https:\/\/stagehands.net\/de\/wp-json\/wp\/v2\/pages\/17\/revisions\/16256"}],"wp:attachment":[{"href":"https:\/\/stagehands.net\/de\/wp-json\/wp\/v2\/media?parent=17"}],"curies":[{"name":"wp","href":"https:\/\/api.w.org\/{rel}","templated":true}]}}