{"id":26,"date":"2015-12-07T15:40:31","date_gmt":"2015-12-07T14:40:31","guid":{"rendered":"http:\/\/stagehands.biz\/?page_id=26"},"modified":"2025-05-13T15:13:16","modified_gmt":"2025-05-13T13:13:16","slug":"kontakt","status":"publish","type":"page","link":"https:\/\/stagehands.net\/de\/kontakt\/","title":{"rendered":"Kontakt"},"content":{"rendered":"\n<style type=\"text\/css\" data-created_by=\"avia_inline_auto\" id=\"style-css-av-oq056-50c13dde4fdcb42adf25df75cfbf68e2\">\n.avia-section.av-oq056-50c13dde4fdcb42adf25df75cfbf68e2 .av-parallax .av-parallax-inner{\nbackground-color:#235fa8;\nbackground-image:url(https:\/\/stagehands.net\/wp-content\/uploads\/2015\/12\/angebot-bg3.png);\nbackground-repeat:no-repeat;\nbackground-position:50% 50%;\nbackground-attachment:scroll;\n}\n<\/style>\n<div id='kontakt-main'  class='avia-section av-oq056-50c13dde4fdcb42adf25df75cfbf68e2 alternate_color avia-section-huge avia-no-border-styling  avia-builder-el-0  el_before_av_section  avia-builder-el-first  av-parallax-section avia-bg-style-parallax container_wrap fullsize'  data-section-bg-repeat='no-repeat'><div class='av-parallax' data-avia-parallax-ratio='0.3' ><div class='av-parallax-inner alternate_color avia-full-stretch'><\/div><\/div><div class='container av-section-cont-open' ><main  role=\"main\" itemprop=\"mainContentOfPage\"  class='template-page content  av-content-full alpha units'><div class='post-entry post-entry-type-page post-entry-26'><div class='entry-content-wrapper clearfix'>\n\n<style type=\"text\/css\" data-created_by=\"avia_inline_auto\" id=\"style-css-av-o4jou-8296e91adbe5cb29e6283481f289b625\">\n.flex_column.av-o4jou-8296e91adbe5cb29e6283481f289b625{\nborder-radius:0px 0px 0px 0px;\npadding:0px 0px 0px 0px;\n}\n<\/style>\n<div  class='flex_column av-o4jou-8296e91adbe5cb29e6283481f289b625 av_one_full  avia-builder-el-1  avia-builder-el-no-sibling  first flex_column_div av-animated-generic bottom-to-top av-zero-column-padding  '     ><section  class='av_textblock_section av-nmije-2cbd9c6e794be6c50695dbdc6c06fc5a '   itemscope=\"itemscope\" itemtype=\"https:\/\/schema.org\/CreativeWork\" ><div class='avia_textblock'  itemprop=\"text\" ><h1 style=\"text-align: center;\">Stagehands <b>Kontakt<\/b><\/h1>\n<p style=\"text-align: center;\"><b>Weltweite<\/b> B\u00fcros<\/p>\n<\/div><\/section><\/div>\n\n<\/div><\/div><\/main><!-- close content main element --><\/div><\/div><div id='av_section_2'  class='avia-section av-mq6f2-615a95d336291730f7024f12bfd31ac1 alternate_color avia-section-large avia-no-border-styling  avia-builder-el-3  el_after_av_section  el_before_av_section  avia-bg-style-scroll container_wrap fullsize'  ><div class='container av-section-cont-open' ><div class='template-page content  av-content-full alpha units'><div class='post-entry post-entry-type-page post-entry-26'><div class='entry-content-wrapper clearfix'>\n<section  class='av_textblock_section av-mahde-8921834bc5c9fb9c1e8d7e40ff67e495 '   itemscope=\"itemscope\" itemtype=\"https:\/\/schema.org\/CreativeWork\" ><div class='avia_textblock'  itemprop=\"text\" ><h2 style=\"text-align: center;\"><strong>Kontakt<\/strong> und Anbebotsanfrage<\/h2>\n<\/div><\/section>\n\n<\/div><\/div><\/div><!-- close content main div --><\/div><\/div><div id='av_section_3'  class='avia-section av-lxx4u-ac57777fea62040b57a64ee49ddb8871 main_color avia-section-large avia-no-border-styling  avia-builder-el-5  el_after_av_section  el_before_av_section  avia-bg-style-scroll container_wrap fullsize'  ><div class='container av-section-cont-open' ><div class='template-page content  av-content-full alpha units'><div class='post-entry post-entry-type-page post-entry-26'><div class='entry-content-wrapper clearfix'>\n\n<style type=\"text\/css\" data-created_by=\"avia_inline_auto\" id=\"style-css-av-kz9de-6c6e1f8f9767666240e90b1043f88655\">\n.flex_column.av-kz9de-6c6e1f8f9767666240e90b1043f88655{\nborder-radius:0px 0px 0px 0px;\npadding:40px 30px 40px 30px;\nbackground-color:#235fa8;\n}\n<\/style>\n<div  class='flex_column av-kz9de-6c6e1f8f9767666240e90b1043f88655 av_one_third  avia-builder-el-6  el_before_av_two_third  avia-builder-el-first  first flex_column_div  '     ><p>\n<style type=\"text\/css\" data-created_by=\"avia_inline_auto\" id=\"style-css-av-ks9tu-7a467d45d4fcef63c928b4e745e3b06e\">\n.avia-image-container.av-ks9tu-7a467d45d4fcef63c928b4e745e3b06e img.avia_image{\nbox-shadow:none;\n}\n.avia-image-container.av-ks9tu-7a467d45d4fcef63c928b4e745e3b06e .av-image-caption-overlay-center{\ncolor:#ffffff;\n}\n<\/style>\n<div  class='avia-image-container av-ks9tu-7a467d45d4fcef63c928b4e745e3b06e av-styling- avia-align-center  avia-builder-el-7  el_before_av_hr  avia-builder-el-first '   itemprop=\"image\" itemscope=\"itemscope\" itemtype=\"https:\/\/schema.org\/ImageObject\" ><div class=\"avia-image-container-inner\"><div class=\"avia-image-overlay-wrap\"><img decoding=\"async\" fetchpriority=\"high\" class='wp-image-5185 avia-img-lazy-loading-not-5185 avia_image ' src=\"https:\/\/stagehands.net\/wp-content\/uploads\/2020\/09\/22-years-with-logo.png\" alt='Stagehands' title='Stagehands'  height=\"290\" width=\"510\"  itemprop=\"thumbnailUrl\" srcset=\"https:\/\/stagehands.net\/wp-content\/uploads\/2020\/09\/22-years-with-logo.png 510w, https:\/\/stagehands.net\/wp-content\/uploads\/2020\/09\/22-years-with-logo-300x171.png 300w\" sizes=\"(max-width: 510px) 100vw, 510px\" \/><\/div><\/div><\/div><br \/>\n\n<style type=\"text\/css\" data-created_by=\"avia_inline_auto\" id=\"style-css-av-k2bc6-fd5d2bd9bb0da1b37a3f947b24968aa4\">\n#top .hr.hr-invisible.av-k2bc6-fd5d2bd9bb0da1b37a3f947b24968aa4{\nheight:10px;\n}\n<\/style>\n<div  class='hr av-k2bc6-fd5d2bd9bb0da1b37a3f947b24968aa4 hr-invisible  avia-builder-el-8  el_after_av_image  el_before_av_textblock '><span class='hr-inner '><span class=\"hr-inner-style\"><\/span><\/span><\/div><br \/>\n\n<style type=\"text\/css\" data-created_by=\"avia_inline_auto\" id=\"style-css-av-jfiyu-59e0cae75591173bbba663c47d277b8f\">\n#top .av_textblock_section.av-jfiyu-59e0cae75591173bbba663c47d277b8f .avia_textblock{\ncolor:#ffffff;\n}\n<\/style>\n<section  class='av_textblock_section av-jfiyu-59e0cae75591173bbba663c47d277b8f '   itemscope=\"itemscope\" itemtype=\"https:\/\/schema.org\/CreativeWork\" ><div class='avia_textblock av_inherit_color'  itemprop=\"text\" ><p style=\"text-align: center;\"><span style=\"color: #ffffff;\">F\u00fcr Personalanfragen National &amp; International schreiben Sie uns bitte eine E-Mail an <b><a style=\"color: #ffffff;\" href=\"mailto:mail@stagehands.net\">mail@stagehands.net<\/a><\/b><\/span><\/p>\n<p style=\"text-align: center;\"><span style=\"color: #ffffff;\">Bei kurzfristigen Buchungen rufen Sie uns bitte an unter:<\/span><br \/>\n<span style=\"color: #ffffff;\"> <b><a href=\"tel:+493057714190\">+49 30 5771419-0<\/a><br \/>\n<\/b> oder<br \/>\n<a href=\"tel:+80044228800\"><b>00800 44 22 88 00<\/b><\/a> [Int. Freecall]<\/span><\/p>\n<p style=\"text-align: center;\"><span style=\"color: #ffffff;\">Unsere B\u00fcrozeiten sind Mo.-Fr. 9-18 Uhr. Am Wochenende sind wir im Notfall \u00fcber dieselben Nummern erreichbar.<\/span><\/p>\n<\/div><\/section><\/p><\/div>\n<style type=\"text\/css\" data-created_by=\"avia_inline_auto\" id=\"style-css-av-1vzpe-9c20ecf11e9d40785bfe40f54c9df3b0\">\n.flex_column.av-1vzpe-9c20ecf11e9d40785bfe40f54c9df3b0{\nborder-radius:0px 0px 0px 0px;\npadding:0px 0px 0px 0px;\n}\n<\/style>\n<div  class='flex_column av-1vzpe-9c20ecf11e9d40785bfe40f54c9df3b0 av_two_third  avia-builder-el-10  el_after_av_one_third  avia-builder-el-last  flex_column_div av-zero-column-padding  '     ><form action=\"https:\/\/stagehands.net\/de\/kontakt\/\" method=\"post\" data-fields-with-error=\"Fehler wurden in folgenden Feld(ern) gefunden:\" class=\"avia_ajax_form av-form-labels-visible   avia-builder-el-11  avia-builder-el-no-sibling   \" data-avia-form-id=\"1\" data-avia-redirect='' ><h3 class=''>Senden Sie uns eine Nachricht.<\/h3><fieldset><p class='  first_form  form_element form_fullwidth' id='element_avia_1_1'><label for=\"avia_1_1\">Name <abbr class=\"required\" title=\"ben\u00f6tigt\">*<\/abbr><\/label> <input name=\"avia_1_1\" class=\"text_input is_empty\" type=\"text\" id=\"avia_1_1\" value=\"\" \/><\/p><p class='  first_form  form_element form_fullwidth' id='element_avia_2_1'><label for=\"avia_2_1\">E-Mail <abbr class=\"required\" title=\"ben\u00f6tigt\">*<\/abbr><\/label> <input name=\"avia_2_1\" class=\"text_input is_email\" type=\"text\" id=\"avia_2_1\" value=\"\" \/><\/p><p class='  first_form  form_element form_fullwidth' id='element_avia_3_1'><label for=\"avia_3_1\">Betreff <abbr class=\"required\" title=\"ben\u00f6tigt\">*<\/abbr><\/label> <input name=\"avia_3_1\" class=\"text_input is_empty\" type=\"text\" id=\"avia_3_1\" value=\"\" \/><\/p><p class='  first_form  form_element form_fullwidth' id='element_avia_4_1'><label for=\"avia_4_1\" class=\"textare_label hidden textare_label_avia_4_1\">Nachricht <abbr class=\"required\" title=\"ben\u00f6tigt\">*<\/abbr><\/label><textarea  name=\"avia_4_1\" class=\"text_area is_empty\" cols=\"40\" rows=\"7\" id=\"avia_4_1\" ><\/textarea><\/p><p class='  first_form  form_element form_fullwidth' id='element_avia_5_1'><input  name=\"avia_5_1\" class=\"input_checkbox is_empty\" type=\"checkbox\" id=\"avia_5_1\" value=\"true\"\/><label class=\"input_checkbox_label\" for=\"avia_5_1\">Ich habe die <a href=\"https:\/\/stagehands.net\/de\/datenschutz\/\" target=\"_blank\" rel=\"noopener\">Datenschutzerkl\u00e4rung<\/a> zur Kenntnis genommen. Ich stimme zu, dass meine Angaben und Daten zur Beantwortung meiner Anfrage elektronisch erhoben und gespeichert werden. Hinweis: Sie k\u00f6nnen Ihre Einwilligung jederzeit f\u00fcr die Zukunft per E-Mail an <a href=\"mailto:mail@stagehands.net\">mail@stagehands.net<\/a> widerrufen. <abbr class=\"required\" title=\"ben\u00f6tigt\">*<\/abbr><\/label><\/p><p class=\"hidden\"><input type=\"text\" name=\"avia_6_1\" class=\"hidden \" id=\"avia_6_1\" value=\"\" \/><\/p><div id='avia_7_1' class='av-recaptcha-area  first_form  form_element form_fullwidth '  data-container_class=\"\" data-custom_class=\"\" data-context=\"av_contact_form\" data-token_input=\"av_recaptcha_token\" data-version=\"avia_recaptcha_v2\" data-theme=\"light\" data-size=\"normal\" data-score=\"0.5\" data-text_to_preview=\"\" data-value=\"\"><div class=\"av-google-badge-message hidden\">Diese Seite wird durch reCAPTCHA gesch\u00fctzt und es gelten die Google <a href=\"https:\/\/policies.google.com\/privacy\">Datenschutzerkl\u00e4rungen<\/a> und <a href=\"https:\/\/policies.google.com\/terms\">Nutzungsbedingungen<\/a><\/div><\/div><p class=\"form_element \"><input type=\"hidden\" value=\"1\" name=\"avia_generated_form1\" \/><input type=\"submit\" value=\"Senden\" class=\"button\"  data-sending-label=\"Sende\"\/><\/p><\/fieldset><div class=\"avia-disabled-form\">Dieses Kontaktformular ist momentan deaktiviert, da Sie den Google reCAPTCHA-Service noch nicht akzeptiert haben. Dieser ist f\u00fcr die Validierung des Sendevorgangs jedoch notwendig<\/div><\/form><div id=\"ajaxresponse_1\" class=\"ajaxresponse ajaxresponse_1 hidden\"><\/div><\/div>\n\n<\/div><\/div><\/div><!-- close content main div --><\/div><\/div><div id='av_section_4'  class='avia-section av-eeca6-0457d34e5673ddc9b4cce9a626726a98 alternate_color avia-section-large avia-no-border-styling  avia-builder-el-12  el_after_av_section  el_before_av_google_map  avia-bg-style-scroll container_wrap fullsize'  ><div class='container av-section-cont-open' ><div class='template-page content  av-content-full alpha units'><div class='post-entry post-entry-type-page post-entry-26'><div class='entry-content-wrapper clearfix'>\n<section  class='av_textblock_section av-e78km-25c1dd64a597f3f11df0a379dff41f42 '   itemscope=\"itemscope\" itemtype=\"https:\/\/schema.org\/CreativeWork\" ><div class='avia_textblock'  itemprop=\"text\" ><h2 style=\"text-align: center;\">Stagehands Standorte &#8211; <strong>International<\/strong><\/h2>\n<\/div><\/section>\n\n<div  class='av_gmaps_sc_main_wrap av_gmaps_main_wrap '><div id='av_gmap_0' class='avia-google-map-container avia-google-map-sc av_gmaps_show_unconditionally av-no-fallback-img ' data-mapid='av_gmap_0'  style='height: 350px;'><a class=\"av_gmaps_browser_disabled av_text_confirm_link av_text_confirm_link_visible\" href=\"https:\/\/www.google.com\/maps\/search\/?api=1&#038;query=Berlin%20%20Berlin%20%20Deutschland\" target=\"_blank\">Aufgrund deiner Datenschutz-Einstellungen k\u00f6nnen wir Ihnen die Karte nicht anzeigen. Klicken Sie hier, um die Karte in einem neuen Fenster zu \u00f6ffnen.<\/a><\/div><\/div>\n<div id='kontakt-content'  class='avia-section av-4ctba-0ef9bee0a97216ffd0e4967b84e92a6b main_color avia-section-large avia-no-border-styling  avia-builder-el-15  el_after_av_google_map  avia-builder-el-last  avia-bg-style-scroll container_wrap fullsize'  ><div class='container av-section-cont-open' ><div class='template-page content  av-content-full alpha units'><div class='post-entry post-entry-type-page post-entry-26'><div class='entry-content-wrapper clearfix'>\n\n<style type=\"text\/css\" data-created_by=\"avia_inline_auto\" id=\"style-css-av-3u99a-172b3ecf389a59bdfe044939d0f4135c\">\n.flex_column.av-3u99a-172b3ecf389a59bdfe044939d0f4135c{\nborder-radius:0px 0px 0px 0px;\npadding:0px 0px 0px 0px;\n}\n<\/style>\n<div  class='flex_column av-3u99a-172b3ecf389a59bdfe044939d0f4135c av_one_third  avia-builder-el-16  el_before_av_one_third  avia-builder-el-first  first flex_column_div av-zero-column-padding  '     ><section  class='av_textblock_section av-399jq-46f5db32d3027afabb2e33237d4d4b6a '   itemscope=\"itemscope\" itemtype=\"https:\/\/schema.org\/CreativeWork\" ><div class='avia_textblock'  itemprop=\"text\" ><h3>B\u00dcRO<b>\u00a0<\/b><strong>BERLIN<\/strong><\/h3>\n<p>Stagehands<br \/>\nGiselastra\u00dfe 4<br \/>\n10317 Berlin<br \/>\nGermany<\/p>\n<p>Freecall International<br \/>\n00 800 44 22 88 00<\/p>\n<p><a href=\"mailto:mail@stagehands.net\">mail@stagehands.net<\/a><\/p>\n<p><b>Weitere Standorte:<\/b><\/p>\n<ul>\n<li>Essen<\/li>\n<li>Frankfurt<\/li>\n<li>Hannover<\/li>\n<li>Hamburg<\/li>\n<li>K\u00f6ln<\/li>\n<li>Leipzig<\/li>\n<li>N\u00fcrnberg<\/li>\n<li>M\u00fcnchen<\/li>\n<li>Stuttgart<\/li>\n<\/ul>\n<p>Meldungen gem\u00e4\u00df Hinweisgeberschutzgesetz<\/p>\n<p>k\u00f6nnen unter:<\/p>\n<p>de.hinweisgeber@stagehands.net<\/p>\n<p>oder anonym unter:<\/p>\n<p>https:\/\/stagehands.hinweisgeberportal.de\/frontpage<\/p>\n<p>abgegeben werden.<\/p>\n<\/div><\/section><\/div>\n<style type=\"text\/css\" data-created_by=\"avia_inline_auto\" id=\"style-css-av-x76-11531d8b0316416acc989cb0166fa347\">\n.flex_column.av-x76-11531d8b0316416acc989cb0166fa347{\nborder-radius:0px 0px 0px 0px;\npadding:0px 0px 0px 0px;\n}\n<\/style>\n<div  class='flex_column av-x76-11531d8b0316416acc989cb0166fa347 av_one_third  avia-builder-el-18  el_after_av_one_third  el_before_av_one_third  flex_column_div av-zero-column-padding  '     ><section  class='av_textblock_section av-2462m-6e6312a64106156cc55996de01da8cfb '   itemscope=\"itemscope\" itemtype=\"https:\/\/schema.org\/CreativeWork\" ><div class='avia_textblock'  itemprop=\"text\" ><h3>B\u00dcRO <strong>FRANKREICH<\/strong><\/h3>\n<p>Stagehands.fr<br \/>\n10 rue de Madagascar<br \/>\n75012 Paris<br \/>\nFrankreich<\/p>\n<p>Telefon<br \/>\n+33 1 87 17 34 35<\/p>\n<p><a href=\"mailto:mail@stagehands.net\">mail@stagehands.net<\/a><\/p>\n<p><b>Weitere Standorte:<\/b><\/p>\n<ul>\n<li>Paris<\/li>\n<li>Toulouse<\/li>\n<li>Cannes<\/li>\n<li>Marseille<\/li>\n<li>Le Mans &#8211; Rennes<\/li>\n<li>Bordeaux<\/li>\n<li>Lyon<\/li>\n<li>Nantes<\/li>\n<\/ul>\n<h3>B\u00dcRO <strong>JAPAN<\/strong><\/h3>\n<p>Stagehands.jp<\/p>\n<p>Koishikawa 5-39-2-407 Bunkyo-ku ,<br \/>\nTokyo 112-0002 Japan<\/p>\n<p>Freecall International<br \/>\n00 800 44 22 88 00<\/p>\n<p><a href=\"mailto:mail@stagehands.net\">mail@stagehands.net<\/a><\/p>\n<ul>\n<li>Lighting Design &amp; Operation<\/li>\n<li>Production Services for Stage and Event<\/li>\n<li>Technical Interpreter German-Japanese-English<\/li>\n<\/ul>\n<\/div><\/section><\/div>\n<style type=\"text\/css\" data-created_by=\"avia_inline_auto\" id=\"style-css-av-1gp5y-7f8f8d758aa0895b4142b5f8c140bc81\">\n.flex_column.av-1gp5y-7f8f8d758aa0895b4142b5f8c140bc81{\nborder-radius:0px 0px 0px 0px;\npadding:0px 0px 0px 0px;\n}\n<\/style>\n<div  class='flex_column av-1gp5y-7f8f8d758aa0895b4142b5f8c140bc81 av_one_third  avia-builder-el-20  el_after_av_one_third  avia-builder-el-last  flex_column_div av-zero-column-padding  '     ><section  class='av_textblock_section av-1678e-77f4d786585e51200b978e6f4750904a '   itemscope=\"itemscope\" itemtype=\"https:\/\/schema.org\/CreativeWork\" ><div class='avia_textblock'  itemprop=\"text\" ><h3>B\u00dcRO <strong>GRIECHENLAND<\/strong><\/h3>\n<p>Knossou<br \/>\nKallithea<br \/>\n1765 Athens<br \/>\nGreece<\/p>\n<p>Freecall international<br \/>\n00 800 44 22 88 00<\/p>\n<p><a href=\"mailto:mail@stagehands.net\">mail@stagehands.net<\/a><\/p>\n<div class=\"widget-pane-section-header-title\">\n<h3>B\u00dcRO <strong>T\u00dcRKEI<\/strong><\/h3>\n<p>Stagehands.com.tr<br \/>\nYakomoz Sitesi A2D11<br \/>\nDar\u00fc\u015f\u015fafaka<br \/>\n34457 Sar\u0131yer\/\u0130stanbul<br \/>\nT\u00fcrkei<\/p>\n<\/div>\n<p>Freecall international<br \/>\n00 800 44 22 88 00<\/p>\n<p><a href=\"mailto:mail@stagehands.net\">mail@stagehands.net<\/a><\/p>\n<h3>STANDORTE <b>INTERNATIONAL<\/b><\/h3>\n<p><b>Weltweite Kooperationen<\/b><\/p>\n<p>Buchen Sie uns weltweit f\u00fcr Roadshows und Auslandsprojekte, leider k\u00f6nnen wir in der Karte nicht jede Stadt, in der wir Personal stellen k\u00f6nnen markieren, Anfragen lohnt sich aber immer auch in:<\/p>\n<ul>\n<li>Afrika<\/li>\n<li>Asien<\/li>\n<li>Australien<\/li>\n<li>Europa<\/li>\n<li>Nordamerika (USA &amp; Kanada)<\/li>\n<li>Russische F\u00f6rderation<\/li>\n<li>S\u00fcdamerika<\/li>\n<\/ul>\n<p>Freecall International<br \/>\n00 800 44 22 88 00<\/p>\n<p><a href=\"mailto:mail@stagehands.net\">mail@stagehands.net<\/a><\/p>\n<\/div><\/section><\/div>\n","protected":false},"excerpt":{"rendered":"","protected":false},"author":1,"featured_media":0,"parent":0,"menu_order":0,"comment_status":"closed","ping_status":"closed","template":"","meta":{"footnotes":""},"class_list":["post-26","page","type-page","status-publish","hentry"],"yoast_head":"<!-- This site is optimized with the Yoast SEO Premium plugin v22.1 (Yoast SEO v26.7) - https:\/\/yoast.com\/wordpress\/plugins\/seo\/ -->\n<title>Kontakt - Stagehands.net<\/title>\n<meta name=\"robots\" content=\"index, follow, max-snippet:-1, max-image-preview:large, max-video-preview:-1\" \/>\n<link rel=\"canonical\" href=\"https:\/\/stagehands.net\/de\/kontakt\/\" \/>\n<meta property=\"og:locale\" content=\"de_DE\" \/>\n<meta property=\"og:type\" content=\"article\" \/>\n<meta property=\"og:title\" content=\"Kontakt\" \/>\n<meta property=\"og:url\" content=\"https:\/\/stagehands.net\/de\/kontakt\/\" \/>\n<meta property=\"og:site_name\" content=\"Stagehands.net\" \/>\n<meta property=\"article:publisher\" content=\"https:\/\/www.facebook.com\/Stagehands.net\" \/>\n<meta property=\"article:modified_time\" content=\"2025-05-13T13:13:16+00:00\" \/>\n<meta name=\"twitter:card\" content=\"summary_large_image\" \/>\n<meta name=\"twitter:label1\" content=\"Gesch\u00e4tzte Lesezeit\" \/>\n\t<meta name=\"twitter:data1\" content=\"2\u00a0Minuten\" \/>\n<script type=\"application\/ld+json\" class=\"yoast-schema-graph\">{\"@context\":\"https:\/\/schema.org\",\"@graph\":[{\"@type\":\"WebPage\",\"@id\":\"https:\/\/stagehands.net\/de\/kontakt\/\",\"url\":\"https:\/\/stagehands.net\/de\/kontakt\/\",\"name\":\"Kontakt - Stagehands.net\",\"isPartOf\":{\"@id\":\"https:\/\/stagehands.net\/en\/#website\"},\"datePublished\":\"2015-12-07T14:40:31+00:00\",\"dateModified\":\"2025-05-13T13:13:16+00:00\",\"breadcrumb\":{\"@id\":\"https:\/\/stagehands.net\/de\/kontakt\/#breadcrumb\"},\"inLanguage\":\"de\",\"potentialAction\":[{\"@type\":\"ReadAction\",\"target\":[\"https:\/\/stagehands.net\/de\/kontakt\/\"]}]},{\"@type\":\"BreadcrumbList\",\"@id\":\"https:\/\/stagehands.net\/de\/kontakt\/#breadcrumb\",\"itemListElement\":[{\"@type\":\"ListItem\",\"position\":1,\"name\":\"Startseite\",\"item\":\"https:\/\/stagehands.net\/de\/\"},{\"@type\":\"ListItem\",\"position\":2,\"name\":\"Kontakt\"}]},{\"@type\":\"WebSite\",\"@id\":\"https:\/\/stagehands.net\/en\/#website\",\"url\":\"https:\/\/stagehands.net\/en\/\",\"name\":\"Stagehands.net\",\"description\":\"LOKALE EVENT CREW - WELTWEIT\",\"publisher\":{\"@id\":\"https:\/\/stagehands.net\/en\/#organization\"},\"potentialAction\":[{\"@type\":\"SearchAction\",\"target\":{\"@type\":\"EntryPoint\",\"urlTemplate\":\"https:\/\/stagehands.net\/en\/?s={search_term_string}\"},\"query-input\":{\"@type\":\"PropertyValueSpecification\",\"valueRequired\":true,\"valueName\":\"search_term_string\"}}],\"inLanguage\":\"de\"},{\"@type\":\"Organization\",\"@id\":\"https:\/\/stagehands.net\/en\/#organization\",\"name\":\"Stagehands\",\"url\":\"https:\/\/stagehands.net\/en\/\",\"logo\":{\"@type\":\"ImageObject\",\"inLanguage\":\"de\",\"@id\":\"https:\/\/stagehands.net\/en\/#\/schema\/logo\/image\/\",\"url\":\"https:\/\/stagehands.net\/wp-content\/uploads\/2020\/09\/Stagehands_klein-e1598948736497.png\",\"contentUrl\":\"https:\/\/stagehands.net\/wp-content\/uploads\/2020\/09\/Stagehands_klein-e1598948736497.png\",\"width\":360,\"height\":86,\"caption\":\"Stagehands\"},\"image\":{\"@id\":\"https:\/\/stagehands.net\/en\/#\/schema\/logo\/image\/\"},\"sameAs\":[\"https:\/\/www.facebook.com\/Stagehands.net\",\"https:\/\/www.linkedin.com\/company\/stagehandsworldwide\"]}]}<\/script>\n<!-- \/ Yoast SEO Premium plugin. -->","yoast_head_json":{"title":"Kontakt - Stagehands.net","robots":{"index":"index","follow":"follow","max-snippet":"max-snippet:-1","max-image-preview":"max-image-preview:large","max-video-preview":"max-video-preview:-1"},"canonical":"https:\/\/stagehands.net\/de\/kontakt\/","og_locale":"de_DE","og_type":"article","og_title":"Kontakt","og_url":"https:\/\/stagehands.net\/de\/kontakt\/","og_site_name":"Stagehands.net","article_publisher":"https:\/\/www.facebook.com\/Stagehands.net","article_modified_time":"2025-05-13T13:13:16+00:00","twitter_card":"summary_large_image","twitter_misc":{"Gesch\u00e4tzte Lesezeit":"2\u00a0Minuten"},"schema":{"@context":"https:\/\/schema.org","@graph":[{"@type":"WebPage","@id":"https:\/\/stagehands.net\/de\/kontakt\/","url":"https:\/\/stagehands.net\/de\/kontakt\/","name":"Kontakt - Stagehands.net","isPartOf":{"@id":"https:\/\/stagehands.net\/en\/#website"},"datePublished":"2015-12-07T14:40:31+00:00","dateModified":"2025-05-13T13:13:16+00:00","breadcrumb":{"@id":"https:\/\/stagehands.net\/de\/kontakt\/#breadcrumb"},"inLanguage":"de","potentialAction":[{"@type":"ReadAction","target":["https:\/\/stagehands.net\/de\/kontakt\/"]}]},{"@type":"BreadcrumbList","@id":"https:\/\/stagehands.net\/de\/kontakt\/#breadcrumb","itemListElement":[{"@type":"ListItem","position":1,"name":"Startseite","item":"https:\/\/stagehands.net\/de\/"},{"@type":"ListItem","position":2,"name":"Kontakt"}]},{"@type":"WebSite","@id":"https:\/\/stagehands.net\/en\/#website","url":"https:\/\/stagehands.net\/en\/","name":"Stagehands.net","description":"LOKALE EVENT CREW - WELTWEIT","publisher":{"@id":"https:\/\/stagehands.net\/en\/#organization"},"potentialAction":[{"@type":"SearchAction","target":{"@type":"EntryPoint","urlTemplate":"https:\/\/stagehands.net\/en\/?s={search_term_string}"},"query-input":{"@type":"PropertyValueSpecification","valueRequired":true,"valueName":"search_term_string"}}],"inLanguage":"de"},{"@type":"Organization","@id":"https:\/\/stagehands.net\/en\/#organization","name":"Stagehands","url":"https:\/\/stagehands.net\/en\/","logo":{"@type":"ImageObject","inLanguage":"de","@id":"https:\/\/stagehands.net\/en\/#\/schema\/logo\/image\/","url":"https:\/\/stagehands.net\/wp-content\/uploads\/2020\/09\/Stagehands_klein-e1598948736497.png","contentUrl":"https:\/\/stagehands.net\/wp-content\/uploads\/2020\/09\/Stagehands_klein-e1598948736497.png","width":360,"height":86,"caption":"Stagehands"},"image":{"@id":"https:\/\/stagehands.net\/en\/#\/schema\/logo\/image\/"},"sameAs":["https:\/\/www.facebook.com\/Stagehands.net","https:\/\/www.linkedin.com\/company\/stagehandsworldwide"]}]}},"_links":{"self":[{"href":"https:\/\/stagehands.net\/de\/wp-json\/wp\/v2\/pages\/26","targetHints":{"allow":["GET"]}}],"collection":[{"href":"https:\/\/stagehands.net\/de\/wp-json\/wp\/v2\/pages"}],"about":[{"href":"https:\/\/stagehands.net\/de\/wp-json\/wp\/v2\/types\/page"}],"author":[{"embeddable":true,"href":"https:\/\/stagehands.net\/de\/wp-json\/wp\/v2\/users\/1"}],"replies":[{"embeddable":true,"href":"https:\/\/stagehands.net\/de\/wp-json\/wp\/v2\/comments?post=26"}],"version-history":[{"count":80,"href":"https:\/\/stagehands.net\/de\/wp-json\/wp\/v2\/pages\/26\/revisions"}],"predecessor-version":[{"id":18681,"href":"https:\/\/stagehands.net\/de\/wp-json\/wp\/v2\/pages\/26\/revisions\/18681"}],"wp:attachment":[{"href":"https:\/\/stagehands.net\/de\/wp-json\/wp\/v2\/media?parent=26"}],"curies":[{"name":"wp","href":"https:\/\/api.w.org\/{rel}","templated":true}]}}