{"id":416,"date":"2015-12-07T15:40:31","date_gmt":"2015-12-07T14:40:31","guid":{"rendered":"http:\/\/stagehands.biz\/en\/kontakt\/"},"modified":"2025-07-24T11:14:08","modified_gmt":"2025-07-24T09:14:08","slug":"contact","status":"publish","type":"page","link":"https:\/\/stagehands.net\/en\/contact\/","title":{"rendered":"Contact"},"content":{"rendered":"\n<style type=\"text\/css\" data-created_by=\"avia_inline_auto\" id=\"style-css-av-9258qg-f3e05ae3174ed5084ed8ea785e9aacaa\">\n.avia-section.av-9258qg-f3e05ae3174ed5084ed8ea785e9aacaa .av-parallax .av-parallax-inner{\nbackground-color:#235fa8;\nbackground-image:url(https:\/\/stagehands.net\/wp-content\/uploads\/2015\/12\/angebot-bg3.png);\nbackground-repeat:no-repeat;\nbackground-position:50% 50%;\nbackground-attachment:scroll;\n}\n<\/style>\n<div id='kontakt-main'  class='avia-section av-9258qg-f3e05ae3174ed5084ed8ea785e9aacaa alternate_color avia-section-huge avia-no-border-styling  avia-builder-el-0  el_before_av_section  avia-builder-el-first  av-parallax-section avia-bg-style-parallax container_wrap fullsize'  data-section-bg-repeat='no-repeat'><div class='av-parallax' data-avia-parallax-ratio='0.3' ><div class='av-parallax-inner alternate_color avia-full-stretch'><\/div><\/div><div class='container av-section-cont-open' ><main  role=\"main\" itemprop=\"mainContentOfPage\"  class='template-page content  av-content-full alpha units'><div class='post-entry post-entry-type-page post-entry-416'><div class='entry-content-wrapper clearfix'>\n\n<style type=\"text\/css\" data-created_by=\"avia_inline_auto\" id=\"style-css-av-vupyg-7d0dbed6003c786a8523a4ba2c269935\">\n.flex_column.av-vupyg-7d0dbed6003c786a8523a4ba2c269935{\nborder-radius:0px 0px 0px 0px;\npadding:0px 0px 0px 0px;\n}\n<\/style>\n<div  class='flex_column av-vupyg-7d0dbed6003c786a8523a4ba2c269935 av_one_full  avia-builder-el-1  avia-builder-el-no-sibling  first flex_column_div av-animated-generic bottom-to-top av-zero-column-padding  '     ><section  class='av_textblock_section av-v5skw-7fdcf36151eda96b202717ddb054f549 '   itemscope=\"itemscope\" itemtype=\"https:\/\/schema.org\/CreativeWork\" ><div class='avia_textblock'  itemprop=\"text\" ><h1 style=\"text-align: center;\">Stagehands.net\u00a0<b>Contact<\/b><\/h1>\n<p style=\"text-align: center;\"><b>Worldwide<\/b> Offices and Contact Form<\/p>\n<\/div><\/section><\/div>\n\n<\/div><\/div><\/main><!-- close content main element --><\/div><\/div><div id='av_section_2'  class='avia-section av-8hfz9c-6fe8886aa313295a7a1fb4f047c9125c alternate_color avia-section-large avia-no-border-styling  avia-builder-el-3  el_after_av_section  el_before_av_section  avia-bg-style-scroll container_wrap fullsize'  ><div class='container av-section-cont-open' ><div class='template-page content  av-content-full alpha units'><div class='post-entry post-entry-type-page post-entry-416'><div class='entry-content-wrapper clearfix'>\n<section  class='av_textblock_section av-tyipk-1c95a2e677155c4a8711f06a50a2ac6a '   itemscope=\"itemscope\" itemtype=\"https:\/\/schema.org\/CreativeWork\" ><div class='avia_textblock'  itemprop=\"text\" ><h2 style=\"text-align: center;\"><strong>Contact and Requests<\/strong><\/h2>\n<\/div><\/section>\n\n<\/div><\/div><\/div><!-- close content main div --><\/div><\/div><div id='av_section_3'  class='avia-section av-86pfd4-92e00cd960d0aec1072c07fc1f7b6ce1 main_color avia-section-large avia-no-border-styling  avia-builder-el-5  el_after_av_section  el_before_av_section  avia-bg-style-scroll container_wrap fullsize'  ><div class='container av-section-cont-open' ><div class='template-page content  av-content-full alpha units'><div class='post-entry post-entry-type-page post-entry-416'><div class='entry-content-wrapper clearfix'>\n\n<style type=\"text\/css\" data-created_by=\"avia_inline_auto\" id=\"style-css-av-7zdjd4-5022456538a2f0b9cd56a09439edaf31\">\n.flex_column.av-7zdjd4-5022456538a2f0b9cd56a09439edaf31{\nborder-radius:0px 0px 0px 0px;\npadding:40px 30px 40px 30px;\nbackground-color:#235fa8;\n}\n<\/style>\n<div  class='flex_column av-7zdjd4-5022456538a2f0b9cd56a09439edaf31 av_one_third  avia-builder-el-6  el_before_av_two_third  avia-builder-el-first  first flex_column_div  '     ><p>\n<style type=\"text\/css\" data-created_by=\"avia_inline_auto\" id=\"style-css-av-7vcayw-b8956487b9d78d5c5e92a8777880df82\">\n.avia-image-container.av-7vcayw-b8956487b9d78d5c5e92a8777880df82 img.avia_image{\nbox-shadow:none;\n}\n.avia-image-container.av-7vcayw-b8956487b9d78d5c5e92a8777880df82 .av-image-caption-overlay-center{\ncolor:#ffffff;\n}\n<\/style>\n<div  class='avia-image-container av-7vcayw-b8956487b9d78d5c5e92a8777880df82 av-styling- avia-align-center  avia-builder-el-7  el_before_av_hr  avia-builder-el-first '   itemprop=\"image\" itemscope=\"itemscope\" itemtype=\"https:\/\/schema.org\/ImageObject\" ><div class=\"avia-image-container-inner\"><div class=\"avia-image-overlay-wrap\"><img decoding=\"async\" fetchpriority=\"high\" class='wp-image-5186 avia-img-lazy-loading-not-5186 avia_image ' src=\"https:\/\/stagehands.net\/wp-content\/uploads\/2020\/09\/22-years-with-logo.png\" alt='Stagehands' title='22-years-with-logo'  height=\"290\" width=\"510\"  itemprop=\"thumbnailUrl\" srcset=\"https:\/\/stagehands.net\/wp-content\/uploads\/2020\/09\/22-years-with-logo.png 510w, https:\/\/stagehands.net\/wp-content\/uploads\/2020\/09\/22-years-with-logo-300x171.png 300w\" sizes=\"(max-width: 510px) 100vw, 510px\" \/><\/div><\/div><\/div><br \/>\n\n<style type=\"text\/css\" data-created_by=\"avia_inline_auto\" id=\"style-css-av-rxdzs-e6c89a33b06b8bfac19a4f17ba315050\">\n#top .hr.hr-invisible.av-rxdzs-e6c89a33b06b8bfac19a4f17ba315050{\nheight:10px;\n}\n<\/style>\n<div  class='hr av-rxdzs-e6c89a33b06b8bfac19a4f17ba315050 hr-invisible  avia-builder-el-8  el_after_av_image  el_before_av_textblock '><span class='hr-inner '><span class=\"hr-inner-style\"><\/span><\/span><\/div><br \/>\n\n<style type=\"text\/css\" data-created_by=\"avia_inline_auto\" id=\"style-css-av-7lnrwg-25e4b3ddc58d75baa8b2b9d549d4b23b\">\n#top .av_textblock_section.av-7lnrwg-25e4b3ddc58d75baa8b2b9d549d4b23b .avia_textblock{\ncolor:#ffffff;\n}\n<\/style>\n<section  class='av_textblock_section av-7lnrwg-25e4b3ddc58d75baa8b2b9d549d4b23b '   itemscope=\"itemscope\" itemtype=\"https:\/\/schema.org\/CreativeWork\" ><div class='avia_textblock av_inherit_color'  itemprop=\"text\" ><p style=\"text-align: center;\"><span style=\"color: #ffffff;\">For national\u00a0&amp; international requests please send us an Email to\u00a0<b><a style=\"color: #ffffff;\" href=\"mailto:mail@stagehands.net\">mail@stagehands.net <\/a>or use our contact form<\/b><\/span><\/p>\n<p style=\"text-align: center;\"><span style=\"color: #ffffff;\">For short notice requests, please call us directly:<\/span><br \/>\n<span style=\"color: #ffffff;\"><b><a style=\"color: #ffffff;\" href=\"tel:+493057714190\">0049 30 5771419-0<\/a><br \/>\n<\/b>or<\/span><br \/>\n<span style=\"color: #ffffff;\"><b><a style=\"color: #ffffff;\" href=\"tel:+80044228800\">00800 44 22 88 00<\/a><\/b> [Int. Freecall]<\/span><\/p>\n<p style=\"text-align: center;\"><span style=\"color: #ffffff;\">Our office hours are\u00a0Mo.-Fr. 09:00 am &#8211; 18:00 pm. For emergency calls and out of office times please also dial our office phone number.<\/span><\/p>\n<\/div><\/section><\/p><\/div>\n<style type=\"text\/css\" data-created_by=\"avia_inline_auto\" id=\"style-css-av-7aw8ig-fc0876dafcf50e8522118704f308743d\">\n.flex_column.av-7aw8ig-fc0876dafcf50e8522118704f308743d{\nborder-radius:0px 0px 0px 0px;\npadding:0px 0px 0px 0px;\n}\n<\/style>\n<div  class='flex_column av-7aw8ig-fc0876dafcf50e8522118704f308743d av_two_third  avia-builder-el-10  el_after_av_one_third  avia-builder-el-last  flex_column_div av-zero-column-padding  '     ><form action=\"https:\/\/stagehands.net\/en\/contact\/\" method=\"post\" data-fields-with-error=\"Found errors in the following field(s):\" class=\"avia_ajax_form av-form-labels-visible   avia-builder-el-11  avia-builder-el-no-sibling   \" data-avia-form-id=\"1\" data-avia-redirect='' ><h3 class=''>Send us a message<\/h3><fieldset><p class='  first_form  form_element form_fullwidth' id='element_avia_1_1'><label for=\"avia_1_1\">your name <abbr class=\"required\" title=\"required\">*<\/abbr><\/label> <input name=\"avia_1_1\" class=\"text_input is_empty\" type=\"text\" id=\"avia_1_1\" value=\"\" \/><\/p><p class='  first_form  form_element form_fullwidth' id='element_avia_2_1'><label for=\"avia_2_1\">your E-Mail adress <abbr class=\"required\" title=\"required\">*<\/abbr><\/label> <input name=\"avia_2_1\" class=\"text_input is_email\" type=\"text\" id=\"avia_2_1\" value=\"\" \/><\/p><p class='  first_form  form_element form_fullwidth' id='element_avia_3_1'><label for=\"avia_3_1\">subject <abbr class=\"required\" title=\"required\">*<\/abbr><\/label> <input name=\"avia_3_1\" class=\"text_input is_empty\" type=\"text\" id=\"avia_3_1\" value=\"\" \/><\/p><p class='  first_form  form_element form_fullwidth' id='element_avia_4_1'><label for=\"avia_4_1\" class=\"textare_label hidden textare_label_avia_4_1\">your message <abbr class=\"required\" title=\"required\">*<\/abbr><\/label><textarea  name=\"avia_4_1\" class=\"text_area is_empty\" cols=\"40\" rows=\"7\" id=\"avia_4_1\" ><\/textarea><\/p><p class='  first_form  form_element form_fullwidth' id='element_avia_5_1'><input  name=\"avia_5_1\" class=\"input_checkbox is_empty\" type=\"checkbox\" id=\"avia_5_1\" value=\"true\"\/><label class=\"input_checkbox_label\" for=\"avia_5_1\">I agree that I have read the <a href=\"https:\/\/stagehands.net\/en\/privacy\/\" target=\"_blank\" rel=\"noopener\">privacy policy<\/a>. I agree that my provided data will be electronically saved. Note: You may reject your confirmation of data use at any time by simply sending us an email to <a href=\"mailto:mail@stagehands.net\">mail@stagehands.net<\/a> <abbr class=\"required\" title=\"required\">*<\/abbr><\/label><\/p><p class=\"hidden\"><input type=\"text\" name=\"avia_6_1\" class=\"hidden \" id=\"avia_6_1\" value=\"\" \/><\/p><p class='   form_element form_fullwidth' id='element_avia_7_1'><span class='value_verifier_label'>0 + 1 = ?<\/span><input name=\"avia_7_1_verifier\" type=\"hidden\" id=\"avia_7_1_verifier\" value=\"316624817\"\/><label for=\"avia_7_1\">Please prove that you are human by solving the equation <abbr class=\"required\" title=\"required\">*<\/abbr><\/label><input name=\"avia_7_1\" class=\"text_input captcha\" type=\"text\" id=\"avia_7_1\" value=\"\"\/><\/p><p class=\"form_element \"><input type=\"hidden\" value=\"1\" name=\"avia_generated_form1\" \/><input type=\"submit\" value=\"send\" class=\"button\"  data-sending-label=\"Sending\"\/><\/p><\/fieldset><\/form><div id=\"ajaxresponse_1\" class=\"ajaxresponse ajaxresponse_1 hidden\"><\/div><\/div>\n\n<\/div><\/div><\/div><!-- close content main div --><\/div><\/div><div id='av_section_4'  class='avia-section av-688tgo-516976b66b1af6c953c034f68daa9853 alternate_color avia-section-large avia-no-border-styling  avia-builder-el-12  el_after_av_section  el_before_av_google_map  avia-bg-style-scroll container_wrap fullsize'  ><div class='container av-section-cont-open' ><div class='template-page content  av-content-full alpha units'><div class='post-entry post-entry-type-page post-entry-416'><div class='entry-content-wrapper clearfix'>\n<section  class='av_textblock_section av-60mpeo-29942512c1b41a25a36af61b9eca4ac2 '   itemscope=\"itemscope\" itemtype=\"https:\/\/schema.org\/CreativeWork\" ><div class='avia_textblock'  itemprop=\"text\" ><h2 style=\"text-align: center;\">Stagehands Locations\u00a0&#8211; <strong>International<\/strong><\/h2>\n<\/div><\/section>\n\n<div  class='av_gmaps_sc_main_wrap av_gmaps_main_wrap '><div id='av_gmap_0' class='avia-google-map-container avia-google-map-sc av_gmaps_show_unconditionally av-no-fallback-img ' data-mapid='av_gmap_0'  style='height: 350px;'><a class=\"av_gmaps_browser_disabled av_text_confirm_link av_text_confirm_link_visible\" href=\"https:\/\/www.google.com\/maps\/search\/?api=1&#038;query=Berlin%20%20Berlin%20%20Deutschland\" target=\"_blank\">Maps were disabled by the visitor on this site. Click to open the map in a new window.<\/a><\/div><\/div>\n<div id='kontakt-content'  class='avia-section av-vll94-05d06bfc77f7d981b769e3d0e842a2f1 main_color avia-section-large avia-no-border-styling  avia-builder-el-15  el_after_av_google_map  avia-builder-el-last  avia-bg-style-scroll container_wrap fullsize'  ><div class='container av-section-cont-open' ><div class='template-page content  av-content-full alpha units'><div class='post-entry post-entry-type-page post-entry-416'><div class='entry-content-wrapper clearfix'>\n\n<style type=\"text\/css\" data-created_by=\"avia_inline_auto\" id=\"style-css-av-tm0v4-b5a30bdd8a74a36bc9745231a2691647\">\n.flex_column.av-tm0v4-b5a30bdd8a74a36bc9745231a2691647{\nborder-radius:0px 0px 0px 0px;\npadding:0px 0px 0px 0px;\n}\n<\/style>\n<div  class='flex_column av-tm0v4-b5a30bdd8a74a36bc9745231a2691647 av_one_third  avia-builder-el-16  el_before_av_one_third  avia-builder-el-first  first flex_column_div av-zero-column-padding  '     ><section  class='av_textblock_section av-k1g5hpdt-c9442f2acaec1f8f269618c2689f2085 '   itemscope=\"itemscope\" itemtype=\"https:\/\/schema.org\/CreativeWork\" ><div class='avia_textblock'  itemprop=\"text\" ><h3>OFFICE<strong> BERLIN<\/strong><\/h3>\n<p>Stagehands<br \/>\nGiselastra\u00dfe 4<br \/>\n10317 Berlin<br \/>\nGermany<\/p>\n<p>Freecall International<br \/>\n00 800 44 22 88 00<\/p>\n<p><a href=\"mailto:mail@stagehands.net\">mail@stagehands.net<\/a><\/p>\n<h3>OFFICE<b>\u00a0ESSEN-RUHR<\/b><\/h3>\n<p>Stagehands.net<br \/>\nR\u00fcttenscheider Str. 120<br \/>\n45131 Essen<br \/>\nGermany<\/p>\n<p><b>Other Locations:<\/b><\/p>\n<ul>\n<li>Bremen<\/li>\n<li>Dresden<\/li>\n<li>Frankfurt<\/li>\n<li>Hannover<\/li>\n<li>Hamburg<\/li>\n<li>Karlsruhe<\/li>\n<li>K\u00f6ln<\/li>\n<li>Leipzig<\/li>\n<li>N\u00fcrnberg<\/li>\n<li>M\u00fcnchen<\/li>\n<li>Stuttgart<\/li>\n<li>W\u00fcrzburg<\/li>\n<\/ul>\n<\/div><\/section><\/div>\n<style type=\"text\/css\" data-created_by=\"avia_inline_auto\" id=\"style-css-av-jwunc-4fcd158ffd92a9b896798912b76a4261\">\n.flex_column.av-jwunc-4fcd158ffd92a9b896798912b76a4261{\nborder-radius:0px 0px 0px 0px;\npadding:0px 0px 0px 0px;\n}\n<\/style>\n<div  class='flex_column av-jwunc-4fcd158ffd92a9b896798912b76a4261 av_one_third  avia-builder-el-18  el_after_av_one_third  el_before_av_one_third  flex_column_div av-zero-column-padding  '     ><section  class='av_textblock_section av-k1g5ji4a-378d18c35c5d80f9f48c30b4342d78b3 '   itemscope=\"itemscope\" itemtype=\"https:\/\/schema.org\/CreativeWork\" ><div class='avia_textblock'  itemprop=\"text\" ><h3>OFFICE <b>FRANCE<\/b><\/h3>\n<p>Stagehands.fr<br \/>\n10 rue de Madagascar<br \/>\n75012 Paris<br \/>\nFrance<\/p>\n<p>Phone<br \/>\n+33 1 87 17 34 35<\/p>\n<p><a href=\"mailto:mail@stagehands.net\">mail@stagehands.net<\/a><\/p>\n<p><b>Other Locations:<\/b><\/p>\n<ul>\n<li>Toulouse<\/li>\n<li>Cannes<\/li>\n<li>Marseille<\/li>\n<li>Le Mans &#8211; Rennes<\/li>\n<li>Bordeaux<\/li>\n<li>Lyon<\/li>\n<li>Nantes<\/li>\n<\/ul>\n<h3>OFFICE <b>JAPAN<\/b><\/h3>\n<p>Stagehands.jp<br \/>\nKoishikawa 5-39-2-407 Bunkyo-ku ,<br \/>\nTokyo 112-0002 Japan<\/p>\n<p>Freecall International<br \/>\n00 800 44 22 88 00<\/p>\n<p><a href=\"mailto:mail@stagehands.net\">mail@stagehands.net<\/a><\/p>\n<ul>\n<li>Lighting Design &amp; Operation<\/li>\n<li>Production Services for Stage and Event<\/li>\n<li>Technical Interpreter German-Japanese-English<\/li>\n<\/ul>\n<\/div><\/section><\/div>\n<style type=\"text\/css\" data-created_by=\"avia_inline_auto\" id=\"style-css-av-foke8-ed4b8cc04fd3800814a089a521c89924\">\n.flex_column.av-foke8-ed4b8cc04fd3800814a089a521c89924{\nborder-radius:0px 0px 0px 0px;\npadding:0px 0px 0px 0px;\n}\n<\/style>\n<div  class='flex_column av-foke8-ed4b8cc04fd3800814a089a521c89924 av_one_third  avia-builder-el-20  el_after_av_one_third  avia-builder-el-last  flex_column_div av-zero-column-padding  '     ><section  class='av_textblock_section av-awy5k-05c0dd11d7f5b8188159ab170131a10c '   itemscope=\"itemscope\" itemtype=\"https:\/\/schema.org\/CreativeWork\" ><div class='avia_textblock'  itemprop=\"text\" ><h3>OFFICE <b>GREECE<\/b><\/h3>\n<p>Stagehands.net<br \/>\nKnossou<br \/>\nKallithea<br \/>\n1765 Athens<br \/>\nGreece<\/p>\n<p>Freecall international<br \/>\n00 800 44 22 88 00<\/p>\n<p><a href=\"mailto:mail@stagehands.net\">mail@stagehands.net<\/a><\/p>\n<h3>OFFICE <strong>TURKEY<\/strong><\/h3>\n<p>Stagehands.com.tr<br \/>\nYakomoz Sitesi A2D11<br \/>\nDar\u00fc\u015f\u015fafaka<br \/>\n34457 Sar\u0131yer\/\u0130stanbul<br \/>\nT\u00fcrkei<\/p>\n<p>Freecall international<br \/>\n00 800 44 22 88 00<\/p>\n<p><a href=\"mailto:mail@stagehands.net\">mail@stagehands.net<\/a><\/p>\n<h3><strong>INTERNATIONAL <\/strong>LOCATIONS<\/h3>\n<p><b>World wide cooperations<\/b><\/p>\n<p>Book us world-wide for roadshows and projects abroad,<\/p>\n<p>Even if you can&#8217;t find the city on our map, we simply can not list every single location where we can delivery you good local staff. So don&#8217;t hesitate, ask for our assistance also in:<\/p>\n<ul>\n<li>Africa<\/li>\n<li>Asia<\/li>\n<li>Australia<\/li>\n<li>Europe<\/li>\n<li>North America(USA &amp; Canada)<\/li>\n<li>Russian Federation<\/li>\n<li>South America<\/li>\n<\/ul>\n<p>Freecall international<br \/>\n00 800 44 22 88 00<\/p>\n<p><a href=\"mailto:mail@stagehands.net\">mail@stagehands.net<\/a><\/p>\n<\/div><\/section><\/div>\n","protected":false},"excerpt":{"rendered":"","protected":false},"author":1,"featured_media":0,"parent":0,"menu_order":0,"comment_status":"closed","ping_status":"closed","template":"","meta":{"footnotes":""},"class_list":["post-416","page","type-page","status-publish","hentry"],"yoast_head":"<!-- This site is optimized with the Yoast SEO Premium plugin v22.1 (Yoast SEO v26.7) - https:\/\/yoast.com\/wordpress\/plugins\/seo\/ -->\n<title>Contact - Stagehands.net<\/title>\n<meta name=\"robots\" content=\"index, follow, max-snippet:-1, max-image-preview:large, max-video-preview:-1\" \/>\n<link rel=\"canonical\" href=\"https:\/\/stagehands.net\/en\/contact\/\" \/>\n<meta property=\"og:locale\" content=\"en_US\" \/>\n<meta property=\"og:type\" content=\"article\" \/>\n<meta property=\"og:title\" content=\"Contact\" \/>\n<meta property=\"og:url\" content=\"https:\/\/stagehands.net\/en\/contact\/\" \/>\n<meta property=\"og:site_name\" content=\"Stagehands.net\" \/>\n<meta property=\"article:publisher\" content=\"https:\/\/www.facebook.com\/Stagehands.net\" \/>\n<meta property=\"article:modified_time\" content=\"2025-07-24T09:14:08+00:00\" \/>\n<meta name=\"twitter:card\" content=\"summary_large_image\" \/>\n<meta name=\"twitter:label1\" content=\"Est. reading time\" \/>\n\t<meta name=\"twitter:data1\" content=\"3 minutes\" \/>\n<script type=\"application\/ld+json\" class=\"yoast-schema-graph\">{\"@context\":\"https:\/\/schema.org\",\"@graph\":[{\"@type\":\"WebPage\",\"@id\":\"https:\/\/stagehands.net\/en\/contact\/\",\"url\":\"https:\/\/stagehands.net\/en\/contact\/\",\"name\":\"Contact - Stagehands.net\",\"isPartOf\":{\"@id\":\"https:\/\/stagehands.net\/en\/#website\"},\"datePublished\":\"2015-12-07T14:40:31+00:00\",\"dateModified\":\"2025-07-24T09:14:08+00:00\",\"breadcrumb\":{\"@id\":\"https:\/\/stagehands.net\/en\/contact\/#breadcrumb\"},\"inLanguage\":\"en-US\",\"potentialAction\":[{\"@type\":\"ReadAction\",\"target\":[\"https:\/\/stagehands.net\/en\/contact\/\"]}]},{\"@type\":\"BreadcrumbList\",\"@id\":\"https:\/\/stagehands.net\/en\/contact\/#breadcrumb\",\"itemListElement\":[{\"@type\":\"ListItem\",\"position\":1,\"name\":\"Startseite\",\"item\":\"https:\/\/stagehands.net\/en\/\"},{\"@type\":\"ListItem\",\"position\":2,\"name\":\"Contact\"}]},{\"@type\":\"WebSite\",\"@id\":\"https:\/\/stagehands.net\/en\/#website\",\"url\":\"https:\/\/stagehands.net\/en\/\",\"name\":\"Stagehands.net\",\"description\":\"LOKALE EVENT CREW - WELTWEIT\",\"publisher\":{\"@id\":\"https:\/\/stagehands.net\/en\/#organization\"},\"potentialAction\":[{\"@type\":\"SearchAction\",\"target\":{\"@type\":\"EntryPoint\",\"urlTemplate\":\"https:\/\/stagehands.net\/en\/?s={search_term_string}\"},\"query-input\":{\"@type\":\"PropertyValueSpecification\",\"valueRequired\":true,\"valueName\":\"search_term_string\"}}],\"inLanguage\":\"en-US\"},{\"@type\":\"Organization\",\"@id\":\"https:\/\/stagehands.net\/en\/#organization\",\"name\":\"Stagehands\",\"url\":\"https:\/\/stagehands.net\/en\/\",\"logo\":{\"@type\":\"ImageObject\",\"inLanguage\":\"en-US\",\"@id\":\"https:\/\/stagehands.net\/en\/#\/schema\/logo\/image\/\",\"url\":\"https:\/\/stagehands.net\/wp-content\/uploads\/2020\/09\/Stagehands_klein-e1598948736497.png\",\"contentUrl\":\"https:\/\/stagehands.net\/wp-content\/uploads\/2020\/09\/Stagehands_klein-e1598948736497.png\",\"width\":360,\"height\":86,\"caption\":\"Stagehands\"},\"image\":{\"@id\":\"https:\/\/stagehands.net\/en\/#\/schema\/logo\/image\/\"},\"sameAs\":[\"https:\/\/www.facebook.com\/Stagehands.net\",\"https:\/\/www.linkedin.com\/company\/stagehandsworldwide\"]}]}<\/script>\n<!-- \/ Yoast SEO Premium plugin. -->","yoast_head_json":{"title":"Contact - Stagehands.net","robots":{"index":"index","follow":"follow","max-snippet":"max-snippet:-1","max-image-preview":"max-image-preview:large","max-video-preview":"max-video-preview:-1"},"canonical":"https:\/\/stagehands.net\/en\/contact\/","og_locale":"en_US","og_type":"article","og_title":"Contact","og_url":"https:\/\/stagehands.net\/en\/contact\/","og_site_name":"Stagehands.net","article_publisher":"https:\/\/www.facebook.com\/Stagehands.net","article_modified_time":"2025-07-24T09:14:08+00:00","twitter_card":"summary_large_image","twitter_misc":{"Est. reading time":"3 minutes"},"schema":{"@context":"https:\/\/schema.org","@graph":[{"@type":"WebPage","@id":"https:\/\/stagehands.net\/en\/contact\/","url":"https:\/\/stagehands.net\/en\/contact\/","name":"Contact - Stagehands.net","isPartOf":{"@id":"https:\/\/stagehands.net\/en\/#website"},"datePublished":"2015-12-07T14:40:31+00:00","dateModified":"2025-07-24T09:14:08+00:00","breadcrumb":{"@id":"https:\/\/stagehands.net\/en\/contact\/#breadcrumb"},"inLanguage":"en-US","potentialAction":[{"@type":"ReadAction","target":["https:\/\/stagehands.net\/en\/contact\/"]}]},{"@type":"BreadcrumbList","@id":"https:\/\/stagehands.net\/en\/contact\/#breadcrumb","itemListElement":[{"@type":"ListItem","position":1,"name":"Startseite","item":"https:\/\/stagehands.net\/en\/"},{"@type":"ListItem","position":2,"name":"Contact"}]},{"@type":"WebSite","@id":"https:\/\/stagehands.net\/en\/#website","url":"https:\/\/stagehands.net\/en\/","name":"Stagehands.net","description":"LOKALE EVENT CREW - WELTWEIT","publisher":{"@id":"https:\/\/stagehands.net\/en\/#organization"},"potentialAction":[{"@type":"SearchAction","target":{"@type":"EntryPoint","urlTemplate":"https:\/\/stagehands.net\/en\/?s={search_term_string}"},"query-input":{"@type":"PropertyValueSpecification","valueRequired":true,"valueName":"search_term_string"}}],"inLanguage":"en-US"},{"@type":"Organization","@id":"https:\/\/stagehands.net\/en\/#organization","name":"Stagehands","url":"https:\/\/stagehands.net\/en\/","logo":{"@type":"ImageObject","inLanguage":"en-US","@id":"https:\/\/stagehands.net\/en\/#\/schema\/logo\/image\/","url":"https:\/\/stagehands.net\/wp-content\/uploads\/2020\/09\/Stagehands_klein-e1598948736497.png","contentUrl":"https:\/\/stagehands.net\/wp-content\/uploads\/2020\/09\/Stagehands_klein-e1598948736497.png","width":360,"height":86,"caption":"Stagehands"},"image":{"@id":"https:\/\/stagehands.net\/en\/#\/schema\/logo\/image\/"},"sameAs":["https:\/\/www.facebook.com\/Stagehands.net","https:\/\/www.linkedin.com\/company\/stagehandsworldwide"]}]}},"_links":{"self":[{"href":"https:\/\/stagehands.net\/en\/wp-json\/wp\/v2\/pages\/416","targetHints":{"allow":["GET"]}}],"collection":[{"href":"https:\/\/stagehands.net\/en\/wp-json\/wp\/v2\/pages"}],"about":[{"href":"https:\/\/stagehands.net\/en\/wp-json\/wp\/v2\/types\/page"}],"author":[{"embeddable":true,"href":"https:\/\/stagehands.net\/en\/wp-json\/wp\/v2\/users\/1"}],"replies":[{"embeddable":true,"href":"https:\/\/stagehands.net\/en\/wp-json\/wp\/v2\/comments?post=416"}],"version-history":[{"count":40,"href":"https:\/\/stagehands.net\/en\/wp-json\/wp\/v2\/pages\/416\/revisions"}],"predecessor-version":[{"id":18503,"href":"https:\/\/stagehands.net\/en\/wp-json\/wp\/v2\/pages\/416\/revisions\/18503"}],"wp:attachment":[{"href":"https:\/\/stagehands.net\/en\/wp-json\/wp\/v2\/media?parent=416"}],"curies":[{"name":"wp","href":"https:\/\/api.w.org\/{rel}","templated":true}]}}