{"id":4130,"date":"2019-10-21T16:38:47","date_gmt":"2019-10-21T14:38:47","guid":{"rendered":"https:\/\/stagehands.net\/jobs\/"},"modified":"2020-12-16T12:40:41","modified_gmt":"2020-12-16T11:40:41","slug":"jobs","status":"publish","type":"page","link":"https:\/\/stagehands.net\/fr\/jobs\/","title":{"rendered":"Jobs"},"content":{"rendered":"<section  class='av_textblock_section av-270q9o-ab30378bff565bae10c34f54b5595ab0 '   itemscope=\"itemscope\" itemtype=\"https:\/\/schema.org\/CreativeWork\" ><div class='avia_textblock'  itemprop=\"text\" ><div id=\"js_lpl\" class=\"_5pbx userContent _3576\" data-testid=\"post_message\" data-ft=\"{\">\n<div id=\"id_5dad862ddb0262845044927\" class=\"text_exposed_root text_exposed\">\n<p>*** EMPLOIS EN FRANCE***<\/p>\n<p>Stagehands est un prestataire de services dans le secteur de l\u2019\u00e9v\u00e9nementiel op\u00e9rant \u00e0 l&rsquo;\u00e9chelle mondiale. Nous recherchons actuellement des roads pour des missions ponctuelles dans toute la France. Une premi\u00e8re exp\u00e9rience de montage\/d\u00e9montage ou de construction dans le secteur de l\u2019\u00e9v\u00e9nementiel est souhaitable. La connaissance du Fran\u00e7ais et de bonnes bases en Anglais sont requises. Si vous souhaitez rejoindre nos \u00e9quipes internationales, veuillez nous envoyer votre candidature: CV accompagn\u00e9 d\u2019une description de votre exp\u00e9rience dans le secteur de l&rsquo;\u00e9v\u00e9nementiel.<\/p>\n<\/div>\n<\/div>\n<div class=\"_3x-2\" data-ft=\"{\">\n<div data-ft=\"{\">\n<div class=\"mtm\">\n<div>\n<div class=\"_6m2 _28_q _1zpr _5qqr _59ap _64lx _3eqz _1-9r _2rk1 _20pq _3eqw _dcs _41u- _3n1j\"><\/div>\n<\/div>\n<\/div>\n<\/div>\n<\/div>\n<\/div><\/section>\n<style>\n    .wl-joblist a {\n        display: block;\n        color: #3c4e52;\n        flex: 1 0 auto;\n    }\n\n    .wl-joblist-heading {\n        word-wrap: break-word;\n    }\n\n    .wl-joblist .wl-joblist-row {\n        border-bottom: 1px solid #235FA8;\n        padding: 8px 4px;\n        position: relative;\n        display: flex;\n        flex-wrap: wrap;\n        align-items: center;\n    }\n\n    .wl-joblist .wl-joblist-row:first-child {\n        border-top: 1px solid #235FA8;\n    }\n\n    .wl-joblist .wl-joblist-row .wl-joblist-row-data {\n        display: flex;\n        flex-direction: column;\n        flex-grow: 99;\n        margin-bottom: 4px;\n    }\n\n    .wl-joblist .wl-joblist-row .wl-joblist-row-detail-button {\n        flex-grow: 1;\n        width:100%\n    }\n\n    .wl-joblist .wl-joblist-row .wl-joblist-row-detail-button:hover {\n        opacity: 0.7;\n    }\n\n    .wl-joblist-header-section {\n        margin-bottom: 20px;\n    }\n\n    .wl-joblist-header-section .button.wl-joblist-heading {\n        display: inline-block !important;\n        background-color: white;\n        border: 1px solid #235FA8;\n        color: #3c4e52;\n        margin: 10px 10px 10px 0px;\n    }\n\n    .wl-joblist-header-section .button.wl-joblist-heading.active {\n        background: #235FA8;\n        color: white;\n    } \n\n    .wl-joblist-header-section .button.wl-joblist-heading.active h4 {\n        color: white;\n    }\n\n    .wl-joblist-header-section .button.wl-joblist-heading:hover {\n        background: #235FA8;\n    }\n\n    .wl-joblist-header-section .button.wl-joblist-heading:hover h4 {\n        color: white;\n    }\n<\/style>\n<div class='column-top-margin flex_column first flex_column_div av-zero-column-padding  el_before_av_one_third'>\n    <section class='av_textblock_section wl-joblist-header-section'>\n        <button class=\"button wl-joblist-heading active\" type=\"submit\" data-id=\"#all\"> All<\/button>\n        <button class=\"button wl-joblist-heading\" type=\"submit\" data-id=\"#327\">Paris, France<\/button>\n\n    <\/section>\n<\/div>\n<div class='flex_column flex_column_div av-zero-column-padding  el_before_av_one_third'>\n    <div id=\"all\" class='avia_textblock wl-joblist' itemprop='text'>\n        <div class=\"wl-joblist-row\">\n            <div class=\"wl-joblist-row-data\">\n                <a href='https:\/\/stagehands.net\/fr\/jobs\/project-manager-m-f-d-2\/'>\n                    <h4 style=\"color:#505050 !important;\">Project manager (m\/f\/d)<\/h4>\n                <\/a>\n                <div>\n                    Paris, France\n                <\/div>\n            <\/div>\n            <a href='https:\/\/stagehands.net\/fr\/jobs\/project-manager-m-f-d-2\/'>\n                <button class=\"button wl-joblist-row-detail-button\" type=\"submit\">Details<\/button>\n            <\/a>\n        <\/div>\n        <div class=\"wl-joblist-row\">\n            <div class=\"wl-joblist-row-data\">\n                <a href='https:\/\/stagehands.net\/fr\/jobs\/event-crew-m-f-d-2\/'>\n                    <h4 style=\"color:#505050 !important;\">Event Crew (m\/f\/d)<\/h4>\n                <\/a>\n                <div>\n                    Paris, France\n                <\/div>\n            <\/div>\n            <a href='https:\/\/stagehands.net\/fr\/jobs\/event-crew-m-f-d-2\/'>\n                <button class=\"button wl-joblist-row-detail-button\" type=\"submit\">Details<\/button>\n            <\/a>\n        <\/div>\n    <\/div>\n    <div id=\"327\" class='avia_textblock wl-joblist' itemprop='text' style=\"display:none\">\n        <div class=\"wl-joblist-row\">\n            <div class=\"wl-joblist-row-data\">\n                <a href='https:\/\/stagehands.net\/fr\/jobs\/project-manager-m-f-d-2\/'>\n                    <h4>Project manager (m\/f\/d)<\/h4>\n                <\/a>\n                <div>\n                    Paris, France\n                <\/div>\n            <\/div>\n            <a href='https:\/\/stagehands.net\/fr\/jobs\/project-manager-m-f-d-2\/'>\n                <button class=\"button wl-joblist-row-detail-button\" type=\"submit\">Details<\/button>\n            <\/a>\n        <\/div>\n        <div class=\"wl-joblist-row\">\n            <div class=\"wl-joblist-row-data\">\n                <a href='https:\/\/stagehands.net\/fr\/jobs\/event-crew-m-f-d-2\/'>\n                    <h4>Event Crew (m\/f\/d)<\/h4>\n                <\/a>\n                <div>\n                    Paris, France\n                <\/div>\n            <\/div>\n            <a href='https:\/\/stagehands.net\/fr\/jobs\/event-crew-m-f-d-2\/'>\n                <button class=\"button wl-joblist-row-detail-button\" type=\"submit\">Details<\/button>\n            <\/a>\n        <\/div>\n    <\/div>\n<\/div>\n\n<script>\n    const $ = jQuery;\n    $(document).ready(function () {\n        var lists = $(\".wl-joblist\");\n        var buttons = $('.wl-joblist-heading');\n        buttons.on(\"click\", function (event) {\n            event.preventDefault();\n            event.stopPropagation();\n            buttons.removeClass('active');\n            var currentElement = event.currentTarget\n            currentElement.classList.add('active');\n            lists.hide();\n            var id = currentElement.getAttribute('data-id');\n            $(id).show();\n            return false;\n        })\n    });\n<\/script>\n","protected":false},"excerpt":{"rendered":"","protected":false},"author":1,"featured_media":0,"parent":0,"menu_order":0,"comment_status":"closed","ping_status":"closed","template":"","meta":{"footnotes":""},"class_list":["post-4130","page","type-page","status-publish","hentry"],"yoast_head":"<!-- This site is optimized with the Yoast SEO Premium plugin v22.1 (Yoast SEO v26.7) - https:\/\/yoast.com\/wordpress\/plugins\/seo\/ -->\n<title>Jobs - Stagehands.net<\/title>\n<meta name=\"robots\" content=\"index, follow, max-snippet:-1, max-image-preview:large, max-video-preview:-1\" \/>\n<link rel=\"canonical\" href=\"https:\/\/stagehands.net\/fr\/jobs\/\" \/>\n<meta property=\"og:locale\" content=\"fr_FR\" \/>\n<meta property=\"og:type\" content=\"article\" \/>\n<meta property=\"og:title\" content=\"Jobs\" \/>\n<meta property=\"og:url\" content=\"https:\/\/stagehands.net\/fr\/jobs\/\" \/>\n<meta property=\"og:site_name\" content=\"Stagehands.net\" \/>\n<meta property=\"article:publisher\" content=\"https:\/\/www.facebook.com\/Stagehands.net\" \/>\n<meta property=\"article:modified_time\" content=\"2020-12-16T11:40:41+00:00\" \/>\n<meta name=\"twitter:card\" content=\"summary_large_image\" \/>\n<meta name=\"twitter:label1\" content=\"Dur\u00e9e de lecture estim\u00e9e\" \/>\n\t<meta name=\"twitter:data1\" content=\"1 minute\" \/>\n<script type=\"application\/ld+json\" class=\"yoast-schema-graph\">{\"@context\":\"https:\/\/schema.org\",\"@graph\":[{\"@type\":\"WebPage\",\"@id\":\"https:\/\/stagehands.net\/fr\/jobs\/\",\"url\":\"https:\/\/stagehands.net\/fr\/jobs\/\",\"name\":\"Jobs - Stagehands.net\",\"isPartOf\":{\"@id\":\"https:\/\/stagehands.net\/en\/#website\"},\"datePublished\":\"2019-10-21T14:38:47+00:00\",\"dateModified\":\"2020-12-16T11:40:41+00:00\",\"breadcrumb\":{\"@id\":\"https:\/\/stagehands.net\/fr\/jobs\/#breadcrumb\"},\"inLanguage\":\"fr-FR\",\"potentialAction\":[{\"@type\":\"ReadAction\",\"target\":[\"https:\/\/stagehands.net\/fr\/jobs\/\"]}]},{\"@type\":\"BreadcrumbList\",\"@id\":\"https:\/\/stagehands.net\/fr\/jobs\/#breadcrumb\",\"itemListElement\":[{\"@type\":\"ListItem\",\"position\":1,\"name\":\"Startseite\",\"item\":\"https:\/\/stagehands.net\/fr\/\"},{\"@type\":\"ListItem\",\"position\":2,\"name\":\"Jobs\"}]},{\"@type\":\"WebSite\",\"@id\":\"https:\/\/stagehands.net\/en\/#website\",\"url\":\"https:\/\/stagehands.net\/en\/\",\"name\":\"Stagehands.net\",\"description\":\"LOKALE EVENT CREW - WELTWEIT\",\"publisher\":{\"@id\":\"https:\/\/stagehands.net\/en\/#organization\"},\"potentialAction\":[{\"@type\":\"SearchAction\",\"target\":{\"@type\":\"EntryPoint\",\"urlTemplate\":\"https:\/\/stagehands.net\/en\/?s={search_term_string}\"},\"query-input\":{\"@type\":\"PropertyValueSpecification\",\"valueRequired\":true,\"valueName\":\"search_term_string\"}}],\"inLanguage\":\"fr-FR\"},{\"@type\":\"Organization\",\"@id\":\"https:\/\/stagehands.net\/en\/#organization\",\"name\":\"Stagehands\",\"url\":\"https:\/\/stagehands.net\/en\/\",\"logo\":{\"@type\":\"ImageObject\",\"inLanguage\":\"fr-FR\",\"@id\":\"https:\/\/stagehands.net\/en\/#\/schema\/logo\/image\/\",\"url\":\"https:\/\/stagehands.net\/wp-content\/uploads\/2020\/09\/Stagehands_klein-e1598948736497.png\",\"contentUrl\":\"https:\/\/stagehands.net\/wp-content\/uploads\/2020\/09\/Stagehands_klein-e1598948736497.png\",\"width\":360,\"height\":86,\"caption\":\"Stagehands\"},\"image\":{\"@id\":\"https:\/\/stagehands.net\/en\/#\/schema\/logo\/image\/\"},\"sameAs\":[\"https:\/\/www.facebook.com\/Stagehands.net\",\"https:\/\/www.linkedin.com\/company\/stagehandsworldwide\"]}]}<\/script>\n<!-- \/ Yoast SEO Premium plugin. -->","yoast_head_json":{"title":"Jobs - Stagehands.net","robots":{"index":"index","follow":"follow","max-snippet":"max-snippet:-1","max-image-preview":"max-image-preview:large","max-video-preview":"max-video-preview:-1"},"canonical":"https:\/\/stagehands.net\/fr\/jobs\/","og_locale":"fr_FR","og_type":"article","og_title":"Jobs","og_url":"https:\/\/stagehands.net\/fr\/jobs\/","og_site_name":"Stagehands.net","article_publisher":"https:\/\/www.facebook.com\/Stagehands.net","article_modified_time":"2020-12-16T11:40:41+00:00","twitter_card":"summary_large_image","twitter_misc":{"Dur\u00e9e de lecture estim\u00e9e":"1 minute"},"schema":{"@context":"https:\/\/schema.org","@graph":[{"@type":"WebPage","@id":"https:\/\/stagehands.net\/fr\/jobs\/","url":"https:\/\/stagehands.net\/fr\/jobs\/","name":"Jobs - Stagehands.net","isPartOf":{"@id":"https:\/\/stagehands.net\/en\/#website"},"datePublished":"2019-10-21T14:38:47+00:00","dateModified":"2020-12-16T11:40:41+00:00","breadcrumb":{"@id":"https:\/\/stagehands.net\/fr\/jobs\/#breadcrumb"},"inLanguage":"fr-FR","potentialAction":[{"@type":"ReadAction","target":["https:\/\/stagehands.net\/fr\/jobs\/"]}]},{"@type":"BreadcrumbList","@id":"https:\/\/stagehands.net\/fr\/jobs\/#breadcrumb","itemListElement":[{"@type":"ListItem","position":1,"name":"Startseite","item":"https:\/\/stagehands.net\/fr\/"},{"@type":"ListItem","position":2,"name":"Jobs"}]},{"@type":"WebSite","@id":"https:\/\/stagehands.net\/en\/#website","url":"https:\/\/stagehands.net\/en\/","name":"Stagehands.net","description":"LOKALE EVENT CREW - WELTWEIT","publisher":{"@id":"https:\/\/stagehands.net\/en\/#organization"},"potentialAction":[{"@type":"SearchAction","target":{"@type":"EntryPoint","urlTemplate":"https:\/\/stagehands.net\/en\/?s={search_term_string}"},"query-input":{"@type":"PropertyValueSpecification","valueRequired":true,"valueName":"search_term_string"}}],"inLanguage":"fr-FR"},{"@type":"Organization","@id":"https:\/\/stagehands.net\/en\/#organization","name":"Stagehands","url":"https:\/\/stagehands.net\/en\/","logo":{"@type":"ImageObject","inLanguage":"fr-FR","@id":"https:\/\/stagehands.net\/en\/#\/schema\/logo\/image\/","url":"https:\/\/stagehands.net\/wp-content\/uploads\/2020\/09\/Stagehands_klein-e1598948736497.png","contentUrl":"https:\/\/stagehands.net\/wp-content\/uploads\/2020\/09\/Stagehands_klein-e1598948736497.png","width":360,"height":86,"caption":"Stagehands"},"image":{"@id":"https:\/\/stagehands.net\/en\/#\/schema\/logo\/image\/"},"sameAs":["https:\/\/www.facebook.com\/Stagehands.net","https:\/\/www.linkedin.com\/company\/stagehandsworldwide"]}]}},"_links":{"self":[{"href":"https:\/\/stagehands.net\/fr\/wp-json\/wp\/v2\/pages\/4130","targetHints":{"allow":["GET"]}}],"collection":[{"href":"https:\/\/stagehands.net\/fr\/wp-json\/wp\/v2\/pages"}],"about":[{"href":"https:\/\/stagehands.net\/fr\/wp-json\/wp\/v2\/types\/page"}],"author":[{"embeddable":true,"href":"https:\/\/stagehands.net\/fr\/wp-json\/wp\/v2\/users\/1"}],"replies":[{"embeddable":true,"href":"https:\/\/stagehands.net\/fr\/wp-json\/wp\/v2\/comments?post=4130"}],"version-history":[{"count":13,"href":"https:\/\/stagehands.net\/fr\/wp-json\/wp\/v2\/pages\/4130\/revisions"}],"predecessor-version":[{"id":18412,"href":"https:\/\/stagehands.net\/fr\/wp-json\/wp\/v2\/pages\/4130\/revisions\/18412"}],"wp:attachment":[{"href":"https:\/\/stagehands.net\/fr\/wp-json\/wp\/v2\/media?parent=4130"}],"curies":[{"name":"wp","href":"https:\/\/api.w.org\/{rel}","templated":true}]}}