{"id":793,"date":"2016-08-12T11:24:28","date_gmt":"2016-08-12T09:24:28","guid":{"rendered":"http:\/\/stagehands.net\/fr\/?page_id=793"},"modified":"2025-07-24T11:19:47","modified_gmt":"2025-07-24T09:19:47","slug":"contact","status":"publish","type":"page","link":"https:\/\/stagehands.net\/fr\/contact\/","title":{"rendered":"Contact"},"content":{"rendered":"\n<style type=\"text\/css\" data-created_by=\"avia_inline_auto\" id=\"style-css-av-57cdoh-064cd93f443a353c56eb0611dfafef9a\">\n.avia-section.av-57cdoh-064cd93f443a353c56eb0611dfafef9a .av-parallax .av-parallax-inner{\nbackground-color:#235fa8;\nbackground-image:url(https:\/\/stagehands.net\/wp-content\/uploads\/2015\/12\/angebot-bg3.png);\nbackground-repeat:no-repeat;\nbackground-position:50% 50%;\nbackground-attachment:scroll;\n}\n<\/style>\n<div id='kontakt-main'  class='avia-section av-57cdoh-064cd93f443a353c56eb0611dfafef9a alternate_color avia-section-huge avia-no-border-styling  avia-builder-el-0  el_before_av_section  avia-builder-el-first  av-parallax-section avia-bg-style-parallax container_wrap fullsize'  data-section-bg-repeat='no-repeat'><div class='av-parallax' data-avia-parallax-ratio='0.3' ><div class='av-parallax-inner alternate_color avia-full-stretch'><\/div><\/div><div class='container av-section-cont-open' ><main  role=\"main\" itemprop=\"mainContentOfPage\"  class='template-page content  av-content-full alpha units'><div class='post-entry post-entry-type-page post-entry-793'><div class='entry-content-wrapper clearfix'>\n\n<style type=\"text\/css\" data-created_by=\"avia_inline_auto\" id=\"style-css-av-50jz2h-7d1f9fa6aa059aaf41103c25c1cd4e22\">\n.flex_column.av-50jz2h-7d1f9fa6aa059aaf41103c25c1cd4e22{\nborder-radius:0px 0px 0px 0px;\npadding:0px 0px 0px 0px;\n}\n<\/style>\n<div  class='flex_column av-50jz2h-7d1f9fa6aa059aaf41103c25c1cd4e22 av_one_full  avia-builder-el-1  avia-builder-el-no-sibling  first flex_column_div av-animated-generic bottom-to-top av-zero-column-padding  '     ><section  class='av_textblock_section av-4tc9j5-00fead79f891b4c3b3011b73523c658b '   itemscope=\"itemscope\" itemtype=\"https:\/\/schema.org\/CreativeWork\" ><div class='avia_textblock'  itemprop=\"text\" ><h1 style=\"text-align: center;\">Stagehands <b>Contact<\/b><\/h1>\n<p style=\"text-align: center;\">NOUS CONTACTER<\/p>\n<\/div><\/section><\/div>\n\n<\/div><\/div><\/main><!-- close content main element --><\/div><\/div><div id='av_section_2'  class='avia-section av-4nq95l-96357391157e6722696bd91be9d0150e alternate_color avia-section-large avia-no-border-styling  avia-builder-el-3  el_after_av_section  el_before_av_section  avia-bg-style-scroll container_wrap fullsize'  ><div class='container av-section-cont-open' ><div class='template-page content  av-content-full alpha units'><div class='post-entry post-entry-type-page post-entry-793'><div class='entry-content-wrapper clearfix'>\n<section  class='av_textblock_section av-4krmf5-9dcfbeeca8ce8c68dd82fb963cc956b0 '   itemscope=\"itemscope\" itemtype=\"https:\/\/schema.org\/CreativeWork\" ><div class='avia_textblock'  itemprop=\"text\" ><h2 style=\"text-align: center;\">Contact et demande de devis<\/h2>\n<\/div><\/section>\n\n<\/div><\/div><\/div><!-- close content main div --><\/div><\/div><div id='av_section_3'  class='avia-section av-4gj6rl-cb8540a438fe5831ded2bc62d0ebdeca main_color avia-section-large avia-no-border-styling  avia-builder-el-5  el_after_av_section  el_before_av_section  avia-bg-style-scroll container_wrap fullsize'  ><div class='container av-section-cont-open' ><div class='template-page content  av-content-full alpha units'><div class='post-entry post-entry-type-page post-entry-793'><div class='entry-content-wrapper clearfix'>\n\n<style type=\"text\/css\" data-created_by=\"avia_inline_auto\" id=\"style-css-av-4ahcy1-946b6c7e6223fc0cc3c78ec40ad2fc8f\">\n.flex_column.av-4ahcy1-946b6c7e6223fc0cc3c78ec40ad2fc8f{\nborder-radius:0px 0px 0px 0px;\npadding:40px 30px 40px 30px;\nbackground-color:#235fa8;\n}\n<\/style>\n<div  class='flex_column av-4ahcy1-946b6c7e6223fc0cc3c78ec40ad2fc8f av_one_third  avia-builder-el-6  el_before_av_two_third  avia-builder-el-first  first flex_column_div  '     ><p>\n<style type=\"text\/css\" data-created_by=\"avia_inline_auto\" id=\"style-css-av-447phl-6aee8bd3f264b3819599a902eb7b2fc3\">\n.avia-image-container.av-447phl-6aee8bd3f264b3819599a902eb7b2fc3 img.avia_image{\nbox-shadow:none;\n}\n.avia-image-container.av-447phl-6aee8bd3f264b3819599a902eb7b2fc3 .av-image-caption-overlay-center{\ncolor:#ffffff;\n}\n<\/style>\n<div  class='avia-image-container av-447phl-6aee8bd3f264b3819599a902eb7b2fc3 av-styling- avia-align-center  avia-builder-el-7  el_before_av_hr  avia-builder-el-first '   itemprop=\"image\" itemscope=\"itemscope\" itemtype=\"https:\/\/schema.org\/ImageObject\" ><div class=\"avia-image-container-inner\"><div class=\"avia-image-overlay-wrap\"><img decoding=\"async\" fetchpriority=\"high\" class='wp-image-5187 avia-img-lazy-loading-not-5187 avia_image ' src=\"https:\/\/stagehands.net\/wp-content\/uploads\/2020\/09\/22-years-with-logo.png\" alt='Stagehands' title='22-years-with-logo'  height=\"290\" width=\"510\"  itemprop=\"thumbnailUrl\" srcset=\"https:\/\/stagehands.net\/wp-content\/uploads\/2020\/09\/22-years-with-logo.png 510w, https:\/\/stagehands.net\/wp-content\/uploads\/2020\/09\/22-years-with-logo-300x171.png 300w\" sizes=\"(max-width: 510px) 100vw, 510px\" \/><\/div><\/div><\/div><br \/>\n\n<style type=\"text\/css\" data-created_by=\"avia_inline_auto\" id=\"style-css-av-3w8e4h-0ce7caace20b47092695997ed809c16f\">\n#top .hr.hr-invisible.av-3w8e4h-0ce7caace20b47092695997ed809c16f{\nheight:10px;\n}\n<\/style>\n<div  class='hr av-3w8e4h-0ce7caace20b47092695997ed809c16f hr-invisible  avia-builder-el-8  el_after_av_image  el_before_av_textblock '><span class='hr-inner '><span class=\"hr-inner-style\"><\/span><\/span><\/div><br \/>\n\n<style type=\"text\/css\" data-created_by=\"avia_inline_auto\" id=\"style-css-av-3qejc9-2bd890de9e5db57a61fed8f6e7ea9697\">\n#top .av_textblock_section.av-3qejc9-2bd890de9e5db57a61fed8f6e7ea9697 .avia_textblock{\ncolor:#ffffff;\n}\n<\/style>\n<section  class='av_textblock_section av-3qejc9-2bd890de9e5db57a61fed8f6e7ea9697 '   itemscope=\"itemscope\" itemtype=\"https:\/\/schema.org\/CreativeWork\" ><div class='avia_textblock av_inherit_color'  itemprop=\"text\" ><p style=\"text-align: center;\"><span style=\"color: #ffffff;\">Pour toutes demandes nationales ou internationales, envoyez-nous un email \u00e0\u00a0 <b><a style=\"color: #ffffff;\" href=\"mailto:mail@stagehands.net\">mail@stagehands.net<\/a><\/b><b><\/b><\/span><\/p>\n<p style=\"text-align: center;\"><span style=\"color: #ffffff;\">Pour toutes demandes de derni\u00e8re minute, appelez-nous directement:<\/span><br \/>\n<span style=\"color: #ffffff;\"> <b><a style=\"color: #ffffff;\" href=\"tel:+80044228800\">+800 44 22 88 00<\/a><\/b> &#8211; ligne gratuite internationale<\/span><\/p>\n<p style=\"text-align: center;\"><span style=\"color: #ffffff;\">Nos bureaux sont ouverts du lundi au vendredi 09h00 \u00a0\u2013 18h00. Pour toute urgence et en dehors des heures de bureau, composez notre num\u00e9ro de t\u00e9l\u00e9phone ci-dessus. Nous sommes joignable \u00e0 tout moment !<\/span><\/p>\n<\/div><\/section><\/p><\/div>\n<style type=\"text\/css\" data-created_by=\"avia_inline_auto\" id=\"style-css-av-3koxc1-3425daa9fa72ab787b8cf712ced70d59\">\n.flex_column.av-3koxc1-3425daa9fa72ab787b8cf712ced70d59{\nborder-radius:0px 0px 0px 0px;\npadding:0px 0px 0px 0px;\n}\n<\/style>\n<div  class='flex_column av-3koxc1-3425daa9fa72ab787b8cf712ced70d59 av_two_third  avia-builder-el-10  el_after_av_one_third  avia-builder-el-last  flex_column_div av-zero-column-padding  '     ><form action=\"https:\/\/stagehands.net\/fr\/contact\/\" method=\"post\" data-fields-with-error=\"Erreurs trouv\u00e9es dans les champs suivants :\" class=\"avia_ajax_form av-form-labels-visible   avia-builder-el-11  avia-builder-el-no-sibling   \" data-avia-form-id=\"1\" data-avia-redirect='' ><h3 class=''>envoyez-nous un email<\/h3><fieldset><p class='  first_form  form_element form_fullwidth' id='element_avia_1_1'><label for=\"avia_1_1\">Nom <abbr class=\"required\" title=\"requis(e)\">*<\/abbr><\/label> <input name=\"avia_1_1\" class=\"text_input is_empty\" type=\"text\" id=\"avia_1_1\" value=\"\" \/><\/p><p class='  first_form  form_element form_fullwidth' id='element_avia_2_1'><label for=\"avia_2_1\">Email <abbr class=\"required\" title=\"requis(e)\">*<\/abbr><\/label> <input name=\"avia_2_1\" class=\"text_input is_email\" type=\"text\" id=\"avia_2_1\" value=\"\" \/><\/p><p class='  first_form  form_element form_fullwidth' id='element_avia_3_1'><label for=\"avia_3_1\">Sujet <abbr class=\"required\" title=\"requis(e)\">*<\/abbr><\/label> <input name=\"avia_3_1\" class=\"text_input is_empty\" type=\"text\" id=\"avia_3_1\" value=\"\" \/><\/p><p class='  first_form  form_element form_fullwidth' id='element_avia_4_1'><label for=\"avia_4_1\" class=\"textare_label hidden textare_label_avia_4_1\">Message <abbr class=\"required\" title=\"requis(e)\">*<\/abbr><\/label><textarea  name=\"avia_4_1\" class=\"text_area is_empty\" cols=\"40\" rows=\"7\" id=\"avia_4_1\" ><\/textarea><\/p><p class='  first_form  form_element form_fullwidth' id='element_avia_5_1'><input  name=\"avia_5_1\" class=\"input_checkbox is_empty\" type=\"checkbox\" id=\"avia_5_1\" value=\"true\"\/><label class=\"input_checkbox_label\" for=\"avia_5_1\">I agree that I have read the <a href=\"https:\/\/stagehands.net\/en\/privacy\/\" target=\"_blank\" rel=\"noopener\">privacy policy<\/a>. I agree that my provided data will be electronically saved. Note: You may reject your confirmation of data use at any time by simply sending us an email to <a href=\"mailto:mail@stagehands.net\">mail@stagehands.net<\/a> <abbr class=\"required\" title=\"requis(e)\">*<\/abbr><\/label><\/p><p class=\"hidden\"><input type=\"text\" name=\"avia_6_1\" class=\"hidden \" id=\"avia_6_1\" value=\"\" \/><\/p><p class='   form_element form_fullwidth' id='element_avia_7_1'><span class='value_verifier_label'>0 + 3 = ?<\/span><input name=\"avia_7_1_verifier\" type=\"hidden\" id=\"avia_7_1_verifier\" value=\"843173475\"\/><label for=\"avia_7_1\">Merci de prouver que vous \u00eates un humain en donnant le r\u00e9sultat de cette op\u00e9ration <abbr class=\"required\" title=\"requis(e)\">*<\/abbr><\/label><input name=\"avia_7_1\" class=\"text_input captcha\" type=\"text\" id=\"avia_7_1\" value=\"\"\/><\/p><p class=\"form_element \"><input type=\"hidden\" value=\"1\" name=\"avia_generated_form1\" \/><input type=\"submit\" value=\"Envoyer\" class=\"button\"  data-sending-label=\"Envoi\"\/><\/p><\/fieldset><\/form><div id=\"ajaxresponse_1\" class=\"ajaxresponse ajaxresponse_1 hidden\"><\/div><\/div>\n\n<\/div><\/div><\/div><!-- close content main div --><\/div><\/div><div id='av_section_4'  class='avia-section av-8tx21-c088f1601bd03197834b87f97e7acaa3 alternate_color avia-section-large avia-no-border-styling  avia-builder-el-12  el_after_av_section  el_before_av_google_map  avia-bg-style-scroll container_wrap fullsize'  ><div class='container av-section-cont-open' ><div class='template-page content  av-content-full alpha units'><div class='post-entry post-entry-type-page post-entry-793'><div class='entry-content-wrapper clearfix'>\n<section  class='av_textblock_section av-2b322x-ccf20c55ec6ff99df4c376c433f657ff '   itemscope=\"itemscope\" itemtype=\"https:\/\/schema.org\/CreativeWork\" ><div class='avia_textblock'  itemprop=\"text\" ><h2 style=\"text-align: center;\">ADRESSES STAGEHANDS &#8211; <strong>International<\/strong><\/h2>\n<\/div><\/section>\n\n<div  class='av_gmaps_sc_main_wrap av_gmaps_main_wrap '><div id='av_gmap_0' class='avia-google-map-container avia-google-map-sc av_gmaps_show_unconditionally av-no-fallback-img ' data-mapid='av_gmap_0'  style='height: 350px;'><a class=\"av_gmaps_browser_disabled av_text_confirm_link av_text_confirm_link_visible\" href=\"https:\/\/www.google.com\/maps\/search\/?api=1&#038;query=Corinthstra\u00dfe%2054%20%20Berlin%20%20Deutschland\" target=\"_blank\">Les cartes ont \u00e9t\u00e9 d\u00e9sactiv\u00e9es par le visiteur sur ce site. Cliquer pour ouvrir la carte dans une nouvelle fen\u00eatre.<\/a><\/div><\/div>\n<div id='kontakt-content'  class='avia-section av-zdmx5-176cbb812c7f21bae8645e0baa34a42b main_color avia-section-large avia-no-border-styling  avia-builder-el-15  el_after_av_google_map  avia-builder-el-last  avia-bg-style-scroll container_wrap fullsize'  ><div class='container av-section-cont-open' ><div class='template-page content  av-content-full alpha units'><div class='post-entry post-entry-type-page post-entry-793'><div class='entry-content-wrapper clearfix'>\n\n<style type=\"text\/css\" data-created_by=\"avia_inline_auto\" id=\"style-css-av-2s409-06c5383eab945a2e6a9477554f3d7418\">\n.flex_column.av-2s409-06c5383eab945a2e6a9477554f3d7418{\nborder-radius:0px 0px 0px 0px;\npadding:0px 0px 0px 0px;\n}\n<\/style>\n<div  class='flex_column av-2s409-06c5383eab945a2e6a9477554f3d7418 av_one_third  avia-builder-el-16  el_before_av_one_third  avia-builder-el-first  first flex_column_div av-zero-column-padding  '     ><section  class='av_textblock_section av-k1g5l4it-05c8eb8fbe5c698a700e3f89353a6176 '   itemscope=\"itemscope\" itemtype=\"https:\/\/schema.org\/CreativeWork\" ><div class='avia_textblock'  itemprop=\"text\" ><h3>BUREAU<strong> BERLIN<\/strong><\/h3>\n<p>Stagehands<br \/>\nGiselastra\u00dfe 4<br \/>\n10317 Berlin<br \/>\nAllemagne<\/p>\n<p>Ligne gratuite internationale<br \/>\n+800 44 22 88 00<\/p>\n<p><a href=\"mailto:mail@stagehands.net\">mail@stagehands.net<\/a><\/p>\n<h3>BUREAU<b>\u00a0ESSEN-RUHR<\/b><\/h3>\n<p>Stagehands.net<br \/>\nR\u00fcttenscheider Str. 120<br \/>\n45131 Essen<br \/>\nAllemagne<\/p>\n<p><a href=\"mailto:mail@stagehands.net\">mail@stagehands.net<\/a><\/p>\n<p><strong>Autre lieux\u00a0:<\/strong><\/p>\n<ul>\n<li>Br\u00eame<\/li>\n<li>Dresde<\/li>\n<li>Francfort<\/li>\n<li>Hanovre<\/li>\n<li>Hambourg<\/li>\n<li>Karlsruhe<\/li>\n<li>Cologne<\/li>\n<li>Leipzig<\/li>\n<li>Nuremberg<\/li>\n<li>Munich<\/li>\n<li>Stuttgart<\/li>\n<li>W\u00fcrzburg<\/li>\n<\/ul>\n<\/div><\/section><\/div>\n<style type=\"text\/css\" data-created_by=\"avia_inline_auto\" id=\"style-css-av-msx2x-8fcbc6e618f9ac8abd524ec9a91b6a52\">\n.flex_column.av-msx2x-8fcbc6e618f9ac8abd524ec9a91b6a52{\nborder-radius:0px 0px 0px 0px;\npadding:0px 0px 0px 0px;\n}\n<\/style>\n<div  class='flex_column av-msx2x-8fcbc6e618f9ac8abd524ec9a91b6a52 av_one_third  avia-builder-el-18  el_after_av_one_third  el_before_av_one_third  flex_column_div av-zero-column-padding  '     ><section  class='av_textblock_section av-k1g5m74d-6b283485b9cccba2e7d14a1527335bf5 '   itemscope=\"itemscope\" itemtype=\"https:\/\/schema.org\/CreativeWork\" ><div class='avia_textblock'  itemprop=\"text\" ><h3>BUREAU <strong>FRANCE<\/strong><\/h3>\n<p>Stagehands.fr<br \/>\n10 rue de Madagascar<br \/>\n75012 Paris<br \/>\nFrance<\/p>\n<p>T\u00e9l\u00e9fone<br \/>\n+33 1 87 17 34 35<\/p>\n<p><a href=\"mailto:mail@stagehands.net\">mail@stagehands.net<\/a><\/p>\n<p><strong>Autres lieux :<\/strong><\/p>\n<ul>\n<li>Toulouse<\/li>\n<li>Cannes<\/li>\n<li>Marseille<\/li>\n<li>Le Mans &#8211; Rennes<\/li>\n<li>Bordeaux<\/li>\n<li>Lyon<\/li>\n<li>Nantes<\/li>\n<\/ul>\n<h3>BUREAU<b> JAPON<\/b><\/h3>\n<p>Stagehands.jp<br \/>\nKoishikawa 5-39-2-407 Bunkyo-ku ,<br \/>\nTokyo 112-0002 Japon<\/p>\n<p>Freecall International<br \/>\n+800 44 22 88 00<\/p>\n<p><a href=\"mailto:mail@stagehands.net\">mail@stagehands.net<\/a><\/p>\n<ul>\n<li>Eclairage Design et Op\u00e9ration<\/li>\n<li>Service de production pour la sc\u00e8ne et \u00e9v\u00e9nement<\/li>\n<li>Interpr\u00e8te Technique Allemand-Japonais-Anglais<\/li>\n<\/ul>\n<\/div><\/section><\/div>\n<style type=\"text\/css\" data-created_by=\"avia_inline_auto\" id=\"style-css-av-fmytd-34bceb53d1094384cf001c6554a638a5\">\n.flex_column.av-fmytd-34bceb53d1094384cf001c6554a638a5{\nborder-radius:0px 0px 0px 0px;\npadding:0px 0px 0px 0px;\n}\n<\/style>\n<div  class='flex_column av-fmytd-34bceb53d1094384cf001c6554a638a5 av_one_third  avia-builder-el-20  el_after_av_one_third  avia-builder-el-last  flex_column_div av-zero-column-padding  '     ><section  class='av_textblock_section av-3j5l-0637ed7897a431dae924f1a91755ce72 '   itemscope=\"itemscope\" itemtype=\"https:\/\/schema.org\/CreativeWork\" ><div class='avia_textblock'  itemprop=\"text\" ><h3>BUREAU<b> GR\u00c8CE<\/b><\/h3>\n<p>Stagehands.net<\/p>\n<p>Knossou<br \/>\nKallithea<br \/>\n1765 Athens<br \/>\nGr\u00e8ce<\/p>\n<p>Ligne gratuite internationale<br \/>\n+800 44 22 88 00<\/p>\n<p><a href=\"mailto:mail@stagehands.net\">mail@stagehands.net<\/a><\/p>\n<h3>BUREAU<strong> TURQUIE<\/strong><\/h3>\n<p>Stagehands.com.tr<br \/>\nYakomoz Sitesi A2D11<br \/>\nDar\u00fc\u015f\u015fafaka<br \/>\n34457 Sar\u0131yer\/\u0130stanbul<br \/>\nTurquie<\/p>\n<p>Ligne gratuite internationale<br \/>\n+800 44 22 88 00<\/p>\n<p><a href=\"mailto:mail@stagehands.net\">mail@stagehands.net<\/a><\/p>\n<h3>LIEUX\u00a0<strong>INTERNATIONAUX<\/strong><\/h3>\n<p><b>Une coop\u00e9ration mondiale<\/b><\/p>\n<p>R\u00e9servez avec nous dans le monde entier pour des tourn\u00e9es de pr\u00e9sentation et des projets \u00e0 l&rsquo;\u00e9tranger!<\/p>\n<ul>\n<li>Afrique<\/li>\n<li>Asie<\/li>\n<li>Australie<\/li>\n<li>Europe<\/li>\n<li>Am\u00e9rique du nord<\/li>\n<li>Russie<\/li>\n<li>Am\u00e9rique du sud<\/li>\n<\/ul>\n<p>Ligne gratuite internationale<br \/>\n+800 44 22 88 00<\/p>\n<\/div><\/section><\/div>\n","protected":false},"excerpt":{"rendered":"","protected":false},"author":1,"featured_media":0,"parent":0,"menu_order":0,"comment_status":"closed","ping_status":"closed","template":"","meta":{"footnotes":""},"class_list":["post-793","page","type-page","status-publish","hentry"],"yoast_head":"<!-- This site is optimized with the Yoast SEO Premium plugin v22.1 (Yoast SEO v26.7) - https:\/\/yoast.com\/wordpress\/plugins\/seo\/ -->\n<title>Contact - Stagehands.net<\/title>\n<meta name=\"robots\" content=\"index, follow, max-snippet:-1, max-image-preview:large, max-video-preview:-1\" \/>\n<link rel=\"canonical\" href=\"https:\/\/stagehands.net\/fr\/contact\/\" \/>\n<meta property=\"og:locale\" content=\"fr_FR\" \/>\n<meta property=\"og:type\" content=\"article\" \/>\n<meta property=\"og:title\" content=\"Contact\" \/>\n<meta property=\"og:url\" content=\"https:\/\/stagehands.net\/fr\/contact\/\" \/>\n<meta property=\"og:site_name\" content=\"Stagehands.net\" \/>\n<meta property=\"article:publisher\" content=\"https:\/\/www.facebook.com\/Stagehands.net\" \/>\n<meta property=\"article:modified_time\" content=\"2025-07-24T09:19:47+00:00\" \/>\n<meta name=\"twitter:card\" content=\"summary_large_image\" \/>\n<meta name=\"twitter:label1\" content=\"Dur\u00e9e de lecture estim\u00e9e\" \/>\n\t<meta name=\"twitter:data1\" content=\"3 minutes\" \/>\n<script type=\"application\/ld+json\" class=\"yoast-schema-graph\">{\"@context\":\"https:\/\/schema.org\",\"@graph\":[{\"@type\":\"WebPage\",\"@id\":\"https:\/\/stagehands.net\/fr\/contact\/\",\"url\":\"https:\/\/stagehands.net\/fr\/contact\/\",\"name\":\"Contact - Stagehands.net\",\"isPartOf\":{\"@id\":\"https:\/\/stagehands.net\/en\/#website\"},\"datePublished\":\"2016-08-12T09:24:28+00:00\",\"dateModified\":\"2025-07-24T09:19:47+00:00\",\"breadcrumb\":{\"@id\":\"https:\/\/stagehands.net\/fr\/contact\/#breadcrumb\"},\"inLanguage\":\"fr-FR\",\"potentialAction\":[{\"@type\":\"ReadAction\",\"target\":[\"https:\/\/stagehands.net\/fr\/contact\/\"]}]},{\"@type\":\"BreadcrumbList\",\"@id\":\"https:\/\/stagehands.net\/fr\/contact\/#breadcrumb\",\"itemListElement\":[{\"@type\":\"ListItem\",\"position\":1,\"name\":\"Startseite\",\"item\":\"https:\/\/stagehands.net\/fr\/\"},{\"@type\":\"ListItem\",\"position\":2,\"name\":\"Contact\"}]},{\"@type\":\"WebSite\",\"@id\":\"https:\/\/stagehands.net\/en\/#website\",\"url\":\"https:\/\/stagehands.net\/en\/\",\"name\":\"Stagehands.net\",\"description\":\"LOKALE EVENT CREW - WELTWEIT\",\"publisher\":{\"@id\":\"https:\/\/stagehands.net\/en\/#organization\"},\"potentialAction\":[{\"@type\":\"SearchAction\",\"target\":{\"@type\":\"EntryPoint\",\"urlTemplate\":\"https:\/\/stagehands.net\/en\/?s={search_term_string}\"},\"query-input\":{\"@type\":\"PropertyValueSpecification\",\"valueRequired\":true,\"valueName\":\"search_term_string\"}}],\"inLanguage\":\"fr-FR\"},{\"@type\":\"Organization\",\"@id\":\"https:\/\/stagehands.net\/en\/#organization\",\"name\":\"Stagehands\",\"url\":\"https:\/\/stagehands.net\/en\/\",\"logo\":{\"@type\":\"ImageObject\",\"inLanguage\":\"fr-FR\",\"@id\":\"https:\/\/stagehands.net\/en\/#\/schema\/logo\/image\/\",\"url\":\"https:\/\/stagehands.net\/wp-content\/uploads\/2020\/09\/Stagehands_klein-e1598948736497.png\",\"contentUrl\":\"https:\/\/stagehands.net\/wp-content\/uploads\/2020\/09\/Stagehands_klein-e1598948736497.png\",\"width\":360,\"height\":86,\"caption\":\"Stagehands\"},\"image\":{\"@id\":\"https:\/\/stagehands.net\/en\/#\/schema\/logo\/image\/\"},\"sameAs\":[\"https:\/\/www.facebook.com\/Stagehands.net\",\"https:\/\/www.linkedin.com\/company\/stagehandsworldwide\"]}]}<\/script>\n<!-- \/ Yoast SEO Premium plugin. -->","yoast_head_json":{"title":"Contact - Stagehands.net","robots":{"index":"index","follow":"follow","max-snippet":"max-snippet:-1","max-image-preview":"max-image-preview:large","max-video-preview":"max-video-preview:-1"},"canonical":"https:\/\/stagehands.net\/fr\/contact\/","og_locale":"fr_FR","og_type":"article","og_title":"Contact","og_url":"https:\/\/stagehands.net\/fr\/contact\/","og_site_name":"Stagehands.net","article_publisher":"https:\/\/www.facebook.com\/Stagehands.net","article_modified_time":"2025-07-24T09:19:47+00:00","twitter_card":"summary_large_image","twitter_misc":{"Dur\u00e9e de lecture estim\u00e9e":"3 minutes"},"schema":{"@context":"https:\/\/schema.org","@graph":[{"@type":"WebPage","@id":"https:\/\/stagehands.net\/fr\/contact\/","url":"https:\/\/stagehands.net\/fr\/contact\/","name":"Contact - Stagehands.net","isPartOf":{"@id":"https:\/\/stagehands.net\/en\/#website"},"datePublished":"2016-08-12T09:24:28+00:00","dateModified":"2025-07-24T09:19:47+00:00","breadcrumb":{"@id":"https:\/\/stagehands.net\/fr\/contact\/#breadcrumb"},"inLanguage":"fr-FR","potentialAction":[{"@type":"ReadAction","target":["https:\/\/stagehands.net\/fr\/contact\/"]}]},{"@type":"BreadcrumbList","@id":"https:\/\/stagehands.net\/fr\/contact\/#breadcrumb","itemListElement":[{"@type":"ListItem","position":1,"name":"Startseite","item":"https:\/\/stagehands.net\/fr\/"},{"@type":"ListItem","position":2,"name":"Contact"}]},{"@type":"WebSite","@id":"https:\/\/stagehands.net\/en\/#website","url":"https:\/\/stagehands.net\/en\/","name":"Stagehands.net","description":"LOKALE EVENT CREW - WELTWEIT","publisher":{"@id":"https:\/\/stagehands.net\/en\/#organization"},"potentialAction":[{"@type":"SearchAction","target":{"@type":"EntryPoint","urlTemplate":"https:\/\/stagehands.net\/en\/?s={search_term_string}"},"query-input":{"@type":"PropertyValueSpecification","valueRequired":true,"valueName":"search_term_string"}}],"inLanguage":"fr-FR"},{"@type":"Organization","@id":"https:\/\/stagehands.net\/en\/#organization","name":"Stagehands","url":"https:\/\/stagehands.net\/en\/","logo":{"@type":"ImageObject","inLanguage":"fr-FR","@id":"https:\/\/stagehands.net\/en\/#\/schema\/logo\/image\/","url":"https:\/\/stagehands.net\/wp-content\/uploads\/2020\/09\/Stagehands_klein-e1598948736497.png","contentUrl":"https:\/\/stagehands.net\/wp-content\/uploads\/2020\/09\/Stagehands_klein-e1598948736497.png","width":360,"height":86,"caption":"Stagehands"},"image":{"@id":"https:\/\/stagehands.net\/en\/#\/schema\/logo\/image\/"},"sameAs":["https:\/\/www.facebook.com\/Stagehands.net","https:\/\/www.linkedin.com\/company\/stagehandsworldwide"]}]}},"_links":{"self":[{"href":"https:\/\/stagehands.net\/fr\/wp-json\/wp\/v2\/pages\/793","targetHints":{"allow":["GET"]}}],"collection":[{"href":"https:\/\/stagehands.net\/fr\/wp-json\/wp\/v2\/pages"}],"about":[{"href":"https:\/\/stagehands.net\/fr\/wp-json\/wp\/v2\/types\/page"}],"author":[{"embeddable":true,"href":"https:\/\/stagehands.net\/fr\/wp-json\/wp\/v2\/users\/1"}],"replies":[{"embeddable":true,"href":"https:\/\/stagehands.net\/fr\/wp-json\/wp\/v2\/comments?post=793"}],"version-history":[{"count":34,"href":"https:\/\/stagehands.net\/fr\/wp-json\/wp\/v2\/pages\/793\/revisions"}],"predecessor-version":[{"id":18512,"href":"https:\/\/stagehands.net\/fr\/wp-json\/wp\/v2\/pages\/793\/revisions\/18512"}],"wp:attachment":[{"href":"https:\/\/stagehands.net\/fr\/wp-json\/wp\/v2\/media?parent=793"}],"curies":[{"name":"wp","href":"https:\/\/api.w.org\/{rel}","templated":true}]}}