{"id":804,"date":"2016-08-12T14:15:22","date_gmt":"2016-08-12T12:15:22","guid":{"rendered":"http:\/\/stagehands.net\/fr\/?page_id=804"},"modified":"2020-09-24T10:42:35","modified_gmt":"2020-09-24T08:42:35","slug":"service","status":"publish","type":"page","link":"https:\/\/stagehands.net\/fr\/service\/","title":{"rendered":"Service"},"content":{"rendered":"\n<style type=\"text\/css\" data-created_by=\"avia_inline_auto\" id=\"style-css-av-2ug7b8-44b92cd73c01a7b90abf6e8a17daf92c\">\n.avia-section.av-2ug7b8-44b92cd73c01a7b90abf6e8a17daf92c .av-parallax .av-parallax-inner{\nbackground-repeat:no-repeat;\nbackground-image:url(https:\/\/stagehands.net\/wp-content\/uploads\/2015\/12\/bg-service-e1520418497195.jpg);\nbackground-position:50% 50%;\nbackground-attachment:scroll;\n}\n<\/style>\n<div id='service-main'  class='avia-section av-2ug7b8-44b92cd73c01a7b90abf6e8a17daf92c alternate_color avia-section-huge avia-no-border-styling  avia-builder-el-0  el_before_av_section  avia-builder-el-first  av-parallax-section avia-bg-style-parallax container_wrap fullsize'  data-section-bg-repeat='no-repeat'><div class='av-parallax' data-avia-parallax-ratio='0.3' ><div class='av-parallax-inner alternate_color avia-full-stretch'><\/div><\/div><div class='container av-section-cont-open' ><main  role=\"main\" itemprop=\"mainContentOfPage\"  class='template-page content  av-content-full alpha units'><div class='post-entry post-entry-type-page post-entry-804'><div class='entry-content-wrapper clearfix'>\n\n<style type=\"text\/css\" data-created_by=\"avia_inline_auto\" id=\"style-css-av-2r3zdo-e7fa1aa3e65adad2dff75491fd53ead0\">\n.flex_column.av-2r3zdo-e7fa1aa3e65adad2dff75491fd53ead0{\nborder-radius:0px 0px 0px 0px;\npadding:0px 0px 0px 0px;\n}\n<\/style>\n<div  class='flex_column av-2r3zdo-e7fa1aa3e65adad2dff75491fd53ead0 av_one_full  avia-builder-el-1  avia-builder-el-no-sibling  first flex_column_div av-animated-generic bottom-to-top av-zero-column-padding  '     ><section  class='av_textblock_section av-ka6uf15f-381813bc88b3970bc4eb52f5b0e1ec67 '   itemscope=\"itemscope\" itemtype=\"https:\/\/schema.org\/CreativeWork\" ><div class='avia_textblock'  itemprop=\"text\" ><h1 style=\"text-align: center;\">Les services STAGEHANDS<\/h1>\n<p style=\"text-align: center;\">Une <strong>\u00e9quipe \u00e9v\u00e9nementielle<\/strong> pour tout type de projet <strong>en France et \u00e0 l&rsquo;international !<\/strong><\/p>\n<\/div><\/section><\/div>\n\n<\/div><\/div><\/main><!-- close content main element --><\/div><\/div><div id='av_section_2'  class='avia-section av-2n1w4c-e30288246d611ec9b2d5df9e621132cc alternate_color avia-section-large avia-no-border-styling  avia-builder-el-3  el_after_av_section  el_before_av_section  avia-bg-style-scroll container_wrap fullsize'  ><div class='container av-section-cont-open' ><div class='template-page content  av-content-full alpha units'><div class='post-entry post-entry-type-page post-entry-804'><div class='entry-content-wrapper clearfix'>\n<section  class='av_textblock_section av-2dctrg-8b3a57de06d602515858c63d593097b8 '   itemscope=\"itemscope\" itemtype=\"https:\/\/schema.org\/CreativeWork\" ><div class='avia_textblock'  itemprop=\"text\" ><h2 style=\"text-align: center;\">Votre \u00e9quipe locale \u2013 qualifi\u00e9e et professionnelle<\/h2>\n<\/div><\/section>\n\n<\/div><\/div><\/div><!-- close content main div --><\/div><\/div><div id='service-content'  class='avia-section av-26vtn8-a12e6f208d59d6d32ca322d9465d0f84 main_color avia-section-large avia-no-border-styling  avia-builder-el-5  el_after_av_section  el_before_av_section  avia-bg-style-scroll container_wrap fullsize'  ><div class='container av-section-cont-open' ><div class='template-page content  av-content-full alpha units'><div class='post-entry post-entry-type-page post-entry-804'><div class='entry-content-wrapper clearfix'>\n\n<style type=\"text\/css\" data-created_by=\"avia_inline_auto\" id=\"style-css-av-782i4-55249a16159c2764624f8d3283038e4d\">\n.flex_column.av-782i4-55249a16159c2764624f8d3283038e4d{\nborder-radius:0px 0px 0px 0px;\npadding:35px 35px 35px 35px;\nbackground-color:#000000;\n}\n<\/style>\n<div  class='flex_column av-782i4-55249a16159c2764624f8d3283038e4d av_one_half  avia-builder-el-6  el_before_av_one_half  avia-builder-el-first  first flex_column_div  '     ><p>\n<style type=\"text\/css\" data-created_by=\"avia_inline_auto\" id=\"style-css-av-1x4z8s-305ebe155a7247adcb9d51a0c0550149\">\n.avia-image-container.av-1x4z8s-305ebe155a7247adcb9d51a0c0550149 img.avia_image{\nbox-shadow:none;\n}\n.avia-image-container.av-1x4z8s-305ebe155a7247adcb9d51a0c0550149 .av-image-caption-overlay-center{\ncolor:#ffffff;\n}\n<\/style>\n<div  class='avia-image-container av-1x4z8s-305ebe155a7247adcb9d51a0c0550149 av-styling-no-styling avia-align-center  avia-builder-el-7  el_before_av_hr  avia-builder-el-first '   itemprop=\"image\" itemscope=\"itemscope\" itemtype=\"https:\/\/schema.org\/ImageObject\" ><div class=\"avia-image-container-inner\"><div class=\"avia-image-overlay-wrap\"><img decoding=\"async\" fetchpriority=\"high\" class='wp-image-5187 avia-img-lazy-loading-not-5187 avia_image ' src=\"https:\/\/stagehands.net\/wp-content\/uploads\/2020\/09\/22-years-with-logo.png\" alt='Stagehands' title='22-years-with-logo'  height=\"290\" width=\"510\"  itemprop=\"thumbnailUrl\" srcset=\"https:\/\/stagehands.net\/wp-content\/uploads\/2020\/09\/22-years-with-logo.png 510w, https:\/\/stagehands.net\/wp-content\/uploads\/2020\/09\/22-years-with-logo-300x171.png 300w\" sizes=\"(max-width: 510px) 100vw, 510px\" \/><\/div><\/div><\/div><br \/>\n\n<style type=\"text\/css\" data-created_by=\"avia_inline_auto\" id=\"style-css-av-1t18kk-4f501a46a6717b87d03e68e2db2ab675\">\n#top .hr.hr-invisible.av-1t18kk-4f501a46a6717b87d03e68e2db2ab675{\nheight:35px;\n}\n<\/style>\n<div  class='hr av-1t18kk-4f501a46a6717b87d03e68e2db2ab675 hr-invisible  avia-builder-el-8  el_after_av_image  el_before_av_textblock '><span class='hr-inner '><span class=\"hr-inner-style\"><\/span><\/span><\/div><br \/>\n<section  class='av_textblock_section av-1keer8-b8ff1075cf121ffd55f0732531a8bb28 '   itemscope=\"itemscope\" itemtype=\"https:\/\/schema.org\/CreativeWork\" ><div class='avia_textblock'  itemprop=\"text\" ><div class=\"worker-list\">\n<ul>\n<li>ROADIES, ROADS<\/li>\n<li>TECHNICIENS SON<\/li>\n<li>TECHNICIENS LUMI\u00c8RE<\/li>\n<li>TECHNICIENS VIDEO<\/li>\n<li>CARISTES DE CHARIOT \u00c9L\u00c9VATEUR \u00c0 CISEAUX [IPAF PAL-CARD]<\/li>\n<li>D\u00c9CORATEURS<\/li>\n<li>D\u00c9CORATEURS ASSISTANT<\/li>\n<li>H\u00d4TESSES<\/li>\n<li>PERSONNEL DE PRODUCTION<\/li>\n<\/ul>\n<\/div>\n<\/div><\/section><br \/>\n<div  class='avia-button-wrap av-1fh74k-5fc2709e3ee811a15456158edf270d62-wrap avia-button-center  avia-builder-el-10  el_after_av_textblock  avia-builder-el-last '>\n<style type=\"text\/css\" data-created_by=\"avia_inline_auto\" id=\"style-css-av-1fh74k-5fc2709e3ee811a15456158edf270d62\">\n#top #wrap_all .avia-button.av-1fh74k-5fc2709e3ee811a15456158edf270d62{\nbackground-color:#235fa8;\nborder-color:#235fa8;\ncolor:#ffffff;\ntransition:all 0.4s ease-in-out;\n}\n#top #wrap_all .avia-button.av-1fh74k-5fc2709e3ee811a15456158edf270d62 .avia-svg-icon svg:first-child{\nfill:#ffffff;\nstroke:#ffffff;\n}\n<\/style>\n<a href='https:\/\/stagehands.net\/fr\/'  class='avia-button av-1fh74k-5fc2709e3ee811a15456158edf270d62 av-link-btn avia-icon_select-no avia-size-large avia-position-center'   aria-label=\"DEMANDER UN DEVIS\"><span class='avia_iconbox_title' >DEMANDER UN DEVIS<\/span><\/a><\/div><\/p><\/div>\n<style type=\"text\/css\" data-created_by=\"avia_inline_auto\" id=\"style-css-av-183alg-05ae64bbf82d993efe350c6ddeb5225d\">\n.flex_column.av-183alg-05ae64bbf82d993efe350c6ddeb5225d{\nborder-radius:0px 0px 0px 0px;\npadding:0px 0px 0px 0px;\n}\n<\/style>\n<div  class='flex_column av-183alg-05ae64bbf82d993efe350c6ddeb5225d av_one_half  avia-builder-el-11  el_after_av_one_half  avia-builder-el-last  flex_column_div av-zero-column-padding  '     ><section  class='av_textblock_section av-ka6uk0fr-6f46b98827b01e7bc6a28f6fb41a8604 '   itemscope=\"itemscope\" itemtype=\"https:\/\/schema.org\/CreativeWork\" ><div class='avia_textblock'  itemprop=\"text\" ><h3>R\u00c9SEAU INTERNATIONAL<\/h3>\n<p>En tous lieux et \u00e0 n&rsquo;importe quelle heure \u2013 de Berlin \u00e0 Tokyo \u2013 nous avons un grand r\u00e9seau international d&rsquo;\u00e9quipes locales disponible pour vos projets.<\/p>\n<h3>UNE COORDINATION COMPL\u00c8TE DE L&rsquo;\u00c9QUIPE<\/h3>\n<p>Nous nous occuperons de tous ce qui concerne la r\u00e9servation d&rsquo;une \u00e9quipe et la coordination ajust\u00e9 \u00e0 vos besoins. Vous aurez votre propre manager, qui vous assistera pendant votre projet.<\/p>\n<h3>DISPONIBILIT\u00c9<\/h3>\n<p>Vous pouvez nous joindre 24\/7 par t\u00e9l\u00e9phone. Nous vous enverrons un devis le jour m\u00eame.<\/p>\n<h3>AU DERNIER MOMENT<\/h3>\n<p>N&rsquo;h\u00e9sitez pas \u00e0 nous appeler &#8211;\u00a0 nous nous adaptons aussi \u00e0 vos conditions de courte \u00e9ch\u00e9ance.<\/p>\n<h3>UNE \u00c9QUIPE QUALIFI\u00c9E DE L&rsquo;\u00c9V\u00c9NEMENTIEL<\/h3>\n<p>Une \u00e9quipe entrain\u00e9 et exp\u00e9riment\u00e9 portant un \u00e9quipement de s\u00e9curit\u00e9 appropri\u00e9 et un plus \u00e0 chaque production.<\/p>\n<h3>PONCTUALIT\u00c9<\/h3>\n<p>Nous nous assurons que l&rsquo;\u00e9quipe arrive \u00e0 l&rsquo;heure \u2013 voire m\u00eame avant que le travail commence.<\/p>\n<h3>ASPECT EN UNIFORME<\/h3>\n<p>Les \u00e9quipes portent un uniforme et des bleus de travail fonctionnels. Bien entendu, nous consid\u00e9rons vos conditions.<\/p>\n<\/div><\/section><\/div><\/div><\/div><\/div><!-- close content main div --><\/div><\/div><div id='av_section_4'  class='avia-section av-10zeek-ab2308088b7355f56ed6812da0c8bc34 alternate_color avia-section-large avia-no-border-styling  avia-builder-el-13  el_after_av_section  el_before_av_masonry_gallery  avia-bg-style-scroll container_wrap fullsize'  ><div class='container av-section-cont-open' ><div class='template-page content  av-content-full alpha units'><div class='post-entry post-entry-type-page post-entry-804'><div class='entry-content-wrapper clearfix'>\n<section  class='av_textblock_section av-usnvw-800ca06f51a21bce07897773a9179100 '   itemscope=\"itemscope\" itemtype=\"https:\/\/schema.org\/CreativeWork\" ><div class='avia_textblock'  itemprop=\"text\" ><h2 style=\"text-align: center;\"><b>Stagehands @ work<\/b><\/h2>\n<\/div><\/section>\n<\/p>\n<div id='av-masonry-1' class='av-masonry av-p0z18-3357e936fffcf306ff33eaa0afba5278 noHover av-fixed-size av-large-gap av-hover-overlay- av-masonry-animation-active av-masonry-col-3 av-caption-always av-caption-style- av-masonry-gallery ' data-post_id=\"804\"><div class=\"av-masonry-container isotope av-js-disabled\"><div class='av-masonry-entry isotope-item av-masonry-item-no-image '><\/div><a href=\"https:\/\/stagehands.net\/wp-content\/uploads\/2015\/12\/work-09.jpg\" data-srcset=\"https:\/\/stagehands.net\/wp-content\/uploads\/2015\/12\/work-09.jpg 704w, https:\/\/stagehands.net\/wp-content\/uploads\/2015\/12\/work-09-300x128.jpg 300w, https:\/\/stagehands.net\/wp-content\/uploads\/2015\/12\/work-09-450x192.jpg 450w\" data-sizes=\"(max-width: 704px) 100vw, 704px\"  aria-label=\"image work-09\"  id='av-masonry-1-item-2389' data-av-masonry-item='2389' class='av-masonry-entry isotope-item post-2389 attachment type-attachment status-inherit hentry  av-masonry-item-with-image' title=\"work-09\" alt=\"B\u00fchnenaufbau\"    itemprop=\"thumbnailUrl\" ><div class='av-inner-masonry-sizer'><\/div><figure class='av-inner-masonry main_color'><div class=\"av-masonry-outerimage-container\"><div class='av-masonry-image-container' style=\"background-image: url(https:\/\/stagehands.net\/wp-content\/uploads\/2015\/12\/work-09.jpg);\"  title=\"work-09\" ><\/div><\/div><\/figure><\/a><!--end av-masonry entry--><a href=\"https:\/\/stagehands.net\/wp-content\/uploads\/2015\/12\/work-08.jpg\" data-srcset=\"https:\/\/stagehands.net\/wp-content\/uploads\/2015\/12\/work-08.jpg 844w, https:\/\/stagehands.net\/wp-content\/uploads\/2015\/12\/work-08-300x213.jpg 300w, https:\/\/stagehands.net\/wp-content\/uploads\/2015\/12\/work-08-260x185.jpg 260w, https:\/\/stagehands.net\/wp-content\/uploads\/2015\/12\/work-08-705x500.jpg 705w, https:\/\/stagehands.net\/wp-content\/uploads\/2015\/12\/work-08-450x319.jpg 450w\" data-sizes=\"(max-width: 844px) 100vw, 844px\"  aria-label=\"image work-08\"  id='av-masonry-1-item-2385' data-av-masonry-item='2385' class='av-masonry-entry isotope-item post-2385 attachment type-attachment status-inherit hentry  av-masonry-item-with-image' title=\"work-08\" alt=\"\"    itemprop=\"thumbnailUrl\" ><div class='av-inner-masonry-sizer'><\/div><figure class='av-inner-masonry main_color'><div class=\"av-masonry-outerimage-container\"><div class='av-masonry-image-container' style=\"background-image: url(https:\/\/stagehands.net\/wp-content\/uploads\/2015\/12\/work-08-705x500.jpg);\"  title=\"work-08\" ><\/div><\/div><\/figure><\/a><!--end av-masonry entry--><a href=\"https:\/\/stagehands.net\/wp-content\/uploads\/2015\/12\/work-06.jpg\" data-srcset=\"https:\/\/stagehands.net\/wp-content\/uploads\/2015\/12\/work-06.jpg 756w, https:\/\/stagehands.net\/wp-content\/uploads\/2015\/12\/work-06-300x231.jpg 300w, https:\/\/stagehands.net\/wp-content\/uploads\/2015\/12\/work-06-705x543.jpg 705w, https:\/\/stagehands.net\/wp-content\/uploads\/2015\/12\/work-06-450x346.jpg 450w\" data-sizes=\"(max-width: 756px) 100vw, 756px\"  aria-label=\"image work-06\"  id='av-masonry-1-item-2377' data-av-masonry-item='2377' class='av-masonry-entry isotope-item post-2377 attachment type-attachment status-inherit hentry  av-masonry-item-with-image' title=\"work-06\" alt=\"Stagehands vor Gabelstapler\"    itemprop=\"thumbnailUrl\" ><div class='av-inner-masonry-sizer'><\/div><figure class='av-inner-masonry main_color'><div class=\"av-masonry-outerimage-container\"><div class='av-masonry-image-container' style=\"background-image: url(https:\/\/stagehands.net\/wp-content\/uploads\/2015\/12\/work-06-705x543.jpg);\"  title=\"work-06\" ><\/div><\/div><\/figure><\/a><!--end av-masonry entry--><a href=\"https:\/\/stagehands.net\/wp-content\/uploads\/2015\/12\/work-05.jpg\" data-srcset=\"https:\/\/stagehands.net\/wp-content\/uploads\/2015\/12\/work-05.jpg 564w, https:\/\/stagehands.net\/wp-content\/uploads\/2015\/12\/work-05-236x300.jpg 236w, https:\/\/stagehands.net\/wp-content\/uploads\/2015\/12\/work-05-554x705.jpg 554w, https:\/\/stagehands.net\/wp-content\/uploads\/2015\/12\/work-05-450x573.jpg 450w\" data-sizes=\"(max-width: 564px) 100vw, 564px\"  aria-label=\"image work-05\"  id='av-masonry-1-item-2373' data-av-masonry-item='2373' class='av-masonry-entry isotope-item post-2373 attachment type-attachment status-inherit hentry  av-masonry-item-with-image' title=\"work-05\" alt=\"\"    itemprop=\"thumbnailUrl\" ><div class='av-inner-masonry-sizer'><\/div><figure class='av-inner-masonry main_color'><div class=\"av-masonry-outerimage-container\"><div class='av-masonry-image-container' style=\"background-image: url(https:\/\/stagehands.net\/wp-content\/uploads\/2015\/12\/work-05-554x705.jpg);\"  title=\"work-05\" ><\/div><\/div><\/figure><\/a><!--end av-masonry entry--><a href=\"https:\/\/stagehands.net\/wp-content\/uploads\/2015\/12\/work-02-e1520420955702.jpg\"  aria-label=\"image work-02\"  id='av-masonry-1-item-2361' data-av-masonry-item='2361' class='av-masonry-entry isotope-item post-2361 attachment type-attachment status-inherit hentry  av-masonry-item-with-image' title=\"work-02\" alt=\"\"    itemprop=\"thumbnailUrl\" ><div class='av-inner-masonry-sizer'><\/div><figure class='av-inner-masonry main_color'><div class=\"av-masonry-outerimage-container\"><div class='av-masonry-image-container' style=\"background-image: url(https:\/\/stagehands.net\/wp-content\/uploads\/2015\/12\/work-02-705x509.jpg);\"  title=\"work-02\" ><\/div><\/div><\/figure><\/a><!--end av-masonry entry--><a href=\"https:\/\/stagehands.net\/wp-content\/uploads\/2015\/12\/work-01.jpg\" data-srcset=\"https:\/\/stagehands.net\/wp-content\/uploads\/2015\/12\/work-01.jpg 940w, https:\/\/stagehands.net\/wp-content\/uploads\/2015\/12\/work-01-300x220.jpg 300w, https:\/\/stagehands.net\/wp-content\/uploads\/2015\/12\/work-01-705x517.jpg 705w, https:\/\/stagehands.net\/wp-content\/uploads\/2015\/12\/work-01-450x330.jpg 450w\" data-sizes=\"(max-width: 940px) 100vw, 940px\"  aria-label=\"image work-01\"  id='av-masonry-1-item-2357' data-av-masonry-item='2357' class='av-masonry-entry isotope-item post-2357 attachment type-attachment status-inherit hentry  av-masonry-item-with-image' title=\"work-01\" alt=\"Event im Stadion\"    itemprop=\"thumbnailUrl\" ><div class='av-inner-masonry-sizer'><\/div><figure class='av-inner-masonry main_color'><div class=\"av-masonry-outerimage-container\"><div class='av-masonry-image-container' style=\"background-image: url(https:\/\/stagehands.net\/wp-content\/uploads\/2015\/12\/work-01-705x517.jpg);\"  title=\"work-01\" ><\/div><\/div><\/figure><\/a><!--end av-masonry entry--><\/div><\/div>\n\n<style type=\"text\/css\" data-created_by=\"avia_inline_auto\" id=\"style-css-av-murg4-1b39e12d8ac045e028556b7b3b8edd5b\">\n.avia-section.av-murg4-1b39e12d8ac045e028556b7b3b8edd5b .av-parallax .av-parallax-inner{\nbackground-color:#235fa8;\nbackground-image:url(https:\/\/stagehands.net\/wp-content\/uploads\/2015\/12\/angebot-bg3.png);\nbackground-repeat:no-repeat;\nbackground-position:50% 50%;\nbackground-attachment:scroll;\n}\n<\/style>\n<div id='angebot-box'  class='avia-section av-murg4-1b39e12d8ac045e028556b7b3b8edd5b alternate_color avia-section-huge avia-no-border-styling  avia-builder-el-16  el_after_av_masonry_gallery  avia-builder-el-last  av-parallax-section avia-bg-style-parallax container_wrap fullsize'  data-section-bg-repeat='no-repeat'><div class='av-parallax' data-avia-parallax-ratio='0.3' ><div class='av-parallax-inner alternate_color avia-full-stretch'><\/div><\/div><div class='container av-section-cont-open' ><div class='template-page content  av-content-full alpha units'><div class='post-entry post-entry-type-page post-entry-804'><div class='entry-content-wrapper clearfix'>\n\n<style type=\"text\/css\" data-created_by=\"avia_inline_auto\" id=\"style-css-av-eaaic-8782892271a95fcb778d645ed7424c29\">\n.flex_column.av-eaaic-8782892271a95fcb778d645ed7424c29{\nborder-radius:0px 0px 0px 0px;\npadding:0px 0px 0px 0px;\n}\n<\/style>\n<div  class='flex_column av-eaaic-8782892271a95fcb778d645ed7424c29 av_one_full  avia-builder-el-17  avia-builder-el-no-sibling  first no_margin flex_column_div av-animated-generic bottom-to-top av-zero-column-padding  '     ><section  class='av_textblock_section av-ka6uli8u-b399c821e8f29c6a034cd655137bcd0f '   itemscope=\"itemscope\" itemtype=\"https:\/\/schema.org\/CreativeWork\" ><div class='avia_textblock'  itemprop=\"text\" ><h4 style=\"text-align: center;\">Avez-vous des questions?<\/h4>\n<h4 style=\"text-align: center;\">N&rsquo;h\u00e9sitez pas \u00e0 nous contacter!<\/h4>\n<\/div><\/section><br \/>\n<div  class='avia-button-wrap av-8m0cc-81b8c2c24de96d3f0cfd6c445bf2b575-wrap avia-button-center  avia-builder-el-19  el_after_av_textblock  avia-builder-el-last '><a href='https:\/\/stagehands.net\/fr\/'  class='avia-button av-8m0cc-81b8c2c24de96d3f0cfd6c445bf2b575 av-link-btn avia-icon_select-no avia-size-x-large avia-position-center avia-color-light'   aria-label=\"CONTACTEZ NOUS\"><span class='avia_iconbox_title' >CONTACTEZ NOUS<\/span><\/a><\/div><\/p><\/div>\n\n","protected":false},"excerpt":{"rendered":"","protected":false},"author":1,"featured_media":0,"parent":0,"menu_order":0,"comment_status":"closed","ping_status":"closed","template":"","meta":{"footnotes":""},"class_list":["post-804","page","type-page","status-publish","hentry"],"yoast_head":"<!-- This site is optimized with the Yoast SEO Premium plugin v22.1 (Yoast SEO v26.7) - https:\/\/yoast.com\/wordpress\/plugins\/seo\/ -->\n<title>Service - Stagehands.net<\/title>\n<meta name=\"robots\" content=\"index, follow, max-snippet:-1, max-image-preview:large, max-video-preview:-1\" \/>\n<link rel=\"canonical\" href=\"https:\/\/stagehands.net\/fr\/service\/\" \/>\n<meta property=\"og:locale\" content=\"fr_FR\" \/>\n<meta property=\"og:type\" content=\"article\" \/>\n<meta property=\"og:title\" content=\"Service\" \/>\n<meta property=\"og:url\" content=\"https:\/\/stagehands.net\/fr\/service\/\" \/>\n<meta property=\"og:site_name\" content=\"Stagehands.net\" \/>\n<meta property=\"article:publisher\" content=\"https:\/\/www.facebook.com\/Stagehands.net\" \/>\n<meta property=\"article:modified_time\" content=\"2020-09-24T08:42:35+00:00\" \/>\n<meta name=\"twitter:card\" content=\"summary_large_image\" \/>\n<meta name=\"twitter:label1\" content=\"Dur\u00e9e de lecture estim\u00e9e\" \/>\n\t<meta name=\"twitter:data1\" content=\"6 minutes\" \/>\n<script type=\"application\/ld+json\" class=\"yoast-schema-graph\">{\"@context\":\"https:\/\/schema.org\",\"@graph\":[{\"@type\":\"WebPage\",\"@id\":\"https:\/\/stagehands.net\/fr\/service\/\",\"url\":\"https:\/\/stagehands.net\/fr\/service\/\",\"name\":\"Service - Stagehands.net\",\"isPartOf\":{\"@id\":\"https:\/\/stagehands.net\/en\/#website\"},\"datePublished\":\"2016-08-12T12:15:22+00:00\",\"dateModified\":\"2020-09-24T08:42:35+00:00\",\"breadcrumb\":{\"@id\":\"https:\/\/stagehands.net\/fr\/service\/#breadcrumb\"},\"inLanguage\":\"fr-FR\",\"potentialAction\":[{\"@type\":\"ReadAction\",\"target\":[\"https:\/\/stagehands.net\/fr\/service\/\"]}]},{\"@type\":\"BreadcrumbList\",\"@id\":\"https:\/\/stagehands.net\/fr\/service\/#breadcrumb\",\"itemListElement\":[{\"@type\":\"ListItem\",\"position\":1,\"name\":\"Startseite\",\"item\":\"https:\/\/stagehands.net\/fr\/\"},{\"@type\":\"ListItem\",\"position\":2,\"name\":\"Service\"}]},{\"@type\":\"WebSite\",\"@id\":\"https:\/\/stagehands.net\/en\/#website\",\"url\":\"https:\/\/stagehands.net\/en\/\",\"name\":\"Stagehands.net\",\"description\":\"LOKALE EVENT CREW - WELTWEIT\",\"publisher\":{\"@id\":\"https:\/\/stagehands.net\/en\/#organization\"},\"potentialAction\":[{\"@type\":\"SearchAction\",\"target\":{\"@type\":\"EntryPoint\",\"urlTemplate\":\"https:\/\/stagehands.net\/en\/?s={search_term_string}\"},\"query-input\":{\"@type\":\"PropertyValueSpecification\",\"valueRequired\":true,\"valueName\":\"search_term_string\"}}],\"inLanguage\":\"fr-FR\"},{\"@type\":\"Organization\",\"@id\":\"https:\/\/stagehands.net\/en\/#organization\",\"name\":\"Stagehands\",\"url\":\"https:\/\/stagehands.net\/en\/\",\"logo\":{\"@type\":\"ImageObject\",\"inLanguage\":\"fr-FR\",\"@id\":\"https:\/\/stagehands.net\/en\/#\/schema\/logo\/image\/\",\"url\":\"https:\/\/stagehands.net\/wp-content\/uploads\/2020\/09\/Stagehands_klein-e1598948736497.png\",\"contentUrl\":\"https:\/\/stagehands.net\/wp-content\/uploads\/2020\/09\/Stagehands_klein-e1598948736497.png\",\"width\":360,\"height\":86,\"caption\":\"Stagehands\"},\"image\":{\"@id\":\"https:\/\/stagehands.net\/en\/#\/schema\/logo\/image\/\"},\"sameAs\":[\"https:\/\/www.facebook.com\/Stagehands.net\",\"https:\/\/www.linkedin.com\/company\/stagehandsworldwide\"]}]}<\/script>\n<!-- \/ Yoast SEO Premium plugin. -->","yoast_head_json":{"title":"Service - Stagehands.net","robots":{"index":"index","follow":"follow","max-snippet":"max-snippet:-1","max-image-preview":"max-image-preview:large","max-video-preview":"max-video-preview:-1"},"canonical":"https:\/\/stagehands.net\/fr\/service\/","og_locale":"fr_FR","og_type":"article","og_title":"Service","og_url":"https:\/\/stagehands.net\/fr\/service\/","og_site_name":"Stagehands.net","article_publisher":"https:\/\/www.facebook.com\/Stagehands.net","article_modified_time":"2020-09-24T08:42:35+00:00","twitter_card":"summary_large_image","twitter_misc":{"Dur\u00e9e de lecture estim\u00e9e":"6 minutes"},"schema":{"@context":"https:\/\/schema.org","@graph":[{"@type":"WebPage","@id":"https:\/\/stagehands.net\/fr\/service\/","url":"https:\/\/stagehands.net\/fr\/service\/","name":"Service - Stagehands.net","isPartOf":{"@id":"https:\/\/stagehands.net\/en\/#website"},"datePublished":"2016-08-12T12:15:22+00:00","dateModified":"2020-09-24T08:42:35+00:00","breadcrumb":{"@id":"https:\/\/stagehands.net\/fr\/service\/#breadcrumb"},"inLanguage":"fr-FR","potentialAction":[{"@type":"ReadAction","target":["https:\/\/stagehands.net\/fr\/service\/"]}]},{"@type":"BreadcrumbList","@id":"https:\/\/stagehands.net\/fr\/service\/#breadcrumb","itemListElement":[{"@type":"ListItem","position":1,"name":"Startseite","item":"https:\/\/stagehands.net\/fr\/"},{"@type":"ListItem","position":2,"name":"Service"}]},{"@type":"WebSite","@id":"https:\/\/stagehands.net\/en\/#website","url":"https:\/\/stagehands.net\/en\/","name":"Stagehands.net","description":"LOKALE EVENT CREW - WELTWEIT","publisher":{"@id":"https:\/\/stagehands.net\/en\/#organization"},"potentialAction":[{"@type":"SearchAction","target":{"@type":"EntryPoint","urlTemplate":"https:\/\/stagehands.net\/en\/?s={search_term_string}"},"query-input":{"@type":"PropertyValueSpecification","valueRequired":true,"valueName":"search_term_string"}}],"inLanguage":"fr-FR"},{"@type":"Organization","@id":"https:\/\/stagehands.net\/en\/#organization","name":"Stagehands","url":"https:\/\/stagehands.net\/en\/","logo":{"@type":"ImageObject","inLanguage":"fr-FR","@id":"https:\/\/stagehands.net\/en\/#\/schema\/logo\/image\/","url":"https:\/\/stagehands.net\/wp-content\/uploads\/2020\/09\/Stagehands_klein-e1598948736497.png","contentUrl":"https:\/\/stagehands.net\/wp-content\/uploads\/2020\/09\/Stagehands_klein-e1598948736497.png","width":360,"height":86,"caption":"Stagehands"},"image":{"@id":"https:\/\/stagehands.net\/en\/#\/schema\/logo\/image\/"},"sameAs":["https:\/\/www.facebook.com\/Stagehands.net","https:\/\/www.linkedin.com\/company\/stagehandsworldwide"]}]}},"_links":{"self":[{"href":"https:\/\/stagehands.net\/fr\/wp-json\/wp\/v2\/pages\/804","targetHints":{"allow":["GET"]}}],"collection":[{"href":"https:\/\/stagehands.net\/fr\/wp-json\/wp\/v2\/pages"}],"about":[{"href":"https:\/\/stagehands.net\/fr\/wp-json\/wp\/v2\/types\/page"}],"author":[{"embeddable":true,"href":"https:\/\/stagehands.net\/fr\/wp-json\/wp\/v2\/users\/1"}],"replies":[{"embeddable":true,"href":"https:\/\/stagehands.net\/fr\/wp-json\/wp\/v2\/comments?post=804"}],"version-history":[{"count":8,"href":"https:\/\/stagehands.net\/fr\/wp-json\/wp\/v2\/pages\/804\/revisions"}],"predecessor-version":[{"id":5194,"href":"https:\/\/stagehands.net\/fr\/wp-json\/wp\/v2\/pages\/804\/revisions\/5194"}],"wp:attachment":[{"href":"https:\/\/stagehands.net\/fr\/wp-json\/wp\/v2\/media?parent=804"}],"curies":[{"name":"wp","href":"https:\/\/api.w.org\/{rel}","templated":true}]}}