{"id":731,"date":"2016-05-12T09:06:28","date_gmt":"2016-05-12T07:06:28","guid":{"rendered":"http:\/\/stagehands.net\/tr\/?page_id=731"},"modified":"2025-07-24T11:18:29","modified_gmt":"2025-07-24T09:18:29","slug":"kontakt","status":"publish","type":"page","link":"https:\/\/stagehands.net\/tr\/kontakt\/","title":{"rendered":"\u0130leti\u015fim"},"content":{"rendered":"\n<style type=\"text\/css\" data-created_by=\"avia_inline_auto\" id=\"style-css-av-52wpy3-1346e264f5c1676bbd7cd3000ba040e2\">\n.avia-section.av-52wpy3-1346e264f5c1676bbd7cd3000ba040e2 .av-parallax .av-parallax-inner{\nbackground-color:#235fa8;\nbackground-image:url(https:\/\/stagehands.net\/wp-content\/uploads\/2015\/12\/angebot-bg3.png);\nbackground-repeat:no-repeat;\nbackground-position:50% 50%;\nbackground-attachment:scroll;\n}\n<\/style>\n<div id='kontakt-main'  class='avia-section av-52wpy3-1346e264f5c1676bbd7cd3000ba040e2 alternate_color avia-section-huge avia-no-border-styling  avia-builder-el-0  el_before_av_section  avia-builder-el-first  av-parallax-section avia-bg-style-parallax container_wrap fullsize'  data-section-bg-repeat='no-repeat'><div class='av-parallax' data-avia-parallax-ratio='0.3' ><div class='av-parallax-inner alternate_color avia-full-stretch'><\/div><\/div><div class='container av-section-cont-open' ><main  role=\"main\" itemprop=\"mainContentOfPage\"  class='template-page content  av-content-full alpha units'><div class='post-entry post-entry-type-page post-entry-731'><div class='entry-content-wrapper clearfix'>\n\n<style type=\"text\/css\" data-created_by=\"avia_inline_auto\" id=\"style-css-av-4thyqb-01ce30e0a4b266ca2c7fdcb6e5bfd1e7\">\n.flex_column.av-4thyqb-01ce30e0a4b266ca2c7fdcb6e5bfd1e7{\nborder-radius:0px 0px 0px 0px;\npadding:0px 0px 0px 0px;\n}\n<\/style>\n<div  class='flex_column av-4thyqb-01ce30e0a4b266ca2c7fdcb6e5bfd1e7 av_one_full  avia-builder-el-1  avia-builder-el-no-sibling  first flex_column_div av-animated-generic bottom-to-top av-zero-column-padding  '     ><section  class='av_textblock_section av-4onfjv-2073699cf59752e130e3fd49aeec0a0a '   itemscope=\"itemscope\" itemtype=\"https:\/\/schema.org\/CreativeWork\" ><div class='avia_textblock'  itemprop=\"text\" ><h1 style=\"text-align: center;\"><strong>STAGEHANDS.COM.TR \u0130LET\u0130\u015e\u0130M<\/strong><\/h1>\n<p style=\"text-align: center;\">\u00dcLKE TEMS\u0130LC\u0130L\u0130KLER\u0130 VE \u0130LET\u0130\u015e\u0130M FORMU<\/p>\n<\/div><\/section><\/div>\n\n<\/div><\/div><\/main><!-- close content main element --><\/div><\/div><div id='av_section_2'  class='avia-section av-4lv8ar-8035c25a5e965e83e59cc555ab87e260 alternate_color avia-section-large avia-no-border-styling  avia-builder-el-3  el_after_av_section  el_before_av_section  avia-bg-style-scroll container_wrap fullsize'  ><div class='container av-section-cont-open' ><div class='template-page content  av-content-full alpha units'><div class='post-entry post-entry-type-page post-entry-731'><div class='entry-content-wrapper clearfix'>\n<section  class='av_textblock_section av-4g8hor-33835fac5d4f9c0eb76efdedea34440f '   itemscope=\"itemscope\" itemtype=\"https:\/\/schema.org\/CreativeWork\" ><div class='avia_textblock'  itemprop=\"text\" ><h2 style=\"text-align: center;\">\u0130LET\u0130\u015e\u0130M VE TALEPLER<\/h2>\n<\/div><\/section>\n\n<\/div><\/div><\/div><!-- close content main div --><\/div><\/div><div id='av_section_3'  class='avia-section av-45io0z-b51cec439d0113a154278fdd37963074 main_color avia-section-large avia-no-border-styling  avia-builder-el-5  el_after_av_section  el_before_av_section  avia-bg-style-scroll container_wrap fullsize'  ><div class='container av-section-cont-open' ><div class='template-page content  av-content-full alpha units'><div class='post-entry post-entry-type-page post-entry-731'><div class='entry-content-wrapper clearfix'>\n\n<style type=\"text\/css\" data-created_by=\"avia_inline_auto\" id=\"style-css-av-40x4x7-cec90c2f1ef0e07f357ff9a123278ae0\">\n.flex_column.av-40x4x7-cec90c2f1ef0e07f357ff9a123278ae0{\nborder-radius:0px 0px 0px 0px;\npadding:40px 30px 40px 30px;\nbackground-color:#235fa8;\n}\n<\/style>\n<div  class='flex_column av-40x4x7-cec90c2f1ef0e07f357ff9a123278ae0 av_one_third  avia-builder-el-6  el_before_av_two_third  avia-builder-el-first  first flex_column_div  '     ><p>\n<style type=\"text\/css\" data-created_by=\"avia_inline_auto\" id=\"style-css-av-3x2pwb-66e962901fd666a87dbffa96c21c606d\">\n.avia-image-container.av-3x2pwb-66e962901fd666a87dbffa96c21c606d img.avia_image{\nbox-shadow:none;\n}\n.avia-image-container.av-3x2pwb-66e962901fd666a87dbffa96c21c606d .av-image-caption-overlay-center{\ncolor:#ffffff;\n}\n<\/style>\n<div  class='avia-image-container av-3x2pwb-66e962901fd666a87dbffa96c21c606d av-styling- avia-align-center  avia-builder-el-7  el_before_av_hr  avia-builder-el-first '   itemprop=\"image\" itemscope=\"itemscope\" itemtype=\"https:\/\/schema.org\/ImageObject\" ><div class=\"avia-image-container-inner\"><div class=\"avia-image-overlay-wrap\"><img decoding=\"async\" fetchpriority=\"high\" class='wp-image-5189 avia-img-lazy-loading-not-5189 avia_image ' src=\"https:\/\/stagehands.net\/wp-content\/uploads\/2020\/09\/22-years-with-logo.png\" alt='Stagehands' title='22-years-with-logo'  height=\"290\" width=\"510\"  itemprop=\"thumbnailUrl\" srcset=\"https:\/\/stagehands.net\/wp-content\/uploads\/2020\/09\/22-years-with-logo.png 510w, https:\/\/stagehands.net\/wp-content\/uploads\/2020\/09\/22-years-with-logo-300x171.png 300w\" sizes=\"(max-width: 510px) 100vw, 510px\" \/><\/div><\/div><\/div><br \/>\n\n<style type=\"text\/css\" data-created_by=\"avia_inline_auto\" id=\"style-css-av-3pbwuz-82f29fed24298e6f56aad0730511d451\">\n#top .hr.hr-invisible.av-3pbwuz-82f29fed24298e6f56aad0730511d451{\nheight:10px;\n}\n<\/style>\n<div  class='hr av-3pbwuz-82f29fed24298e6f56aad0730511d451 hr-invisible  avia-builder-el-8  el_after_av_image  el_before_av_textblock '><span class='hr-inner '><span class=\"hr-inner-style\"><\/span><\/span><\/div><br \/>\n\n<style type=\"text\/css\" data-created_by=\"avia_inline_auto\" id=\"style-css-av-cvsjv-b39c14db6e2e98c13cff7510d1732ad3\">\n#top .av_textblock_section.av-cvsjv-b39c14db6e2e98c13cff7510d1732ad3 .avia_textblock{\ncolor:#ffffff;\n}\n<\/style>\n<section  class='av_textblock_section av-cvsjv-b39c14db6e2e98c13cff7510d1732ad3 '   itemscope=\"itemscope\" itemtype=\"https:\/\/schema.org\/CreativeWork\" ><div class='avia_textblock av_inherit_color'  itemprop=\"text\" ><p style=\"text-align: center;\"><span style=\"color: #ffffff;\">Ulusal ve uluslararas\u0131 d\u00fczeydeki talepleriniz i\u00e7in <strong>mail@stagehands.com.tr<\/strong>\u00a0adresine e-posta g\u00f6nderebilir veya <strong>ileti\u015fim formu\u00a0<\/strong>muzu kullanabilirsiniz.<\/span><\/p>\n<p style=\"text-align: center;\"><span style=\"color: #ffffff;\">Acil talepleriniz i\u00e7in l\u00fctfen +90 535 078 3067 &#8216;\u0131 veya \u00fccretsiz uluslararas\u0131 \u00e7a\u011fr\u0131 merkezimiz i\u00e7in +800 44 22 88 00\u2019\u0131 aray\u0131n\u0131z.<\/span><\/p>\n<p style=\"text-align: center;\"><span style=\"color: #ffffff;\">\u00c7al\u0131\u015fma saatlerimiz Pazartesi- Cuma TS\u0130 10:00-19:00 aras\u0131d\u0131r. Acil ve\/veya \u00e7al\u0131\u015fma saatleri d\u0131\u015f\u0131ndaki talepleriniz i\u00e7in ofis numaralar\u0131m\u0131z\u0131 da arayabilirsiniz.<\/span><\/p>\n<\/div><\/section><\/p><\/div>\n<style type=\"text\/css\" data-created_by=\"avia_inline_auto\" id=\"style-css-av-18q4r-a17f97b245ad58537d28e6661448d5bf\">\n.flex_column.av-18q4r-a17f97b245ad58537d28e6661448d5bf{\nborder-radius:0px 0px 0px 0px;\npadding:0px 0px 0px 0px;\n}\n<\/style>\n<div  class='flex_column av-18q4r-a17f97b245ad58537d28e6661448d5bf av_two_third  avia-builder-el-10  el_after_av_one_third  avia-builder-el-last  flex_column_div av-zero-column-padding  '     ><form action=\"https:\/\/stagehands.net\/tr\/kontakt\/\" method=\"post\" data-fields-with-error=\"Found errors in the following field(s):\" class=\"avia_ajax_form av-form-labels-visible   avia-builder-el-11  avia-builder-el-no-sibling   \" data-avia-form-id=\"1\" data-avia-redirect='' ><h3 class=''>B\u0130ZE ULA\u015eIN<\/h3><fieldset><p class='  first_form  form_element form_fullwidth' id='element_avia_1_1'><label for=\"avia_1_1\">Ad\u0131n\u0131z <abbr class=\"required\" title=\"required\">*<\/abbr><\/label> <input name=\"avia_1_1\" class=\"text_input is_empty\" type=\"text\" id=\"avia_1_1\" value=\"\" \/><\/p><p class='  first_form  form_element form_fullwidth' id='element_avia_2_1'><label for=\"avia_2_1\">E-posta adresiniz <abbr class=\"required\" title=\"required\">*<\/abbr><\/label> <input name=\"avia_2_1\" class=\"text_input is_email\" type=\"text\" id=\"avia_2_1\" value=\"\" \/><\/p><p class='  first_form  form_element form_fullwidth' id='element_avia_3_1'><label for=\"avia_3_1\">Konu <abbr class=\"required\" title=\"required\">*<\/abbr><\/label> <input name=\"avia_3_1\" class=\"text_input is_empty\" type=\"text\" id=\"avia_3_1\" value=\"\" \/><\/p><p class='  first_form  form_element form_fullwidth' id='element_avia_4_1'><label for=\"avia_4_1\" class=\"textare_label hidden textare_label_avia_4_1\">Mesaj\u0131n\u0131z <abbr class=\"required\" title=\"required\">*<\/abbr><\/label><textarea  name=\"avia_4_1\" class=\"text_area is_empty\" cols=\"40\" rows=\"7\" id=\"avia_4_1\" ><\/textarea><\/p><p class='  first_form  form_element form_fullwidth' id='element_avia_5_1'><input  name=\"avia_5_1\" class=\"input_checkbox is_empty\" type=\"checkbox\" id=\"avia_5_1\" value=\"true\"\/><label class=\"input_checkbox_label\" for=\"avia_5_1\">I agree that I have read the <a href=\"https:\/\/stagehands.net\/en\/privacy\/\" target=\"_blank\" rel=\"noopener\">privacy policy<\/a>. I agree that my provided data will be electronically saved. Note: You may reject your confirmation of data use at any time by simply sending us an email to <a href=\"mailto:mail@stagehands.net\">mail@stagehands.net<\/a> <abbr class=\"required\" title=\"required\">*<\/abbr><\/label><\/p><p class=\"hidden\"><input type=\"text\" name=\"avia_6_1\" class=\"hidden \" id=\"avia_6_1\" value=\"\" \/><\/p><p class='   form_element form_fullwidth' id='element_avia_7_1'><span class='value_verifier_label'>1 + 6 = ?<\/span><input name=\"avia_7_1_verifier\" type=\"hidden\" id=\"avia_7_1_verifier\" value=\"418274874\"\/><label for=\"avia_7_1\">Please prove that you are human by solving the equation <abbr class=\"required\" title=\"required\">*<\/abbr><\/label><input name=\"avia_7_1\" class=\"text_input captcha\" type=\"text\" id=\"avia_7_1\" value=\"\"\/><\/p><p class=\"form_element \"><input type=\"hidden\" value=\"1\" name=\"avia_generated_form1\" \/><input type=\"submit\" value=\"G\u00f6nder\" class=\"button\"  data-sending-label=\"Sending\"\/><\/p><\/fieldset><\/form><div id=\"ajaxresponse_1\" class=\"ajaxresponse ajaxresponse_1 hidden\"><\/div><\/div>\n\n<\/div><\/div><\/div><!-- close content main div --><\/div><\/div><div id='av_section_4'  class='avia-section av-269x0b-cccf08a7f9b259557b8a66a790af6597 alternate_color avia-section-large avia-no-border-styling  avia-builder-el-12  el_after_av_section  el_before_av_google_map  avia-bg-style-scroll container_wrap fullsize'  ><div class='container av-section-cont-open' ><div class='template-page content  av-content-full alpha units'><div class='post-entry post-entry-type-page post-entry-731'><div class='entry-content-wrapper clearfix'>\n<section  class='av_textblock_section av-7nluz-6d1c1db6554609e9069c2024862ea2cd '   itemscope=\"itemscope\" itemtype=\"https:\/\/schema.org\/CreativeWork\" ><div class='avia_textblock'  itemprop=\"text\" ><h2 style=\"text-align: center;\">TEMS\u0130LC\u0130L\u0130KLER<\/h2>\n<\/div><\/section>\n\n<div  class='av_gmaps_sc_main_wrap av_gmaps_main_wrap '><div id='av_gmap_0' class='avia-google-map-container avia-google-map-sc av_gmaps_show_unconditionally av-no-fallback-img ' data-mapid='av_gmap_0'  style='height: 350px;'><a class=\"av_gmaps_browser_disabled av_text_confirm_link av_text_confirm_link_visible\" href=\"https:\/\/www.google.com\/maps\/search\/?api=1&#038;query=Corinthstra\u00dfe%2054%20%20Berlin%20%20Deutschland\" target=\"_blank\">Maps were disabled by the visitor on this site. Click to open the map in a new window.<\/a><\/div><\/div>\n<div id='kontakt-content'  class='avia-section av-pv32z-7a390feab99038365e299b41cc937caf main_color avia-section-large avia-no-border-styling  avia-builder-el-15  el_after_av_google_map  avia-builder-el-last  avia-bg-style-scroll container_wrap fullsize'  ><div class='container av-section-cont-open' ><div class='template-page content  av-content-full alpha units'><div class='post-entry post-entry-type-page post-entry-731'><div class='entry-content-wrapper clearfix'>\n\n<style type=\"text\/css\" data-created_by=\"avia_inline_auto\" id=\"style-css-av-jp7ff-e3c2b1bee020e2933b3cb67736a112fa\">\n.flex_column.av-jp7ff-e3c2b1bee020e2933b3cb67736a112fa{\nborder-radius:0px 0px 0px 0px;\npadding:0px 0px 0px 0px;\n}\n<\/style>\n<div  class='flex_column av-jp7ff-e3c2b1bee020e2933b3cb67736a112fa av_one_third  avia-builder-el-16  el_before_av_one_third  avia-builder-el-first  first flex_column_div av-zero-column-padding  '     ><section  class='av_textblock_section av-kfdpj0da-ee95f69168cc698421c93bdf4916f8b0 '   itemscope=\"itemscope\" itemtype=\"https:\/\/schema.org\/CreativeWork\" ><div class='avia_textblock'  itemprop=\"text\" ><h3><strong>BERL\u0130N<\/strong><\/h3>\n<p>Stagehands<br \/>\nGiselastra\u00dfe 4<br \/>\n10317 Berlin<br \/>\nGermany<\/p>\n<p><a href=\"mailto:mail@stagehands.net\">mail@stagehands.net<\/a><\/p>\n<p><strong>Di\u011fer Almanya Temsilcilikleri<\/strong><\/p>\n<ul>\n<li>Berlin<\/li>\n<li>Bremen<\/li>\n<li>Dresden<\/li>\n<li>Frankfurt<\/li>\n<li>Hannover<\/li>\n<li>Hamburg<\/li>\n<li>Karlsruhe &#8211; K\u00f6ln<\/li>\n<li>Leipzig<\/li>\n<li>N\u00fcrnberg<\/li>\n<li>M\u00fcnchen<\/li>\n<li>Stuttgart<\/li>\n<li>W\u00fcrzburg<\/li>\n<\/ul>\n<\/div><\/section><\/div>\n<style type=\"text\/css\" data-created_by=\"avia_inline_auto\" id=\"style-css-av-cr877-600b9aa6e33dbb14e5a1ca6127ea518d\">\n.flex_column.av-cr877-600b9aa6e33dbb14e5a1ca6127ea518d{\nborder-radius:0px 0px 0px 0px;\npadding:0px 0px 0px 0px;\n}\n<\/style>\n<div  class='flex_column av-cr877-600b9aa6e33dbb14e5a1ca6127ea518d av_one_third  avia-builder-el-18  el_after_av_one_third  el_before_av_one_third  flex_column_div av-zero-column-padding  '     ><section  class='av_textblock_section av-kfdpmola-7d441f638f1633f99b07d6928645beae '   itemscope=\"itemscope\" itemtype=\"https:\/\/schema.org\/CreativeWork\" ><div class='avia_textblock'  itemprop=\"text\" ><h3><strong>FRANSA <\/strong><\/h3>\n<p>Stagehands.fr<\/p>\n<p>10 rue de Madagascar<br \/>\n75012 Paris<br \/>\nFrankreich<\/p>\n<p>Telefon<br \/>\n+33 1 87 17 34 35<\/p>\n<p><a href=\"mailto:mail@stagehands.net\">mail@stagehands.net<\/a><\/p>\n<p><strong>Di\u011fer Fransa Temsilcilikleri<\/strong><\/p>\n<ul>\n<li>Toulouse<\/li>\n<li>Cannes<\/li>\n<li>Marseille<\/li>\n<li>Le Mans &#8211; Rennes<\/li>\n<li>Bordeaux<\/li>\n<li>Lyon<\/li>\n<li>Nantes<\/li>\n<\/ul>\n<h3><strong>JAPONYA<\/strong><\/h3>\n<p>Stagehands.jp<br \/>\nKoishikawa 5-39-2-407 Bunkyo-ku ,<br \/>\nTokyo 112-0002 Japan<\/p>\n<p>Uluslararas\u0131 \u00c7a\u011fr\u0131 Merkezi<br \/>\n+800 44 22 88 00\u00a0(\u00dccretsiz)<\/p>\n<p><a href=\"mailto:mail@stagehands.net\">mail@stagehands.net<\/a><\/p>\n<ul>\n<li>I\u015f\u0131k Tasar\u0131m ve Uygulama<\/li>\n<li>Sahne ve Etkinlik Prod\u00fcksiyon Hizmetleri<\/li>\n<li>Almanca-Japonca-\u0130ngilizce Teknik \u00c7evirmen<\/li>\n<\/ul>\n<\/div><\/section><\/div>\n<style type=\"text\/css\" data-created_by=\"avia_inline_auto\" id=\"style-css-av-aa1jv-504936c085d98f318fecc6ebba250b29\">\n.flex_column.av-aa1jv-504936c085d98f318fecc6ebba250b29{\nborder-radius:0px 0px 0px 0px;\npadding:0px 0px 0px 0px;\n}\n<\/style>\n<div  class='flex_column av-aa1jv-504936c085d98f318fecc6ebba250b29 av_one_third  avia-builder-el-20  el_after_av_one_third  avia-builder-el-last  flex_column_div av-zero-column-padding  '     ><section  class='av_textblock_section av-kfdpo9gj-8154856128c03666baa44a44fba10712 '   itemscope=\"itemscope\" itemtype=\"https:\/\/schema.org\/CreativeWork\" ><div class='avia_textblock'  itemprop=\"text\" ><h3><strong>YUNAN\u0130STAN <\/strong><\/h3>\n<p>Stagehands.net<br \/>\nKnossou<br \/>\nKallithea<br \/>\n1765 Athens<br \/>\nGreece<\/p>\n<p>Uluslararas\u0131 \u00c7a\u011fr\u0131 Merkezi<br \/>\n+800 44 22 88 00\u00a0(\u00dccretsiz)<\/p>\n<p><a href=\"mailto:mail@stagehands.net\">mail@stagehands.net<\/a><\/p>\n<div class=\"widget-pane-section-header-title\">\n<h3><strong>T\u00dcRK\u0130YE <\/strong><\/h3>\n<p>Stagehands.com.tr<br \/>\nYakomoz Sitesi A2D11<br \/>\nDar\u00fc\u015f\u015fafaka<br \/>\n34457 Sar\u0131yer\/\u0130stanbul<br \/>\nT\u00fcrkiye<\/p>\n<p>+800 44 22 88 00\u00a0(\u00dccretsiz)<\/p>\n<\/div>\n<p><a href=\"mailto:mail@stagehands.net\">mail@stagehands.net<\/a><\/p>\n<h3><strong>ULUSLARARASI<\/strong><\/h3>\n<p><strong>Uluslararas\u0131 ortakl\u0131klar<\/strong><\/p>\n<p>Yurtd\u0131\u015f\u0131 turne ve projeleriniz i\u00e7in ileti\u015fime ge\u00e7iniz<\/p>\n<ul>\n<li>Afrika<\/li>\n<li>Asya<\/li>\n<li>Avustralya<\/li>\n<li>Avrupa<\/li>\n<li>Kuzey Amerika\u00a0(ABD\u00a0ve Kanada)<\/li>\n<li>Rusya<\/li>\n<li>G\u00fcney Amerika<\/li>\n<\/ul>\n<p>Uluslararas\u0131 \u00c7a\u011fr\u0131 Merkezi<br \/>\n+800 44 22 88 00\u00a0(\u00dccretsiz)<\/p>\n<\/div><\/section><\/div>\n","protected":false},"excerpt":{"rendered":"","protected":false},"author":1,"featured_media":0,"parent":0,"menu_order":0,"comment_status":"closed","ping_status":"closed","template":"","meta":{"footnotes":""},"class_list":["post-731","page","type-page","status-publish","hentry"],"yoast_head":"<!-- This site is optimized with the Yoast SEO Premium plugin v22.1 (Yoast SEO v26.7) - https:\/\/yoast.com\/wordpress\/plugins\/seo\/ -->\n<title>\u0130leti\u015fim - Stagehands.net<\/title>\n<meta name=\"robots\" content=\"index, follow, max-snippet:-1, max-image-preview:large, max-video-preview:-1\" \/>\n<link rel=\"canonical\" href=\"https:\/\/stagehands.net\/tr\/kontakt\/\" \/>\n<meta property=\"og:locale\" content=\"tr_TR\" \/>\n<meta property=\"og:type\" content=\"article\" \/>\n<meta property=\"og:title\" content=\"\u0130leti\u015fim\" \/>\n<meta property=\"og:url\" content=\"https:\/\/stagehands.net\/tr\/kontakt\/\" \/>\n<meta property=\"og:site_name\" content=\"Stagehands.net\" \/>\n<meta property=\"article:publisher\" content=\"https:\/\/www.facebook.com\/Stagehands.net\" \/>\n<meta property=\"article:modified_time\" content=\"2025-07-24T09:18:29+00:00\" \/>\n<meta name=\"twitter:card\" content=\"summary_large_image\" \/>\n<meta name=\"twitter:label1\" content=\"Est. reading time\" \/>\n\t<meta name=\"twitter:data1\" content=\"2 minutes\" \/>\n<script type=\"application\/ld+json\" class=\"yoast-schema-graph\">{\"@context\":\"https:\/\/schema.org\",\"@graph\":[{\"@type\":\"WebPage\",\"@id\":\"https:\/\/stagehands.net\/tr\/kontakt\/\",\"url\":\"https:\/\/stagehands.net\/tr\/kontakt\/\",\"name\":\"\u0130leti\u015fim - Stagehands.net\",\"isPartOf\":{\"@id\":\"https:\/\/stagehands.net\/en\/#website\"},\"datePublished\":\"2016-05-12T07:06:28+00:00\",\"dateModified\":\"2025-07-24T09:18:29+00:00\",\"breadcrumb\":{\"@id\":\"https:\/\/stagehands.net\/tr\/kontakt\/#breadcrumb\"},\"inLanguage\":\"tr\",\"potentialAction\":[{\"@type\":\"ReadAction\",\"target\":[\"https:\/\/stagehands.net\/tr\/kontakt\/\"]}]},{\"@type\":\"BreadcrumbList\",\"@id\":\"https:\/\/stagehands.net\/tr\/kontakt\/#breadcrumb\",\"itemListElement\":[{\"@type\":\"ListItem\",\"position\":1,\"name\":\"Startseite\",\"item\":\"https:\/\/stagehands.net\/tr\/\"},{\"@type\":\"ListItem\",\"position\":2,\"name\":\"\u0130leti\u015fim\"}]},{\"@type\":\"WebSite\",\"@id\":\"https:\/\/stagehands.net\/en\/#website\",\"url\":\"https:\/\/stagehands.net\/en\/\",\"name\":\"Stagehands.net\",\"description\":\"LOKALE EVENT CREW - WELTWEIT\",\"publisher\":{\"@id\":\"https:\/\/stagehands.net\/en\/#organization\"},\"potentialAction\":[{\"@type\":\"SearchAction\",\"target\":{\"@type\":\"EntryPoint\",\"urlTemplate\":\"https:\/\/stagehands.net\/en\/?s={search_term_string}\"},\"query-input\":{\"@type\":\"PropertyValueSpecification\",\"valueRequired\":true,\"valueName\":\"search_term_string\"}}],\"inLanguage\":\"tr\"},{\"@type\":\"Organization\",\"@id\":\"https:\/\/stagehands.net\/en\/#organization\",\"name\":\"Stagehands\",\"url\":\"https:\/\/stagehands.net\/en\/\",\"logo\":{\"@type\":\"ImageObject\",\"inLanguage\":\"tr\",\"@id\":\"https:\/\/stagehands.net\/en\/#\/schema\/logo\/image\/\",\"url\":\"https:\/\/stagehands.net\/wp-content\/uploads\/2020\/09\/Stagehands_klein-e1598948736497.png\",\"contentUrl\":\"https:\/\/stagehands.net\/wp-content\/uploads\/2020\/09\/Stagehands_klein-e1598948736497.png\",\"width\":360,\"height\":86,\"caption\":\"Stagehands\"},\"image\":{\"@id\":\"https:\/\/stagehands.net\/en\/#\/schema\/logo\/image\/\"},\"sameAs\":[\"https:\/\/www.facebook.com\/Stagehands.net\",\"https:\/\/www.linkedin.com\/company\/stagehandsworldwide\"]}]}<\/script>\n<!-- \/ Yoast SEO Premium plugin. -->","yoast_head_json":{"title":"\u0130leti\u015fim - Stagehands.net","robots":{"index":"index","follow":"follow","max-snippet":"max-snippet:-1","max-image-preview":"max-image-preview:large","max-video-preview":"max-video-preview:-1"},"canonical":"https:\/\/stagehands.net\/tr\/kontakt\/","og_locale":"tr_TR","og_type":"article","og_title":"\u0130leti\u015fim","og_url":"https:\/\/stagehands.net\/tr\/kontakt\/","og_site_name":"Stagehands.net","article_publisher":"https:\/\/www.facebook.com\/Stagehands.net","article_modified_time":"2025-07-24T09:18:29+00:00","twitter_card":"summary_large_image","twitter_misc":{"Est. reading time":"2 minutes"},"schema":{"@context":"https:\/\/schema.org","@graph":[{"@type":"WebPage","@id":"https:\/\/stagehands.net\/tr\/kontakt\/","url":"https:\/\/stagehands.net\/tr\/kontakt\/","name":"\u0130leti\u015fim - Stagehands.net","isPartOf":{"@id":"https:\/\/stagehands.net\/en\/#website"},"datePublished":"2016-05-12T07:06:28+00:00","dateModified":"2025-07-24T09:18:29+00:00","breadcrumb":{"@id":"https:\/\/stagehands.net\/tr\/kontakt\/#breadcrumb"},"inLanguage":"tr","potentialAction":[{"@type":"ReadAction","target":["https:\/\/stagehands.net\/tr\/kontakt\/"]}]},{"@type":"BreadcrumbList","@id":"https:\/\/stagehands.net\/tr\/kontakt\/#breadcrumb","itemListElement":[{"@type":"ListItem","position":1,"name":"Startseite","item":"https:\/\/stagehands.net\/tr\/"},{"@type":"ListItem","position":2,"name":"\u0130leti\u015fim"}]},{"@type":"WebSite","@id":"https:\/\/stagehands.net\/en\/#website","url":"https:\/\/stagehands.net\/en\/","name":"Stagehands.net","description":"LOKALE EVENT CREW - WELTWEIT","publisher":{"@id":"https:\/\/stagehands.net\/en\/#organization"},"potentialAction":[{"@type":"SearchAction","target":{"@type":"EntryPoint","urlTemplate":"https:\/\/stagehands.net\/en\/?s={search_term_string}"},"query-input":{"@type":"PropertyValueSpecification","valueRequired":true,"valueName":"search_term_string"}}],"inLanguage":"tr"},{"@type":"Organization","@id":"https:\/\/stagehands.net\/en\/#organization","name":"Stagehands","url":"https:\/\/stagehands.net\/en\/","logo":{"@type":"ImageObject","inLanguage":"tr","@id":"https:\/\/stagehands.net\/en\/#\/schema\/logo\/image\/","url":"https:\/\/stagehands.net\/wp-content\/uploads\/2020\/09\/Stagehands_klein-e1598948736497.png","contentUrl":"https:\/\/stagehands.net\/wp-content\/uploads\/2020\/09\/Stagehands_klein-e1598948736497.png","width":360,"height":86,"caption":"Stagehands"},"image":{"@id":"https:\/\/stagehands.net\/en\/#\/schema\/logo\/image\/"},"sameAs":["https:\/\/www.facebook.com\/Stagehands.net","https:\/\/www.linkedin.com\/company\/stagehandsworldwide"]}]}},"_links":{"self":[{"href":"https:\/\/stagehands.net\/tr\/wp-json\/wp\/v2\/pages\/731","targetHints":{"allow":["GET"]}}],"collection":[{"href":"https:\/\/stagehands.net\/tr\/wp-json\/wp\/v2\/pages"}],"about":[{"href":"https:\/\/stagehands.net\/tr\/wp-json\/wp\/v2\/types\/page"}],"author":[{"embeddable":true,"href":"https:\/\/stagehands.net\/tr\/wp-json\/wp\/v2\/users\/1"}],"replies":[{"embeddable":true,"href":"https:\/\/stagehands.net\/tr\/wp-json\/wp\/v2\/comments?post=731"}],"version-history":[{"count":28,"href":"https:\/\/stagehands.net\/tr\/wp-json\/wp\/v2\/pages\/731\/revisions"}],"predecessor-version":[{"id":18509,"href":"https:\/\/stagehands.net\/tr\/wp-json\/wp\/v2\/pages\/731\/revisions\/18509"}],"wp:attachment":[{"href":"https:\/\/stagehands.net\/tr\/wp-json\/wp\/v2\/media?parent=731"}],"curies":[{"name":"wp","href":"https:\/\/api.w.org\/{rel}","templated":true}]}}